{"id":16568,"date":"2023-11-07T15:42:57","date_gmt":"2023-11-07T15:42:57","guid":{"rendered":"https:\/\/mariswiss.com\/?post_type=product&#038;p=16568"},"modified":"2025-07-11T08:17:35","modified_gmt":"2025-07-11T08:17:35","slug":"element-king-size-slim","status":"publish","type":"product","link":"https:\/\/mariswiss.com\/de\/product\/element-king-size-slim\/","title":{"rendered":"Element King Size Slim"},"content":{"rendered":"<p>Die originalen Element King Size Slim Bl\u00e4tter werden in Spanien nach umweltfreundlichen Standards hergestellt.<br \/>\nDank ihres leichten Gewichts und des innovativen \"verschr\u00e4nkten\" Wasserzeichens brennen diese Papiere sehr nachhaltig!<br \/>\nMit Akaziengummi.<\/p>\n<p>Eine Brosch\u00fcre enth\u00e4lt 32 Bl\u00e4tter (108 x 44 mm).<br \/>\nEine Schachtel enth\u00e4lt 50 Hefte.<\/p>","protected":false},"excerpt":{"rendered":"<p>Die Originalbl\u00e4tter Elements King Size werden in Spanien nach umweltfreundlichen Standards hergestellt.<\/p>\n<p>Dank ihres leichten Gewichts und des innovativen \"verschr\u00e4nkten\" Wasserzeichens brennen diese Papiere sehr nachhaltig!<br \/>\nMit Akaziengummi.<\/p>\n<ul>\n<li>Eine Brosch\u00fcre enth\u00e4lt 32 Bl\u00e4tter (108 x 44 mm).<\/li>\n<li>Gewicht: 14g\/qm2<\/li>\n<li>Eine Schachtel enth\u00e4lt 50 Hefte.<\/li>\n<\/ul>","protected":false},"featured_media":16569,"comment_status":"open","ping_status":"closed","template":"","meta":{"inline_featured_image":false},"product_cat":[15,366,369],"product_tag":[217],"class_list":{"0":"post-16568","1":"product","2":"type-product","3":"status-publish","4":"has-post-thumbnail","6":"product_cat-uncategorized","7":"product_cat-accessoires","8":"product_cat-feuilles-a-rouler","9":"product_tag-feuilles","11":"first","12":"instock","13":"taxable","14":"shipping-taxable","15":"purchasable","16":"product-type-simple"},"jetpack_sharing_enabled":true,"_links":{"self":[{"href":"https:\/\/mariswiss.com\/de\/wp-json\/wp\/v2\/product\/16568","targetHints":{"allow":["GET"]}}],"collection":[{"href":"https:\/\/mariswiss.com\/de\/wp-json\/wp\/v2\/product"}],"about":[{"href":"https:\/\/mariswiss.com\/de\/wp-json\/wp\/v2\/types\/product"}],"replies":[{"embeddable":true,"href":"https:\/\/mariswiss.com\/de\/wp-json\/wp\/v2\/comments?post=16568"}],"wp:featuredmedia":[{"embeddable":true,"href":"https:\/\/mariswiss.com\/de\/wp-json\/wp\/v2\/media\/16569"}],"wp:attachment":[{"href":"https:\/\/mariswiss.com\/de\/wp-json\/wp\/v2\/media?parent=16568"}],"wp:term":[{"taxonomy":"product_cat","embeddable":true,"href":"https:\/\/mariswiss.com\/de\/wp-json\/wp\/v2\/product_cat?post=16568"},{"taxonomy":"product_tag","embeddable":true,"href":"https:\/\/mariswiss.com\/de\/wp-json\/wp\/v2\/product_tag?post=16568"}],"curies":[{"name":"wp","href":"https:\/\/api.w.org\/{rel}","templated":true}]}}