{"id":16800,"date":"2023-11-23T15:31:39","date_gmt":"2023-11-23T15:31:39","guid":{"rendered":"https:\/\/mariswiss.com\/?post_type=product&#038;p=16800"},"modified":"2026-04-17T09:04:09","modified_gmt":"2026-04-17T09:04:09","slug":"hash-marocain-hhcpo","status":"publish","type":"product","link":"https:\/\/mariswiss.com\/de\/product\/hash-marocain-hhcpo\/","title":{"rendered":"Marokkanisches Hash - INDOOR"},"content":{"rendered":"","protected":false},"excerpt":{"rendered":"<p><strong>MAROKKANISCHES HASH - INDOOR<\/strong><\/p>\n<p>Entdecken oder wiederentdecken <strong>marokkanisches Hasch<\/strong>wie damals! Dieser Klassiker kehrt mit seinen authentischen Aromen und einem garantierten Effekt zur\u00fcck.<\/p>\n<ul>\n<li>Herkunft: Sorgf\u00e4ltig im malerischen Kanton Wallis in der Schweiz aus in Innenr\u00e4umen gez\u00fcchteten Blumen hergestellt.<\/li>\n<li>Aussehen: Ein tiefschwarzes Harz mit einer herrlich geschmeidigen und cremigen Textur, das eine un\u00fcbertroffene Benutzerfreundlichkeit bietet.<\/li>\n<li>Duft\/Geschmack: Wie jedes gute Hasch verstr\u00f6mt es einen unverwechselbaren erdigen Duft. Bei der Verkostung rundet sein s\u00fc\u00dfer Geschmack das Erlebnis ab und f\u00fcgt eine subtile und angenehme Note hinzu.<\/li>\n<li>Effekte: Ein bemerkenswerter Anteil von 25%++ CBD verleiht diesem Harz eine au\u00dfergew\u00f6hnliche Potenz. Ein Produkt von h\u00f6chster Qualit\u00e4t, das dich zu deinen Wurzeln zur\u00fcckbringt, f\u00fcr ein unvergessliches Entspannungserlebnis.<\/li>\n<\/ul>","protected":false},"featured_media":19548,"comment_status":"open","ping_status":"closed","template":"","meta":{"inline_featured_image":false},"product_cat":[15,352,357,360,362],"product_tag":[244,76],"class_list":{"0":"post-16800","1":"product","2":"type-product","3":"status-publish","4":"has-post-thumbnail","6":"product_brand-mari-swiss","7":"product_cat-uncategorized","8":"product_cat-cbd","9":"product_cat-resines-de-cbd","10":"product_cat-thcp","11":"product_cat-resines-de-thcp","12":"product_tag-hash","13":"product_tag-indoor","15":"first","16":"instock","17":"sale","18":"taxable","19":"shipping-taxable","20":"purchasable","21":"product-type-variable","22":"has-default-attributes"},"jetpack_sharing_enabled":true,"_links":{"self":[{"href":"https:\/\/mariswiss.com\/de\/wp-json\/wp\/v2\/product\/16800","targetHints":{"allow":["GET"]}}],"collection":[{"href":"https:\/\/mariswiss.com\/de\/wp-json\/wp\/v2\/product"}],"about":[{"href":"https:\/\/mariswiss.com\/de\/wp-json\/wp\/v2\/types\/product"}],"replies":[{"embeddable":true,"href":"https:\/\/mariswiss.com\/de\/wp-json\/wp\/v2\/comments?post=16800"}],"wp:featuredmedia":[{"embeddable":true,"href":"https:\/\/mariswiss.com\/de\/wp-json\/wp\/v2\/media\/19548"}],"wp:attachment":[{"href":"https:\/\/mariswiss.com\/de\/wp-json\/wp\/v2\/media?parent=16800"}],"wp:term":[{"taxonomy":"product_cat","embeddable":true,"href":"https:\/\/mariswiss.com\/de\/wp-json\/wp\/v2\/product_cat?post=16800"},{"taxonomy":"product_tag","embeddable":true,"href":"https:\/\/mariswiss.com\/de\/wp-json\/wp\/v2\/product_tag?post=16800"}],"curies":[{"name":"wp","href":"https:\/\/api.w.org\/{rel}","templated":true}]}}