{"id":17380,"date":"2024-02-01T16:15:57","date_gmt":"2024-02-01T16:15:57","guid":{"rendered":"https:\/\/mariswiss.com\/?post_type=product&#038;p=17380"},"modified":"2026-04-17T09:04:06","modified_gmt":"2026-04-17T09:04:06","slug":"frosty-cake-cbd","status":"publish","type":"product","link":"https:\/\/mariswiss.com\/de\/product\/frosty-cake-cbd\/","title":{"rendered":"Frosty Cake CBD"},"content":{"rendered":"<p><span style=\"text-decoration: underline;\"><strong>FROSTY CAKE CBD<\/strong><\/span><\/p>\n<p>Die Frosty Cake CBD ist unser Neuzugang in unserem CBD-Katalog. Sie ist eine Cryo-Bl\u00fcte, also sehr hell und ausladend, und wird in Form von sehr gro\u00dfen Weed-K\u00f6pfen pr\u00e4sentiert.<\/p>\n<p>Sie wird Ihnen mit Sicherheit gefallen, da sie Sie an eine nat\u00fcrliche, holzige Blume erinnert.<\/p>\n<p>Ein Muss f\u00fcr Kenner guter CBD-Produkte, das man sich nicht entgehen lassen sollte<\/p>","protected":false},"excerpt":{"rendered":"<p><span style=\"text-decoration: underline;\"><strong>FROSTY CAKE CBD<\/strong><\/span><\/p>\n<ul>\n<li>Herkunft: Die Frosty Cake CBD ist eine wundersch\u00f6ne Blume, die in Gew\u00e4chsh\u00e4usern in der franz\u00f6sischen Schweiz angebaut wird. Sie hat eine sehr helle gr\u00fcne Farbe, die auf den Anbau in Halbhydroponik zur\u00fcckzuf\u00fchren ist.<\/li>\n<li>Aussehen: Sehr gro\u00dfe, flockige Buds, die sich leicht zerbr\u00f6seln lassen.<\/li>\n<li>Duft\/Geschmack: Eine Blume mit einem sehr nat\u00fcrlichen und holzigen Geruch. Sie wird Liebhabern von sehr blumigen und erdigen Blumen sehr gefallen.<\/li>\n<li>CBD-Gehalt: 13% CBD f\u00fcr diese Greenhouse-Blume von sehr guter Qualit\u00e4t<\/li>\n<\/ul>","protected":false},"featured_media":20086,"comment_status":"open","ping_status":"closed","template":"","meta":{"inline_featured_image":false},"product_cat":[352,353,355],"product_tag":[220,227],"class_list":{"0":"post-17380","1":"product","2":"type-product","3":"status-publish","4":"has-post-thumbnail","6":"product_brand-mari-swiss","7":"product_cat-cbd","8":"product_cat-fleurs-de-cbd","9":"product_cat-greenhouse","10":"product_tag-fleurs-cbd","11":"product_tag-greenhouse","13":"first","14":"instock","15":"sale","16":"taxable","17":"shipping-taxable","18":"purchasable","19":"product-type-variable","20":"has-default-attributes"},"jetpack_sharing_enabled":true,"_links":{"self":[{"href":"https:\/\/mariswiss.com\/de\/wp-json\/wp\/v2\/product\/17380","targetHints":{"allow":["GET"]}}],"collection":[{"href":"https:\/\/mariswiss.com\/de\/wp-json\/wp\/v2\/product"}],"about":[{"href":"https:\/\/mariswiss.com\/de\/wp-json\/wp\/v2\/types\/product"}],"replies":[{"embeddable":true,"href":"https:\/\/mariswiss.com\/de\/wp-json\/wp\/v2\/comments?post=17380"}],"wp:featuredmedia":[{"embeddable":true,"href":"https:\/\/mariswiss.com\/de\/wp-json\/wp\/v2\/media\/20086"}],"wp:attachment":[{"href":"https:\/\/mariswiss.com\/de\/wp-json\/wp\/v2\/media?parent=17380"}],"wp:term":[{"taxonomy":"product_cat","embeddable":true,"href":"https:\/\/mariswiss.com\/de\/wp-json\/wp\/v2\/product_cat?post=17380"},{"taxonomy":"product_tag","embeddable":true,"href":"https:\/\/mariswiss.com\/de\/wp-json\/wp\/v2\/product_tag?post=17380"}],"curies":[{"name":"wp","href":"https:\/\/api.w.org\/{rel}","templated":true}]}}