{"id":17535,"date":"2024-03-15T08:16:58","date_gmt":"2024-03-15T08:16:58","guid":{"rendered":"https:\/\/mariswiss.com\/?post_type=product&#038;p=17535"},"modified":"2025-07-11T08:17:01","modified_gmt":"2025-07-11T08:17:01","slug":"kushberry-thcp","status":"publish","type":"product","link":"https:\/\/mariswiss.com\/de\/product\/kushberry-thcp\/","title":{"rendered":"Kushberry - Greenhouse"},"content":{"rendered":"","protected":false},"excerpt":{"rendered":"<p><strong>Kushberry THCP - Greenhouse<\/strong><\/p>\n<p>Entdecken Sie KushBerry Greenhouse, die neueste Perle unserer THCP-Kollektion, in der jede der majest\u00e4tischen Bl\u00fcten zwischen 1 und 3 cm gro\u00df ist.<\/p>\n<ul>\n<li>Herkunft: Angebaut in der Schweiz im Kanton Waadt.<\/li>\n<li>Aussehen: Diese Sorte zeichnet sich durch ihre Frische und Leichtigkeit aus und bietet eine luftige Struktur, die ihren charakteristischen orangefarbenen Schimmer hervorhebt.<\/li>\n<li>Geruch\/Geschmack: Beim Verbrennen werden die f\u00fcr diese Sorte typischen s\u00fc\u00dfen und fruchtigen Aromen freigesetzt, die f\u00fcr ein bet\u00f6rendes sensorisches Erlebnis sorgen.<\/li>\n<li>CBD-Anteil \/ Effekte: Angereichert mit 18% CBD+, erweist sich KushBerry Greenhouse als robuste Option. Seine St\u00e4rke wird von tiefer Entspannung und einer exquisiten Geschmackspalette begleitet und verspricht makellosen Genuss bei jedem Gebrauch.<\/li>\n<\/ul>","protected":false},"featured_media":17541,"comment_status":"open","ping_status":"closed","template":"","meta":{"inline_featured_image":false},"product_cat":[361],"product_tag":[227],"class_list":{"0":"post-17535","1":"product","2":"type-product","3":"status-publish","4":"has-post-thumbnail","6":"product_brand-mari-swiss","7":"product_cat-fleurs-de-thcp","8":"product_tag-greenhouse","10":"first","11":"outofstock","12":"sale","13":"taxable","14":"shipping-taxable","15":"purchasable","16":"product-type-variable"},"jetpack_sharing_enabled":true,"_links":{"self":[{"href":"https:\/\/mariswiss.com\/de\/wp-json\/wp\/v2\/product\/17535","targetHints":{"allow":["GET"]}}],"collection":[{"href":"https:\/\/mariswiss.com\/de\/wp-json\/wp\/v2\/product"}],"about":[{"href":"https:\/\/mariswiss.com\/de\/wp-json\/wp\/v2\/types\/product"}],"replies":[{"embeddable":true,"href":"https:\/\/mariswiss.com\/de\/wp-json\/wp\/v2\/comments?post=17535"}],"wp:featuredmedia":[{"embeddable":true,"href":"https:\/\/mariswiss.com\/de\/wp-json\/wp\/v2\/media\/17541"}],"wp:attachment":[{"href":"https:\/\/mariswiss.com\/de\/wp-json\/wp\/v2\/media?parent=17535"}],"wp:term":[{"taxonomy":"product_cat","embeddable":true,"href":"https:\/\/mariswiss.com\/de\/wp-json\/wp\/v2\/product_cat?post=17535"},{"taxonomy":"product_tag","embeddable":true,"href":"https:\/\/mariswiss.com\/de\/wp-json\/wp\/v2\/product_tag?post=17535"}],"curies":[{"name":"wp","href":"https:\/\/api.w.org\/{rel}","templated":true}]}}