{"id":17897,"date":"2024-04-10T12:54:48","date_gmt":"2024-04-10T12:54:48","guid":{"rendered":"https:\/\/mariswiss.com\/?post_type=product&#038;p=17897"},"modified":"2025-07-15T15:51:27","modified_gmt":"2025-07-15T15:51:27","slug":"voyageur-cbd-indoor","status":"publish","type":"product","link":"https:\/\/mariswiss.com\/de\/product\/voyageur-cbd-indoor\/","title":{"rendered":"Traveller CBD Indoor"},"content":{"rendered":"","protected":false},"excerpt":{"rendered":"<p><strong>Traveller CBD Indoor<\/strong><\/p>\n<ul>\n<li>\n<div>Herkunft: Diese Sorte wird im Kanton Freiburg in der Schweiz angebaut.<\/div>\n<\/li>\n<li>\n<div>Aussehen: Sie hat gro\u00dfe, hellgr\u00fcne, kompakte Buds, die reich an Pollen sind und sich daher leicht klebrig anf\u00fchlen.<\/div>\n<div><\/div>\n<\/li>\n<li>\n<div>Geruch\/Geschmack: Der Duft ist w\u00fcrzig mit leicht fruchtigen Noten. Beim Verzehr hinterl\u00e4sst er einen s\u00fc\u00dfen und angenehmen Geschmack.<\/div>\n<\/li>\n<li>\n<div>CBD-Gehalt \/ Wirkung : Mit einem CBD-Gehalt von 25% ist diese Bl\u00fcte relativ stark und garantiert eine tiefe und lang anhaltende Entspannung.<\/div>\n<\/li>\n<\/ul>","protected":false},"featured_media":17903,"comment_status":"open","ping_status":"closed","template":"","meta":{"inline_featured_image":false},"product_cat":[353,354],"product_tag":[220,76],"class_list":{"0":"post-17897","1":"product","2":"type-product","3":"status-publish","4":"has-post-thumbnail","6":"product_brand-mari-swiss","7":"product_cat-fleurs-de-cbd","8":"product_cat-indoor","9":"product_tag-fleurs-cbd","10":"product_tag-indoor","12":"first","13":"instock","14":"sale","15":"taxable","16":"shipping-taxable","17":"purchasable","18":"product-type-variable","19":"has-default-attributes"},"jetpack_sharing_enabled":true,"_links":{"self":[{"href":"https:\/\/mariswiss.com\/de\/wp-json\/wp\/v2\/product\/17897","targetHints":{"allow":["GET"]}}],"collection":[{"href":"https:\/\/mariswiss.com\/de\/wp-json\/wp\/v2\/product"}],"about":[{"href":"https:\/\/mariswiss.com\/de\/wp-json\/wp\/v2\/types\/product"}],"replies":[{"embeddable":true,"href":"https:\/\/mariswiss.com\/de\/wp-json\/wp\/v2\/comments?post=17897"}],"wp:featuredmedia":[{"embeddable":true,"href":"https:\/\/mariswiss.com\/de\/wp-json\/wp\/v2\/media\/17903"}],"wp:attachment":[{"href":"https:\/\/mariswiss.com\/de\/wp-json\/wp\/v2\/media?parent=17897"}],"wp:term":[{"taxonomy":"product_cat","embeddable":true,"href":"https:\/\/mariswiss.com\/de\/wp-json\/wp\/v2\/product_cat?post=17897"},{"taxonomy":"product_tag","embeddable":true,"href":"https:\/\/mariswiss.com\/de\/wp-json\/wp\/v2\/product_tag?post=17897"}],"curies":[{"name":"wp","href":"https:\/\/api.w.org\/{rel}","templated":true}]}}