{"id":18082,"date":"2024-05-03T09:48:37","date_gmt":"2024-05-03T09:48:37","guid":{"rendered":"https:\/\/mariswiss.com\/?post_type=product&#038;p=18082"},"modified":"2025-07-15T15:51:09","modified_gmt":"2025-07-15T15:51:09","slug":"swiss-premium-black-hash-bio-cbd","status":"publish","type":"product","link":"https:\/\/mariswiss.com\/de\/product\/swiss-premium-black-hash-bio-cbd\/","title":{"rendered":"Swiss Premium Black Hash BIO CBD"},"content":{"rendered":"","protected":false},"excerpt":{"rendered":"<div style=\"text-align: left;\">\n<p><strong>Swiss Premium Black Hash BIO<\/strong><\/p>\n<ul>\n<li>Herkunft: Swiss Premium Black Hash BIO wird im Kanton Bern in der Schweiz hergestellt, wo hochwertige Blumen in Innenr\u00e4umen nach den Grunds\u00e4tzen des biologischen Landbaus angebaut werden.<\/li>\n<li>Aussehen: Das Harz ist kompakt und leicht \u00f6lig, was es sehr einfach zu handhaben und optimal zu verwenden macht.<\/li>\n<li>Geruch\/Geschmack: Dieses Haschisch hat einen ausgepr\u00e4gten Geschmack und bietet ein intensives aromatisches Erlebnis, das Liebhaber von authentischem Harz mit einem ausgepr\u00e4gten Charakter begeistern wird.<\/li>\n<li>CBD Anteil \/ Wirkung: Enth\u00e4lt 30% CBD. Dieses Hasch ist vor allem entspannend und dank seiner Eigenschaften aus hochwertigen BIO-Bl\u00fcten ideal f\u00fcr alle, die eine tiefe Entspannung suchen. Ein Muss f\u00fcr Kenner auf der Suche nach einem au\u00dfergew\u00f6hnlichen Erlebnis.<\/li>\n<\/ul>\n<\/div>","protected":false},"featured_media":18055,"comment_status":"open","ping_status":"closed","template":"","meta":{"inline_featured_image":false},"product_cat":[352,357],"product_tag":[],"class_list":{"0":"post-18082","1":"product","2":"type-product","3":"status-publish","4":"has-post-thumbnail","6":"product_brand-mari-swiss","7":"product_cat-cbd","8":"product_cat-resines-de-cbd","10":"first","11":"instock","12":"sale","13":"taxable","14":"shipping-taxable","15":"purchasable","16":"product-type-variable"},"jetpack_sharing_enabled":true,"_links":{"self":[{"href":"https:\/\/mariswiss.com\/de\/wp-json\/wp\/v2\/product\/18082","targetHints":{"allow":["GET"]}}],"collection":[{"href":"https:\/\/mariswiss.com\/de\/wp-json\/wp\/v2\/product"}],"about":[{"href":"https:\/\/mariswiss.com\/de\/wp-json\/wp\/v2\/types\/product"}],"replies":[{"embeddable":true,"href":"https:\/\/mariswiss.com\/de\/wp-json\/wp\/v2\/comments?post=18082"}],"wp:featuredmedia":[{"embeddable":true,"href":"https:\/\/mariswiss.com\/de\/wp-json\/wp\/v2\/media\/18055"}],"wp:attachment":[{"href":"https:\/\/mariswiss.com\/de\/wp-json\/wp\/v2\/media?parent=18082"}],"wp:term":[{"taxonomy":"product_cat","embeddable":true,"href":"https:\/\/mariswiss.com\/de\/wp-json\/wp\/v2\/product_cat?post=18082"},{"taxonomy":"product_tag","embeddable":true,"href":"https:\/\/mariswiss.com\/de\/wp-json\/wp\/v2\/product_tag?post=18082"}],"curies":[{"name":"wp","href":"https:\/\/api.w.org\/{rel}","templated":true}]}}