{"id":18088,"date":"2024-05-03T09:49:49","date_gmt":"2024-05-03T09:49:49","guid":{"rendered":"https:\/\/mariswiss.com\/?post_type=product&#038;p=18088"},"modified":"2025-07-15T15:50:47","modified_gmt":"2025-07-15T15:50:47","slug":"swiss-premium-brown-hash-bio-cbd","status":"publish","type":"product","link":"https:\/\/mariswiss.com\/de\/product\/swiss-premium-brown-hash-bio-cbd\/","title":{"rendered":"Swiss Premium Brown Hash BIO CBD"},"content":{"rendered":"","protected":false},"excerpt":{"rendered":"<div style=\"text-align: left;\">\n<p><strong>Swiss Premium Black Hash BIO<\/strong><\/p>\n<ul>\n<li>Herkunft: Swiss Premium Brown Hash BIO wird im Kanton Bern in der Schweiz hergestellt, wo hochwertige Blumen in Innenr\u00e4umen nach den Grunds\u00e4tzen des biologischen Landbaus angebaut werden.<\/li>\n<li>Aussehen: Dieses Harz hat eine leicht dunkelbraune Farbe, ist halbweich und sehr praktisch in der Anwendung. Es bietet die Bequemlichkeit, dass die Finger nicht schmutzig werden, was es zu einer idealen Wahl f\u00fcr eine einfache und saubere Anwendung macht.<\/li>\n<li>Geruch \/ Geschmack: Mit einem Geschmack versehen <span style=\"font-size: 14.4px;\">s\u00fc\u00df.<\/span><\/li>\n<li>CBD Anteil \/ Wirkung: Enth\u00e4lt 29% CBD. Mit einem CBD-Gehalt von 27% sorgt Swiss Premium Brown Hash BIO f\u00fcr eine tiefe Entspannung. Es ist ein perfektes Harz f\u00fcr diejenigen, die sich entspannen und gleichzeitig ein Produkt mit einem unverwechselbaren Geschmack genie\u00dfen wollen.<\/li>\n<\/ul>\n<\/div>","protected":false},"featured_media":18054,"comment_status":"open","ping_status":"closed","template":"","meta":{"inline_featured_image":false},"product_cat":[352,357],"product_tag":[],"class_list":{"0":"post-18088","1":"product","2":"type-product","3":"status-publish","4":"has-post-thumbnail","6":"product_brand-mari-swiss","7":"product_cat-cbd","8":"product_cat-resines-de-cbd","10":"first","11":"instock","12":"sale","13":"taxable","14":"shipping-taxable","15":"purchasable","16":"product-type-variable"},"jetpack_sharing_enabled":true,"_links":{"self":[{"href":"https:\/\/mariswiss.com\/de\/wp-json\/wp\/v2\/product\/18088","targetHints":{"allow":["GET"]}}],"collection":[{"href":"https:\/\/mariswiss.com\/de\/wp-json\/wp\/v2\/product"}],"about":[{"href":"https:\/\/mariswiss.com\/de\/wp-json\/wp\/v2\/types\/product"}],"replies":[{"embeddable":true,"href":"https:\/\/mariswiss.com\/de\/wp-json\/wp\/v2\/comments?post=18088"}],"wp:featuredmedia":[{"embeddable":true,"href":"https:\/\/mariswiss.com\/de\/wp-json\/wp\/v2\/media\/18054"}],"wp:attachment":[{"href":"https:\/\/mariswiss.com\/de\/wp-json\/wp\/v2\/media?parent=18088"}],"wp:term":[{"taxonomy":"product_cat","embeddable":true,"href":"https:\/\/mariswiss.com\/de\/wp-json\/wp\/v2\/product_cat?post=18088"},{"taxonomy":"product_tag","embeddable":true,"href":"https:\/\/mariswiss.com\/de\/wp-json\/wp\/v2\/product_tag?post=18088"}],"curies":[{"name":"wp","href":"https:\/\/api.w.org\/{rel}","templated":true}]}}