{"id":18296,"date":"2024-05-27T14:17:18","date_gmt":"2024-05-27T14:17:18","guid":{"rendered":"https:\/\/mariswiss.com\/?post_type=product&#038;p=18296"},"modified":"2025-07-11T08:16:26","modified_gmt":"2025-07-11T08:16:26","slug":"ocb-bamboo-king-size-slim-papers-100-bamboo","status":"publish","type":"product","link":"https:\/\/mariswiss.com\/de\/product\/ocb-bamboo-king-size-slim-papers-100-bamboo\/","title":{"rendered":"OCB BAMBOO KING SIZE SLIM PAPERS - 100% BAMBOO"},"content":{"rendered":"","protected":false},"excerpt":{"rendered":"<h2>OCB BAMBOO KING SIZE SLIM PAPERS<\/h2>\n<p>OCB pr\u00e4sentiert hier Zigarettenbl\u00e4ttchen, die aus 100 % Bambus hergestellt werden!<\/p>\n<p>Bambus geh\u00f6rt zu den schnell nachwachsenden Rohstoffen und das daraus hergestellte Papier zeichnet sich ebenfalls durch seine Flexibilit\u00e4t und Rei\u00dffestigkeit aus. Jedes B\u00fcchlein enth\u00e4lt 32 ungebleichte, ultrad\u00fcnne Bambusbl\u00e4tter, die gleichm\u00e4\u00dfig abbrennen. Dieses Produkt ist vegan und wurde in Frankreich hergestellt.<\/p>\n<p>In K\u00fcrze:<\/p>\n<ul>\n<li>Blattgr\u00f6\u00dfe: 44 x 109 mm<\/li>\n<li>Nicht gebleicht und ohne Farbstoffe<\/li>\n<li>32 Bl\u00e4tter pro Heft<\/li>\n<li>50 Hefte pro Box<\/li>\n<\/ul>","protected":false},"featured_media":18297,"comment_status":"open","ping_status":"closed","template":"","meta":{"inline_featured_image":false},"product_cat":[366,369],"product_tag":[217],"class_list":{"0":"post-18296","1":"product","2":"type-product","3":"status-publish","4":"has-post-thumbnail","6":"product_brand-ocb","7":"product_cat-accessoires","8":"product_cat-feuilles-a-rouler","9":"product_tag-feuilles","11":"first","12":"instock","13":"taxable","14":"shipping-taxable","15":"purchasable","16":"product-type-simple"},"jetpack_sharing_enabled":true,"_links":{"self":[{"href":"https:\/\/mariswiss.com\/de\/wp-json\/wp\/v2\/product\/18296","targetHints":{"allow":["GET"]}}],"collection":[{"href":"https:\/\/mariswiss.com\/de\/wp-json\/wp\/v2\/product"}],"about":[{"href":"https:\/\/mariswiss.com\/de\/wp-json\/wp\/v2\/types\/product"}],"replies":[{"embeddable":true,"href":"https:\/\/mariswiss.com\/de\/wp-json\/wp\/v2\/comments?post=18296"}],"wp:featuredmedia":[{"embeddable":true,"href":"https:\/\/mariswiss.com\/de\/wp-json\/wp\/v2\/media\/18297"}],"wp:attachment":[{"href":"https:\/\/mariswiss.com\/de\/wp-json\/wp\/v2\/media?parent=18296"}],"wp:term":[{"taxonomy":"product_cat","embeddable":true,"href":"https:\/\/mariswiss.com\/de\/wp-json\/wp\/v2\/product_cat?post=18296"},{"taxonomy":"product_tag","embeddable":true,"href":"https:\/\/mariswiss.com\/de\/wp-json\/wp\/v2\/product_tag?post=18296"}],"curies":[{"name":"wp","href":"https:\/\/api.w.org\/{rel}","templated":true}]}}