{"id":18370,"date":"2024-05-31T13:02:57","date_gmt":"2024-05-31T13:02:57","guid":{"rendered":"https:\/\/mariswiss.com\/?post_type=product&#038;p=18370"},"modified":"2026-03-31T14:40:07","modified_gmt":"2026-03-31T14:40:07","slug":"mango-haze-cbd-indoor","status":"publish","type":"product","link":"https:\/\/mariswiss.com\/de\/product\/mango-haze-cbd-indoor\/","title":{"rendered":"Mango Haze CBD Indoor"},"content":{"rendered":"","protected":false},"excerpt":{"rendered":"<p><strong>Mango Haze CBD Indoor<\/strong><\/p>\n<ul>\n<li>\n<div>Herkunft: Diese Sorte wird im Kanton Wallis in der Schweiz angebaut.<\/div>\n<\/li>\n<li>\n<div>Aussehen: Diese Blume zeichnet sich durch ihr wundersch\u00f6nes Aussehen aus: kompakt, leuchtend hellgr\u00fcn, mit orangefarbenen Stempeln.<\/div>\n<\/li>\n<li>\n<div>Geruch\/Geschmack: Schon beim \u00d6ffnen der T\u00fcte empf\u00e4ngt dich ein k\u00f6stlich s\u00fc\u00dfer und exotischer Duft, der typisch f\u00fcr die Sorte Mango ist.<\/div>\n<\/li>\n<li>\n<div>CBD-Gehalt \/ Wirkungen : Mit einem CBD-Gehalt von 28%, , verspricht sie eine tiefe und sp\u00fcrbare Entspannung.<\/div>\n<\/li>\n<\/ul>","protected":false},"featured_media":18372,"comment_status":"open","ping_status":"closed","template":"","meta":{"inline_featured_image":false},"product_cat":[352,353,354],"product_tag":[76],"class_list":{"0":"post-18370","1":"product","2":"type-product","3":"status-publish","4":"has-post-thumbnail","6":"product_brand-mari-swiss","7":"product_cat-cbd","8":"product_cat-fleurs-de-cbd","9":"product_cat-indoor","10":"product_tag-indoor","12":"first","13":"instock","14":"sale","15":"taxable","16":"shipping-taxable","17":"purchasable","18":"product-type-variable"},"jetpack_sharing_enabled":true,"_links":{"self":[{"href":"https:\/\/mariswiss.com\/de\/wp-json\/wp\/v2\/product\/18370","targetHints":{"allow":["GET"]}}],"collection":[{"href":"https:\/\/mariswiss.com\/de\/wp-json\/wp\/v2\/product"}],"about":[{"href":"https:\/\/mariswiss.com\/de\/wp-json\/wp\/v2\/types\/product"}],"replies":[{"embeddable":true,"href":"https:\/\/mariswiss.com\/de\/wp-json\/wp\/v2\/comments?post=18370"}],"wp:featuredmedia":[{"embeddable":true,"href":"https:\/\/mariswiss.com\/de\/wp-json\/wp\/v2\/media\/18372"}],"wp:attachment":[{"href":"https:\/\/mariswiss.com\/de\/wp-json\/wp\/v2\/media?parent=18370"}],"wp:term":[{"taxonomy":"product_cat","embeddable":true,"href":"https:\/\/mariswiss.com\/de\/wp-json\/wp\/v2\/product_cat?post=18370"},{"taxonomy":"product_tag","embeddable":true,"href":"https:\/\/mariswiss.com\/de\/wp-json\/wp\/v2\/product_tag?post=18370"}],"curies":[{"name":"wp","href":"https:\/\/api.w.org\/{rel}","templated":true}]}}