{"id":18881,"date":"2024-07-23T17:53:01","date_gmt":"2024-07-23T17:53:01","guid":{"rendered":"https:\/\/mariswiss.com\/?post_type=product&#038;p=18881"},"modified":"2025-07-15T15:47:24","modified_gmt":"2025-07-15T15:47:24","slug":"tangie-dream-cbd-indoor","status":"publish","type":"product","link":"https:\/\/mariswiss.com\/de\/product\/tangie-dream-cbd-indoor\/","title":{"rendered":"Tangie Dream CBD indoor"},"content":{"rendered":"","protected":false},"excerpt":{"rendered":"<p><strong>Tangie CBD Indoor<\/strong><\/p>\n<p><strong>Herkunft<\/strong> : Diese Sorte wird in der Schweiz, im Kanton Waadt, in Innenr\u00e4umen angebaut und zeichnet sich durch ihre Sch\u00f6nheit und au\u00dfergew\u00f6hnliche Qualit\u00e4t aus.<\/p>\n<p><strong>Aspekt<\/strong> Eine wundersch\u00f6ne, kompakte Blume mit einer dunkelgr\u00fcnen Farbe und h\u00fcbschen orangefarbenen Stempeln.<\/p>\n<p><strong>Geruch \/ Geschmack<\/strong> : Beim Verzehr werden Sie ihre ganze Kraft sp\u00fcren. Eine echte Charakterblume mit s\u00e4uerlichen Noten und einem Nachgeschmack von exotischen Fr\u00fcchten.<\/p>\n<p><strong>CBD-Anteil \/ Wirkungen<\/strong> Diese Blume hat einen CBD-Gehalt von 23%, was eine starke und entspannende Wirkung hat.<\/p>","protected":false},"featured_media":18886,"comment_status":"open","ping_status":"closed","template":"","meta":{"inline_featured_image":false},"product_cat":[353,352,354],"product_tag":[76],"class_list":{"0":"post-18881","1":"product","2":"type-product","3":"status-publish","4":"has-post-thumbnail","6":"product_brand-mari-swiss","7":"product_cat-fleurs-de-cbd","8":"product_cat-cbd","9":"product_cat-indoor","10":"product_tag-indoor","12":"first","13":"instock","14":"sale","15":"taxable","16":"shipping-taxable","17":"purchasable","18":"product-type-variable"},"jetpack_sharing_enabled":true,"_links":{"self":[{"href":"https:\/\/mariswiss.com\/de\/wp-json\/wp\/v2\/product\/18881","targetHints":{"allow":["GET"]}}],"collection":[{"href":"https:\/\/mariswiss.com\/de\/wp-json\/wp\/v2\/product"}],"about":[{"href":"https:\/\/mariswiss.com\/de\/wp-json\/wp\/v2\/types\/product"}],"replies":[{"embeddable":true,"href":"https:\/\/mariswiss.com\/de\/wp-json\/wp\/v2\/comments?post=18881"}],"wp:featuredmedia":[{"embeddable":true,"href":"https:\/\/mariswiss.com\/de\/wp-json\/wp\/v2\/media\/18886"}],"wp:attachment":[{"href":"https:\/\/mariswiss.com\/de\/wp-json\/wp\/v2\/media?parent=18881"}],"wp:term":[{"taxonomy":"product_cat","embeddable":true,"href":"https:\/\/mariswiss.com\/de\/wp-json\/wp\/v2\/product_cat?post=18881"},{"taxonomy":"product_tag","embeddable":true,"href":"https:\/\/mariswiss.com\/de\/wp-json\/wp\/v2\/product_tag?post=18881"}],"curies":[{"name":"wp","href":"https:\/\/api.w.org\/{rel}","templated":true}]}}