{"id":18895,"date":"2024-07-23T18:24:44","date_gmt":"2024-07-23T18:24:44","guid":{"rendered":"https:\/\/mariswiss.com\/?post_type=product&#038;p=18895"},"modified":"2026-04-17T09:03:57","modified_gmt":"2026-04-17T09:03:57","slug":"amnesia-mini-bud-cbd-indoor","status":"publish","type":"product","link":"https:\/\/mariswiss.com\/de\/product\/amnesia-mini-bud-cbd-indoor\/","title":{"rendered":"Amnesia Mini Bud CBD Indoor"},"content":{"rendered":"","protected":false},"excerpt":{"rendered":"<p><strong>Amnesia Mini Bud CBD Indoor<\/strong><\/p>\n<p><strong>Herkunft<\/strong> : Aus Indoor-Anbau stammend, wird diese Sorte von leidenschaftlichen und investierten Produzenten hergestellt, die die h\u00f6chstm\u00f6gliche Qualit\u00e4t im Kanton Wallis garantieren.<\/p>\n<p><strong>Aspekt<\/strong> : H\u00fcbsche kleine K\u00f6pfe der Gr\u00f6\u00dfe S mit einer leicht violetten Farbe.<\/p>\n<p><strong>Geruch \/ Geschmack<\/strong> : Blumen mit einem starken Geruch und eher fruchtigen Noten.<\/p>\n<p><strong>CBD-Anteil \/ Wirkungen<\/strong> Diese Blume weist einen CBD-Gehalt von 16% auf und bietet eine m\u00e4\u00dfig entspannende Wirkung.<\/p>","protected":false},"featured_media":18900,"comment_status":"open","ping_status":"closed","template":"","meta":{"inline_featured_image":false},"product_cat":[353,352,354,407],"product_tag":[76,252],"class_list":{"0":"post-18895","1":"product","2":"type-product","3":"status-publish","4":"has-post-thumbnail","6":"product_cat-fleurs-de-cbd","7":"product_cat-cbd","8":"product_cat-indoor","9":"product_cat-mini-buds","10":"product_tag-indoor","11":"product_tag-mini-buds","13":"first","14":"outofstock","15":"sale","16":"taxable","17":"shipping-taxable","18":"purchasable","19":"product-type-variable"},"jetpack_sharing_enabled":true,"_links":{"self":[{"href":"https:\/\/mariswiss.com\/de\/wp-json\/wp\/v2\/product\/18895","targetHints":{"allow":["GET"]}}],"collection":[{"href":"https:\/\/mariswiss.com\/de\/wp-json\/wp\/v2\/product"}],"about":[{"href":"https:\/\/mariswiss.com\/de\/wp-json\/wp\/v2\/types\/product"}],"replies":[{"embeddable":true,"href":"https:\/\/mariswiss.com\/de\/wp-json\/wp\/v2\/comments?post=18895"}],"wp:featuredmedia":[{"embeddable":true,"href":"https:\/\/mariswiss.com\/de\/wp-json\/wp\/v2\/media\/18900"}],"wp:attachment":[{"href":"https:\/\/mariswiss.com\/de\/wp-json\/wp\/v2\/media?parent=18895"}],"wp:term":[{"taxonomy":"product_cat","embeddable":true,"href":"https:\/\/mariswiss.com\/de\/wp-json\/wp\/v2\/product_cat?post=18895"},{"taxonomy":"product_tag","embeddable":true,"href":"https:\/\/mariswiss.com\/de\/wp-json\/wp\/v2\/product_tag?post=18895"}],"curies":[{"name":"wp","href":"https:\/\/api.w.org\/{rel}","templated":true}]}}