{"id":19290,"date":"2024-09-10T13:12:57","date_gmt":"2024-09-10T13:12:57","guid":{"rendered":"https:\/\/mariswiss.com\/?post_type=product&#038;p=19290"},"modified":"2025-11-25T15:52:06","modified_gmt":"2025-11-25T15:52:06","slug":"hq-x-ct-indoor-cbn","status":"publish","type":"product","link":"https:\/\/mariswiss.com\/de\/product\/hq-x-ct-indoor-cbn\/","title":{"rendered":"HQ x CT indoor CBN"},"content":{"rendered":"","protected":false},"excerpt":{"rendered":"<p><strong>HQ x CT indoor CBN<\/strong><\/p>\n<p><strong>Herkunft<\/strong> Diese Sorte stammt aus Indoor-Anbau und wird von leidenschaftlichen und engagierten Produzenten hergestellt, die die h\u00f6chstm\u00f6gliche Qualit\u00e4t aus der Schweiz garantieren.<\/p>\n<p><strong>Aspekt<\/strong> : Helle, gro\u00dfe und kompakte Bl\u00fcten. Die Wei\u00dfe kommt vom HSD, einer geschickten Mischung aus CBD-Isolaten und nat\u00fcrlichen Pollen.<\/p>\n<p><strong style=\"font-size: 14.4px;\">Geruch \/ Geschmack<\/strong><span style=\"font-size: 14.4px;\"> : Sie ist eine Hybride aus Cannatonic und Harlequin, also eine sehr schmackhafte Blume, leicht s\u00fc\u00df und mit Haze-Noten.<\/span><\/p>\n<p><strong>CBD-Anteil und Wirkungen<\/strong> : Cette fleur affiche un taux de CBD de 16%, et 10% de CBN<\/p>","protected":false},"featured_media":19295,"comment_status":"open","ping_status":"closed","template":"","meta":{"inline_featured_image":false},"product_cat":[360,361],"product_tag":[76,252],"class_list":{"0":"post-19290","1":"product","2":"type-product","3":"status-publish","4":"has-post-thumbnail","6":"product_cat-thcp","7":"product_cat-fleurs-de-thcp","8":"product_tag-indoor","9":"product_tag-mini-buds","11":"first","12":"outofstock","13":"sale","14":"taxable","15":"shipping-taxable","16":"purchasable","17":"product-type-variable"},"jetpack_sharing_enabled":true,"_links":{"self":[{"href":"https:\/\/mariswiss.com\/de\/wp-json\/wp\/v2\/product\/19290","targetHints":{"allow":["GET"]}}],"collection":[{"href":"https:\/\/mariswiss.com\/de\/wp-json\/wp\/v2\/product"}],"about":[{"href":"https:\/\/mariswiss.com\/de\/wp-json\/wp\/v2\/types\/product"}],"replies":[{"embeddable":true,"href":"https:\/\/mariswiss.com\/de\/wp-json\/wp\/v2\/comments?post=19290"}],"wp:featuredmedia":[{"embeddable":true,"href":"https:\/\/mariswiss.com\/de\/wp-json\/wp\/v2\/media\/19295"}],"wp:attachment":[{"href":"https:\/\/mariswiss.com\/de\/wp-json\/wp\/v2\/media?parent=19290"}],"wp:term":[{"taxonomy":"product_cat","embeddable":true,"href":"https:\/\/mariswiss.com\/de\/wp-json\/wp\/v2\/product_cat?post=19290"},{"taxonomy":"product_tag","embeddable":true,"href":"https:\/\/mariswiss.com\/de\/wp-json\/wp\/v2\/product_tag?post=19290"}],"curies":[{"name":"wp","href":"https:\/\/api.w.org\/{rel}","templated":true}]}}