{"id":19530,"date":"2024-10-05T09:00:06","date_gmt":"2024-10-05T09:00:06","guid":{"rendered":"https:\/\/mariswiss.com\/?post_type=product&#038;p=19530"},"modified":"2025-07-15T15:38:22","modified_gmt":"2025-07-15T15:38:22","slug":"bubble-gum-indoor-cbd","status":"publish","type":"product","link":"https:\/\/mariswiss.com\/de\/product\/bubble-gum-indoor-cbd\/","title":{"rendered":"Bubble Gum Indoor CBD"},"content":{"rendered":"","protected":false},"excerpt":{"rendered":"<h3>Bubble Gum Indoor CBD<\/h3>\n<p><strong>Herkunft :<\/strong> Diese Sorte wird in der Schweiz indoor angebaut und zeichnet sich durch ihre mittelgro\u00dfen Knospen (1-3 cm) und ihren au\u00dfergew\u00f6hnlich fruchtigen Charakter aus.<\/p>\n<p><strong>Aussehen:<\/strong> Kompakte, attraktive Knospen mit einem kr\u00e4ftigen Gr\u00fcnton und leuchtend orangefarbenen Stempeln.<\/p>\n<p><strong>Geruch\/Geschmack :<\/strong> Eine fruchtige Geschmacksexplosion, die an Bubble Gum erinnert und ein einzigartiges, s\u00fc\u00dfes Geschmackserlebnis bietet.<\/p>\n<p><strong>CBD-Anteil \/ Wirkungen :<\/strong> Diese Blume sorgt mit ihrem hohen Anteil an 21% CBD f\u00fcr eine entspannende Wirkung, perfekt f\u00fcr einen Moment der Entspannung.<\/p>","protected":false},"featured_media":19535,"comment_status":"open","ping_status":"closed","template":"","meta":{"inline_featured_image":false},"product_cat":[352,353,354,15],"product_tag":[],"class_list":{"0":"post-19530","1":"product","2":"type-product","3":"status-publish","4":"has-post-thumbnail","6":"product_cat-cbd","7":"product_cat-fleurs-de-cbd","8":"product_cat-indoor","9":"product_cat-uncategorized","11":"first","12":"instock","13":"sale","14":"taxable","15":"shipping-taxable","16":"purchasable","17":"product-type-variable"},"jetpack_sharing_enabled":true,"_links":{"self":[{"href":"https:\/\/mariswiss.com\/de\/wp-json\/wp\/v2\/product\/19530","targetHints":{"allow":["GET"]}}],"collection":[{"href":"https:\/\/mariswiss.com\/de\/wp-json\/wp\/v2\/product"}],"about":[{"href":"https:\/\/mariswiss.com\/de\/wp-json\/wp\/v2\/types\/product"}],"replies":[{"embeddable":true,"href":"https:\/\/mariswiss.com\/de\/wp-json\/wp\/v2\/comments?post=19530"}],"wp:featuredmedia":[{"embeddable":true,"href":"https:\/\/mariswiss.com\/de\/wp-json\/wp\/v2\/media\/19535"}],"wp:attachment":[{"href":"https:\/\/mariswiss.com\/de\/wp-json\/wp\/v2\/media?parent=19530"}],"wp:term":[{"taxonomy":"product_cat","embeddable":true,"href":"https:\/\/mariswiss.com\/de\/wp-json\/wp\/v2\/product_cat?post=19530"},{"taxonomy":"product_tag","embeddable":true,"href":"https:\/\/mariswiss.com\/de\/wp-json\/wp\/v2\/product_tag?post=19530"}],"curies":[{"name":"wp","href":"https:\/\/api.w.org\/{rel}","templated":true}]}}