{"id":8371,"date":"2023-10-13T12:27:19","date_gmt":"2023-10-13T12:27:19","guid":{"rendered":"https:\/\/mariswiss.com\/?post_type=product&#038;p=8371"},"modified":"2025-07-11T08:19:22","modified_gmt":"2025-07-11T08:19:22","slug":"raw-connoisseur-king-size-slim-filtres","status":"publish","type":"product","link":"https:\/\/mariswiss.com\/de\/product\/raw-connoisseur-king-size-slim-filtres\/","title":{"rendered":"Raw Connoisseur King Size Slim + Filter"},"content":{"rendered":"<p>Die RAW King Size Slim + Filter. 2 unentbehrliche Elemente in einer Packung kombiniert, um Ihren Verbrauch zu erleichtern. Die Bl\u00e4tter enthalten eine Hybridmischung aus ungebleichten Fasern (nicht mit Chlor gebleicht). Das Papier hat eine nat\u00fcrliche, durchscheinende, hellbraune Farbe. Das RAW ist so d\u00fcnn, dass Sie hindurchsehen k\u00f6nnen. Jedes Papier ist mit dem patentierten CrissCross-Wasserzeichen versehen.<\/p>\n<p>Um Ihnen die bestm\u00f6gliche Verkostung zu gew\u00e4hrleisten, vertreiben wir nur Produkte von h\u00f6chster Qualit\u00e4t, die weltweit f\u00fcr ihre feine Struktur bekannt sind und vor allem aus Premium-Materialien und -Rohstoffen hergestellt werden.<\/p>\n<p>Auch die angewandten Preise sind f\u00fcr diese Art von Produkten sehr interessant, also z\u00f6gern Sie nicht l\u00e4nger und f\u00fcgen Sie sie Ihrer Bestellung hinzu!<\/p>","protected":false},"excerpt":{"rendered":"<p><strong>32 Blatt und 32 Filter pro Packung<\/strong><\/p>\n<p>Bl\u00e4tter und Filter Raw Connoisseur King Size Slim in Kartons in einer einzigen Packung. Der RAW-Connaisseur vereint zwei wichtige Elemente f\u00fcr Ihren Konsum in einem Design.<br \/>\nRAW-Papiere enthalten eine Hybridmischung aus ungebleichten (nicht chlorgebleichten) Fasern, das Papier hat eine nat\u00fcrliche, durchscheinende, hellbraune Farbe. Das RAW-Papier ist so d\u00fcnn, dass man hindurchsehen kann. Jedes Papier ist mit dem patentierten CrissCross-Wasserzeichen versehen. Dieses spezielle Wasserzeichen verhindert das Verlaufen und bewahrt die gleichm\u00e4\u00dfigen Brenneigenschaften, f\u00fcr die wir bekannt sind.<br \/>\nRAW-Filter werden aus chlorfreiem 100%-Papier hergestellt.<\/p>","protected":false},"featured_media":8372,"comment_status":"open","ping_status":"closed","template":"","meta":{"inline_featured_image":false},"product_cat":[15,366,369],"product_tag":[217,218],"class_list":{"0":"post-8371","1":"product","2":"type-product","3":"status-publish","4":"has-post-thumbnail","6":"product_brand-raw","7":"product_cat-uncategorized","8":"product_cat-accessoires","9":"product_cat-feuilles-a-rouler","10":"product_tag-feuilles","11":"product_tag-filtres","13":"first","14":"outofstock","15":"taxable","16":"shipping-taxable","17":"purchasable","18":"product-type-simple"},"jetpack_sharing_enabled":true,"_links":{"self":[{"href":"https:\/\/mariswiss.com\/de\/wp-json\/wp\/v2\/product\/8371","targetHints":{"allow":["GET"]}}],"collection":[{"href":"https:\/\/mariswiss.com\/de\/wp-json\/wp\/v2\/product"}],"about":[{"href":"https:\/\/mariswiss.com\/de\/wp-json\/wp\/v2\/types\/product"}],"replies":[{"embeddable":true,"href":"https:\/\/mariswiss.com\/de\/wp-json\/wp\/v2\/comments?post=8371"}],"wp:featuredmedia":[{"embeddable":true,"href":"https:\/\/mariswiss.com\/de\/wp-json\/wp\/v2\/media\/8372"}],"wp:attachment":[{"href":"https:\/\/mariswiss.com\/de\/wp-json\/wp\/v2\/media?parent=8371"}],"wp:term":[{"taxonomy":"product_cat","embeddable":true,"href":"https:\/\/mariswiss.com\/de\/wp-json\/wp\/v2\/product_cat?post=8371"},{"taxonomy":"product_tag","embeddable":true,"href":"https:\/\/mariswiss.com\/de\/wp-json\/wp\/v2\/product_tag?post=8371"}],"curies":[{"name":"wp","href":"https:\/\/api.w.org\/{rel}","templated":true}]}}