{"id":8380,"date":"2023-10-13T12:27:19","date_gmt":"2023-10-13T12:27:19","guid":{"rendered":"https:\/\/mariswiss.com\/?post_type=product&#038;p=8380"},"modified":"2025-09-06T04:19:27","modified_gmt":"2025-09-06T04:19:27","slug":"raw-organic-king-size-slim-filtres","status":"publish","type":"product","link":"https:\/\/mariswiss.com\/de\/product\/raw-organic-king-size-slim-filtres\/","title":{"rendered":"Raw Organic King Size Slim + Filter"},"content":{"rendered":"<p>RAW pr\u00e4sentiert Ihnen die ersten komplett organischen und veganen Rollpapiere. Hergestellt mit nachhaltigen und umweltfreundlichen Methoden.<\/p>\n<p>Ein Papier, das langsam abbrennt, um eine hochwertige Verkostung und eine ausgezeichnete Entspannung zu gew\u00e4hrleisten.<\/p>\n<p>Um Ihnen eine der bestm\u00f6glichen Verkostungen zu gew\u00e4hrleisten, vertreiben wir nur Produkte von h\u00f6chster Qualit\u00e4t. Sie sind weltweit f\u00fcr ihre feine Struktur bekannt und vor allem aus Premium-Materialien und -Rohstoffen hergestellt.<\/p>\n<p>Auch die angewandten Preise sind f\u00fcr diese Art von Produkten sehr interessant, also z\u00f6gern Sie nicht l\u00e4nger und f\u00fcgen Sie sie Ihrer Bestellung hinzu!<\/p>","protected":false},"excerpt":{"rendered":"<p>RAW pr\u00e4sentiert Ihnen die ersten komplett organischen und veganen Rollpapiere. Hergestellt mit nachhaltigen und umweltfreundlichen Methoden. Ein Papier, das langsam verbrennt, um einen qualitativ hochwertigen Genuss und eine hervorragende Entspannung zu gew\u00e4hrleisten.<\/p>","protected":false},"featured_media":8382,"comment_status":"open","ping_status":"closed","template":"","meta":{"inline_featured_image":false},"product_cat":[15,366,369],"product_tag":[217,218],"class_list":{"0":"post-8380","1":"product","2":"type-product","3":"status-publish","4":"has-post-thumbnail","6":"product_brand-raw","7":"product_cat-uncategorized","8":"product_cat-accessoires","9":"product_cat-feuilles-a-rouler","10":"product_tag-feuilles","11":"product_tag-filtres","13":"first","14":"instock","15":"taxable","16":"shipping-taxable","17":"purchasable","18":"product-type-simple"},"jetpack_sharing_enabled":true,"_links":{"self":[{"href":"https:\/\/mariswiss.com\/de\/wp-json\/wp\/v2\/product\/8380","targetHints":{"allow":["GET"]}}],"collection":[{"href":"https:\/\/mariswiss.com\/de\/wp-json\/wp\/v2\/product"}],"about":[{"href":"https:\/\/mariswiss.com\/de\/wp-json\/wp\/v2\/types\/product"}],"replies":[{"embeddable":true,"href":"https:\/\/mariswiss.com\/de\/wp-json\/wp\/v2\/comments?post=8380"}],"wp:featuredmedia":[{"embeddable":true,"href":"https:\/\/mariswiss.com\/de\/wp-json\/wp\/v2\/media\/8382"}],"wp:attachment":[{"href":"https:\/\/mariswiss.com\/de\/wp-json\/wp\/v2\/media?parent=8380"}],"wp:term":[{"taxonomy":"product_cat","embeddable":true,"href":"https:\/\/mariswiss.com\/de\/wp-json\/wp\/v2\/product_cat?post=8380"},{"taxonomy":"product_tag","embeddable":true,"href":"https:\/\/mariswiss.com\/de\/wp-json\/wp\/v2\/product_tag?post=8380"}],"curies":[{"name":"wp","href":"https:\/\/api.w.org\/{rel}","templated":true}]}}