{"id":8384,"date":"2023-10-13T12:27:19","date_gmt":"2023-10-13T12:27:19","guid":{"rendered":"https:\/\/mariswiss.com\/?post_type=product&#038;p=8384"},"modified":"2025-11-25T20:04:45","modified_gmt":"2025-11-25T20:04:45","slug":"raw-organic-king-size-slim","status":"publish","type":"product","link":"https:\/\/mariswiss.com\/de\/product\/raw-organic-king-size-slim\/","title":{"rendered":"Raw Organic King Size Slim ( 32 Bl\u00e4tter \/ Packung )"},"content":{"rendered":"<p>RAW Organic Papers werden aus nat\u00fcrlichem, ungebleichtem Hanf hergestellt. Er wird mit nachhaltigen Methoden angebaut und geerntet. Jedes Papier ist mit einem Wasserzeichen in Form eines Kreuzes gekennzeichnet. Dieses spezielle Wasserzeichen verhindert das Verlaufen und h\u00e4lt die Verbrennung so sanft wie m\u00f6glich!<\/p>\n<p>Bl\u00e4tter in Premium-Qualit\u00e4t, die Ihnen einen perfekten Genuss garantieren!<\/p>\n<p>Um Ihnen den bestm\u00f6glichen Verbrauch zu gew\u00e4hrleisten, vertreiben wir nur Produkte von h\u00f6chster Qualit\u00e4t, die weltweit f\u00fcr ihre feine Struktur bekannt sind und vor allem aus Premium-Materialien und -Rohstoffen hergestellt werden.<\/p>\n<p>Auch die angewandten Preise sind f\u00fcr diese Art von Produkten sehr interessant, also z\u00f6gern Sie nicht l\u00e4nger und f\u00fcgen Sie sie Ihrer Bestellung hinzu!<\/p>","protected":false},"excerpt":{"rendered":"<p><strong>32 Blatt pro Packung<\/strong><\/p>\n<p>Raw Organic King Size Slim Papiere werden aus nat\u00fcrlichem, ungebleichtem Hanf hergestellt, der auf nachhaltige Weise angebaut und geerntet wird. Jedes Papier ist mit einem kreuzf\u00f6rmigen Wasserzeichen versehen: Dieses spezielle Wasserzeichen verhindert das Auslaufen des Papiers und sorgt f\u00fcr eine m\u00f6glichst schonende Verbrennung!<\/p>\n<p>Bl\u00e4tter in Premium-Qualit\u00e4t, die Ihnen einen perfekten Genuss garantieren!<\/p>","protected":false},"featured_media":8385,"comment_status":"open","ping_status":"closed","template":"","meta":{"inline_featured_image":false},"product_cat":[15,366,369],"product_tag":[217,218],"class_list":{"0":"post-8384","1":"product","2":"type-product","3":"status-publish","4":"has-post-thumbnail","6":"product_brand-raw","7":"product_cat-uncategorized","8":"product_cat-accessoires","9":"product_cat-feuilles-a-rouler","10":"product_tag-feuilles","11":"product_tag-filtres","13":"first","14":"instock","15":"taxable","16":"shipping-taxable","17":"purchasable","18":"product-type-simple"},"jetpack_sharing_enabled":true,"_links":{"self":[{"href":"https:\/\/mariswiss.com\/de\/wp-json\/wp\/v2\/product\/8384","targetHints":{"allow":["GET"]}}],"collection":[{"href":"https:\/\/mariswiss.com\/de\/wp-json\/wp\/v2\/product"}],"about":[{"href":"https:\/\/mariswiss.com\/de\/wp-json\/wp\/v2\/types\/product"}],"replies":[{"embeddable":true,"href":"https:\/\/mariswiss.com\/de\/wp-json\/wp\/v2\/comments?post=8384"}],"wp:featuredmedia":[{"embeddable":true,"href":"https:\/\/mariswiss.com\/de\/wp-json\/wp\/v2\/media\/8385"}],"wp:attachment":[{"href":"https:\/\/mariswiss.com\/de\/wp-json\/wp\/v2\/media?parent=8384"}],"wp:term":[{"taxonomy":"product_cat","embeddable":true,"href":"https:\/\/mariswiss.com\/de\/wp-json\/wp\/v2\/product_cat?post=8384"},{"taxonomy":"product_tag","embeddable":true,"href":"https:\/\/mariswiss.com\/de\/wp-json\/wp\/v2\/product_tag?post=8384"}],"curies":[{"name":"wp","href":"https:\/\/api.w.org\/{rel}","templated":true}]}}