{"id":8460,"date":"2023-10-13T12:27:46","date_gmt":"2023-10-13T12:27:46","guid":{"rendered":"https:\/\/mariswiss.com\/?post_type=product&#038;p=8460"},"modified":"2025-07-11T08:19:22","modified_gmt":"2025-07-11T08:19:22","slug":"filtres-raw-wide-hemp-cotton-25mm","status":"publish","type":"product","link":"https:\/\/mariswiss.com\/de\/product\/filtres-raw-wide-hemp-cotton-25mm\/","title":{"rendered":"Filter Raw Wide Hemp Cotton 25mm"},"content":{"rendered":"<p>Raw hat schon immer hervorragendes Papier ohne Chemikalien oder Bleichmittel hergestellt. Heute haben sie diese wunderbare F\u00e4higkeit um Perforationen erweitert!<br \/>\nRaw Perforated Tips bedeuten, dass Sie keine Ausrede mehr haben, eine minderwertige Zigarette zu drehen. Die Perforationen k\u00f6nnen gefaltet werden, um eine \"Z\"-Form in der Kaffeekanne zu erzeugen. Dies tr\u00e4gt zur K\u00fchlung Ihres Rauchs bei.<br \/>\nDie Mundst\u00fccke sind breiter als \u00fcbliche Mundst\u00fccke, was diese K\u00fchlung noch verst\u00e4rkt und sie ideal f\u00fcr sehr gro\u00dfe Zigaretten macht.<br \/>\nHergestellt aus nat\u00fcrlichen Hanf- und Baumwollfasern.<\/p>\n<p>Um Ihnen die bestm\u00f6gliche Verkostung zu gew\u00e4hrleisten, vertreiben wir nur Produkte von h\u00f6chster Qualit\u00e4t. Sie sind weltweit f\u00fcr ihre Struktur bekannt und vor allem aus Premium-Materialien und -Rohstoffen hergestellt.<\/p>\n<p>Auch die angewandten Preise sind f\u00fcr diese Art von Produkten sehr interessant, also z\u00f6gern Sie nicht l\u00e4nger und f\u00fcgen Sie sie Ihrer Bestellung hinzu!<\/p>","protected":false},"excerpt":{"rendered":"<p>Extrabreite Rohspitzen<br \/>\nPerforiert, um das Rollen zu erleichtern<br \/>\nGr\u00f6\u00dfe: 55x25mm<br \/>\n50 Spitzen pro Heft<\/p>\n<p>Z-f\u00f6rmig faltbar, um den Rauch noch besser zu filtern<\/p>","protected":false},"featured_media":8461,"comment_status":"open","ping_status":"closed","template":"","meta":{"inline_featured_image":false},"product_cat":[15,366,368],"product_tag":[217,218],"class_list":{"0":"post-8460","1":"product","2":"type-product","3":"status-publish","4":"has-post-thumbnail","6":"product_brand-raw","7":"product_cat-uncategorized","8":"product_cat-accessoires","9":"product_cat-filtres","10":"product_tag-feuilles","11":"product_tag-filtres","13":"first","14":"instock","15":"taxable","16":"shipping-taxable","17":"purchasable","18":"product-type-simple"},"jetpack_sharing_enabled":true,"_links":{"self":[{"href":"https:\/\/mariswiss.com\/de\/wp-json\/wp\/v2\/product\/8460","targetHints":{"allow":["GET"]}}],"collection":[{"href":"https:\/\/mariswiss.com\/de\/wp-json\/wp\/v2\/product"}],"about":[{"href":"https:\/\/mariswiss.com\/de\/wp-json\/wp\/v2\/types\/product"}],"replies":[{"embeddable":true,"href":"https:\/\/mariswiss.com\/de\/wp-json\/wp\/v2\/comments?post=8460"}],"wp:featuredmedia":[{"embeddable":true,"href":"https:\/\/mariswiss.com\/de\/wp-json\/wp\/v2\/media\/8461"}],"wp:attachment":[{"href":"https:\/\/mariswiss.com\/de\/wp-json\/wp\/v2\/media?parent=8460"}],"wp:term":[{"taxonomy":"product_cat","embeddable":true,"href":"https:\/\/mariswiss.com\/de\/wp-json\/wp\/v2\/product_cat?post=8460"},{"taxonomy":"product_tag","embeddable":true,"href":"https:\/\/mariswiss.com\/de\/wp-json\/wp\/v2\/product_tag?post=8460"}],"curies":[{"name":"wp","href":"https:\/\/api.w.org\/{rel}","templated":true}]}}