{"id":8809,"date":"2023-10-13T12:28:18","date_gmt":"2023-10-13T12:28:18","guid":{"rendered":"https:\/\/mariswiss.com\/?post_type=product&#038;p=8809"},"modified":"2025-07-11T08:18:39","modified_gmt":"2025-07-11T08:18:39","slug":"blunt-wrap-double-platinum-silver-berries","status":"publish","type":"product","link":"https:\/\/mariswiss.com\/de\/product\/blunt-wrap-double-platinum-silver-berries\/","title":{"rendered":"Blunt Wrap Double Platinum Silver | Berries"},"content":{"rendered":"<p>Blunt ist ein\u00a0<b>Art des Zigarettenpapiers<\/b>\u00a0und ein Begriff, der zur Beschreibung von<i>\u00a0gro\u00dfe Gelenke.\u00a0<\/i>Ein Bluntblatt ist eine\u00a0<b><a href=\"https:\/\/mariswiss.com\/de\/product\/blunt-wrap-double-platinum-purple\/\">nat\u00fcrliches Tabakblatt<\/a>,\u00a0<\/b>die aromatisiert werden kann, um unserem <a href=\"https:\/\/mariswiss.com\/de\/7808-2\/\">Cannabis<\/a>.<\/p>\n<p>Es waren amerikanische Rapper und Hip-Hop-S\u00e4nger, die als erste diesen<b>\u00a0Rollpapier, um sich die Gelenke zu machen.<\/b>\u00a0Das war eine gute M\u00f6glichkeit, unbemerkt zu bleiben, denn es<i>\u00a0\u00e4hnelte eher einer Cohiba-Zigarre der in Kuba produzierten Art<\/i>.<\/p>","protected":false},"excerpt":{"rendered":"<p><strong>Blunt Wrap Double Platinum Silver<\/strong><\/p>\n<p><strong>2 Blunts pro Packung<\/strong><br \/>\n<strong>Geschmacksrichtung \"Wassermelone\" - Watermelon<\/strong><br \/>\nGenie\u00dfen Sie auch unsere anderen Geschmacksrichtungen von <a href=\"https:\/\/mariswiss.com\/de\/product\/blunt-wrap-double-platinum-green-apple-martini\/\">Blunt Wrap<\/a>.<br \/>\nFruchtig, <a href=\"https:\/\/mariswiss.com\/de\/product\/blunt-wrap-double-platinum-blue-blueberry-burst\/\">exotisch<\/a>, s\u00fc\u00df - f\u00fcr jeden Geschmack ist etwas dabei!<br \/>\nEin authentischer karibischer Rauchgenuss, hergestellt in der Dominikanischen Republik.<\/p>","protected":false},"featured_media":8787,"comment_status":"open","ping_status":"closed","template":"","meta":{"inline_featured_image":false},"product_cat":[15,366,367],"product_tag":[217,218],"class_list":{"0":"post-8809","1":"product","2":"type-product","3":"status-publish","4":"has-post-thumbnail","6":"product_brand-blunt-wrap-double-platinum","7":"product_cat-uncategorized","8":"product_cat-accessoires","9":"product_cat-blunt","10":"product_tag-feuilles","11":"product_tag-filtres","13":"first","14":"outofstock","15":"taxable","16":"shipping-taxable","17":"purchasable","18":"product-type-variable"},"jetpack_sharing_enabled":true,"_links":{"self":[{"href":"https:\/\/mariswiss.com\/de\/wp-json\/wp\/v2\/product\/8809","targetHints":{"allow":["GET"]}}],"collection":[{"href":"https:\/\/mariswiss.com\/de\/wp-json\/wp\/v2\/product"}],"about":[{"href":"https:\/\/mariswiss.com\/de\/wp-json\/wp\/v2\/types\/product"}],"replies":[{"embeddable":true,"href":"https:\/\/mariswiss.com\/de\/wp-json\/wp\/v2\/comments?post=8809"}],"wp:featuredmedia":[{"embeddable":true,"href":"https:\/\/mariswiss.com\/de\/wp-json\/wp\/v2\/media\/8787"}],"wp:attachment":[{"href":"https:\/\/mariswiss.com\/de\/wp-json\/wp\/v2\/media?parent=8809"}],"wp:term":[{"taxonomy":"product_cat","embeddable":true,"href":"https:\/\/mariswiss.com\/de\/wp-json\/wp\/v2\/product_cat?post=8809"},{"taxonomy":"product_tag","embeddable":true,"href":"https:\/\/mariswiss.com\/de\/wp-json\/wp\/v2\/product_tag?post=8809"}],"curies":[{"name":"wp","href":"https:\/\/api.w.org\/{rel}","templated":true}]}}