{"id":8847,"date":"2023-10-13T12:28:58","date_gmt":"2023-10-13T12:28:58","guid":{"rendered":"https:\/\/mariswiss.com\/?post_type=product&#038;p=8847"},"modified":"2025-07-11T08:18:32","modified_gmt":"2025-07-11T08:18:32","slug":"filtres-a-charbon-active-actitube-extra-slim-6mm","status":"publish","type":"product","link":"https:\/\/mariswiss.com\/de\/product\/filtres-a-charbon-active-actitube-extra-slim-6mm\/","title":{"rendered":"Aktivkohlefilter Actitube| Extra Slim 6mm"},"content":{"rendered":"<p>- Filterabmessungen: 6 x 27 mm<br \/>\n- Keramikkappen auf beiden Seiten<br \/>\n- 50 Filter pro Packung<\/p>\n<p><strong>Tipps f\u00fcr den Winter :<\/strong><\/p>\n<p>Bei Temperaturen unter 5\u00b0 C kann der Filter verstopfen. Die Ursache ist die Kondensation des Rauchs im Inneren des Filters.<\/p>\n<p>Deshalb ist es ratsam, in der kalten Jahreszeit drinnen zu rauchen oder das\u00a0<a href=\"https:\/\/mariswiss.com\/de\/product-category\/accessoires\/filtres\/\">Filter<\/a>\u00a0warm halten, bis Sie ihn einschalten.<\/p>\n<p>Um Ihnen eine der bestm\u00f6glichen Verkostungen zu gew\u00e4hrleisten, vermarkten wir nur Produkte von h\u00f6chster Qualit\u00e4t. F\u00fcr ihre Herstellung werden Premium-Materialien verwendet, die weltweit anerkannt sind.<\/p>\n<p>Die angewandten Preise sind f\u00fcr diese Art von Produkten ebenfalls sehr interessant, also z\u00f6gern Sie nicht l\u00e4nger und f\u00fcgen Sie sie Ihrer Bestellung hinzu!<\/p>","protected":false},"excerpt":{"rendered":"<p>Kohlefilter <a href=\"https:\/\/mariswiss.com\/de\/product\/filtres-a-charbon-active-actitube-slim-compact-travel-size\/\"><strong>ActiTube<\/strong><\/a> <strong>Extra<\/strong> <strong>Slim<\/strong>\u00a0wurden so konzipiert, dass sie mithilfe von Aktivkohle einen Gro\u00dfteil der sch\u00e4dlichen Stoffe herausfiltern.<\/p>\n<p>Bei diesen Filtern hat actiTube den F\u00fcllgrad reduziert. Infolgedessen wird der Schutz der Atemwege reduziert, aber Sie erhalten den VOLLEN Geschmack beim Rauchen Ihrer Roll-ups.<\/p>\n<p>Dieser hat die Besonderheit, dass er bestimmte Elemente wie Nikotin und Teer, die beim Verbrennen von Zigaretten entstehen, und andere sch\u00e4dliche Stoffe zur\u00fcckh\u00e4lt.<\/p>\n<p>Wenn der Rauch durch einen Aktivkohlefilter geleitet wird, bleibt ein Gro\u00dfteil der sch\u00e4dlichen Teerstoffe im Rauch an der Aktivkohle haften.<\/p>\n<p>Der Rauch ist weniger sch\u00e4dlich, er wird durch ein Keramikmundst\u00fcck gek\u00fchlt, was ihn milder macht, der Tabakgeschmack wird abgeschw\u00e4cht, nicht aber der Grasgeschmack, und der \"Hit\"-Effekt wird nicht beeintr\u00e4chtigt.<\/p>","protected":false},"featured_media":9974,"comment_status":"open","ping_status":"closed","template":"","meta":{"inline_featured_image":false},"product_cat":[15,366,368],"product_tag":[217,218],"class_list":{"0":"post-8847","1":"product","2":"type-product","3":"status-publish","4":"has-post-thumbnail","6":"product_brand-actitube","7":"product_cat-uncategorized","8":"product_cat-accessoires","9":"product_cat-filtres","10":"product_tag-feuilles","11":"product_tag-filtres","13":"first","14":"instock","15":"sale","16":"taxable","17":"shipping-taxable","18":"purchasable","19":"product-type-simple"},"jetpack_sharing_enabled":true,"_links":{"self":[{"href":"https:\/\/mariswiss.com\/de\/wp-json\/wp\/v2\/product\/8847","targetHints":{"allow":["GET"]}}],"collection":[{"href":"https:\/\/mariswiss.com\/de\/wp-json\/wp\/v2\/product"}],"about":[{"href":"https:\/\/mariswiss.com\/de\/wp-json\/wp\/v2\/types\/product"}],"replies":[{"embeddable":true,"href":"https:\/\/mariswiss.com\/de\/wp-json\/wp\/v2\/comments?post=8847"}],"wp:featuredmedia":[{"embeddable":true,"href":"https:\/\/mariswiss.com\/de\/wp-json\/wp\/v2\/media\/9974"}],"wp:attachment":[{"href":"https:\/\/mariswiss.com\/de\/wp-json\/wp\/v2\/media?parent=8847"}],"wp:term":[{"taxonomy":"product_cat","embeddable":true,"href":"https:\/\/mariswiss.com\/de\/wp-json\/wp\/v2\/product_cat?post=8847"},{"taxonomy":"product_tag","embeddable":true,"href":"https:\/\/mariswiss.com\/de\/wp-json\/wp\/v2\/product_tag?post=8847"}],"curies":[{"name":"wp","href":"https:\/\/api.w.org\/{rel}","templated":true}]}}