{"id":9608,"date":"2023-10-12T13:52:56","date_gmt":"2023-10-12T13:52:56","guid":{"rendered":"https:\/\/mariswiss.com\/?post_type=product&#038;p=9608"},"modified":"2025-07-11T08:19:27","modified_gmt":"2025-07-11T08:19:27","slug":"feuilles-a-rouler-dark-horse-black-king-size-slim-34-feuilles","status":"publish","type":"product","link":"https:\/\/mariswiss.com\/de\/product\/feuilles-a-rouler-dark-horse-black-king-size-slim-34-feuilles\/","title":{"rendered":"Rollb\u00f6gen - Dark Horse Black - King Size Slim - 34 Bl\u00e4tter"},"content":{"rendered":"","protected":false},"excerpt":{"rendered":"<p>Box mit 25 Packungen Rolling Leaves - Dark Horse Black - King Size Slim.<\/p>\n<p>Nicht nur f\u00fcr Pferdeliebhaber, sondern f\u00fcr alle, die gerne King Size Papers rauchen!<\/p>\n<p>Diese langen, d\u00fcnnen Papiere stammen aus der Black-Edition von Dark Horse und bieten einen langsamen, gleichm\u00e4\u00dfigen Abbrand. Die Gummilinie besteht aus nat\u00fcrlichem Gummi arabicum 100%.<\/p>\n<ul>\n<li>Ma\u00dfe: ca. 44 x 109 mm.<\/li>\n<li>Gewicht: 14 Gramm pro qm\u00b2.<\/li>\n<li>34 Blatt pro Packung.<\/li>\n<li>25 Packungen pro Schachtel.<\/li>\n<\/ul>","protected":false},"featured_media":9607,"comment_status":"open","ping_status":"closed","template":"","meta":{"inline_featured_image":false},"product_cat":[15,366,369],"product_tag":[217,218,222],"class_list":{"0":"post-9608","1":"product","2":"type-product","3":"status-publish","4":"has-post-thumbnail","6":"product_brand-dark-horse","7":"product_cat-uncategorized","8":"product_cat-accessoires","9":"product_cat-feuilles-a-rouler","10":"product_tag-feuilles","11":"product_tag-filtres","12":"product_tag-king-size-slim","14":"first","15":"instock","16":"taxable","17":"shipping-taxable","18":"purchasable","19":"product-type-simple"},"jetpack_sharing_enabled":true,"_links":{"self":[{"href":"https:\/\/mariswiss.com\/de\/wp-json\/wp\/v2\/product\/9608","targetHints":{"allow":["GET"]}}],"collection":[{"href":"https:\/\/mariswiss.com\/de\/wp-json\/wp\/v2\/product"}],"about":[{"href":"https:\/\/mariswiss.com\/de\/wp-json\/wp\/v2\/types\/product"}],"replies":[{"embeddable":true,"href":"https:\/\/mariswiss.com\/de\/wp-json\/wp\/v2\/comments?post=9608"}],"wp:featuredmedia":[{"embeddable":true,"href":"https:\/\/mariswiss.com\/de\/wp-json\/wp\/v2\/media\/9607"}],"wp:attachment":[{"href":"https:\/\/mariswiss.com\/de\/wp-json\/wp\/v2\/media?parent=9608"}],"wp:term":[{"taxonomy":"product_cat","embeddable":true,"href":"https:\/\/mariswiss.com\/de\/wp-json\/wp\/v2\/product_cat?post=9608"},{"taxonomy":"product_tag","embeddable":true,"href":"https:\/\/mariswiss.com\/de\/wp-json\/wp\/v2\/product_tag?post=9608"}],"curies":[{"name":"wp","href":"https:\/\/api.w.org\/{rel}","templated":true}]}}