{"id":9752,"date":"2023-10-12T13:52:56","date_gmt":"2023-10-12T13:52:56","guid":{"rendered":"https:\/\/mariswiss.com\/?post_type=product&#038;p=9752"},"modified":"2025-07-11T08:19:30","modified_gmt":"2025-07-11T08:19:30","slug":"gizeh-extra-fine-king-size-slim","status":"publish","type":"product","link":"https:\/\/mariswiss.com\/de\/product\/gizeh-extra-fine-king-size-slim\/","title":{"rendered":"Gizeh extra fein King size slim"},"content":{"rendered":"<p>Die GIZEH extra fine king size slim Bl\u00e4tter mit ihrem Verschlussmagnet.<\/p>\n<p>Diese Gizeh-Bl\u00e4tter zeichnen sich durch ein einzigartiges d\u00fcnnes Papier und ein langsames Abbrennen aus.<\/p>\n<p>Sie werden aus Zellulose hergestellt und haben eine gro\u00dfe klebrige Oberfl\u00e4che. Der Magnetverschluss bietet optimalen Schutz f\u00fcr deine Bl\u00e4tter!<\/p>","protected":false},"excerpt":{"rendered":"<p>Die GIZEH extra fine king size slim Bl\u00e4tter mit ihrem Verschlussmagnet.<\/p>\n<p>Diese Gizeh-Bl\u00e4tter zeichnen sich durch ein einzigartiges d\u00fcnnes Papier und ein langsames Abbrennen aus. Sie werden aus Zellulose hergestellt und haben eine gro\u00dfe klebrige Oberfl\u00e4che. Der Magnetverschluss bietet optimalen Schutz f\u00fcr Ihre Bl\u00e4tter!<\/p>\n<ul>\n<li>Gr\u00f6\u00dfe: 107*44 mm<\/li>\n<li>Gewicht: 14g\/qm2<\/li>\n<li>33 Blatt pro Packung<\/li>\n<\/ul>","protected":false},"featured_media":9771,"comment_status":"open","ping_status":"closed","template":"","meta":{"inline_featured_image":false},"product_cat":[15,366,369],"product_tag":[217],"class_list":{"0":"post-9752","1":"product","2":"type-product","3":"status-publish","4":"has-post-thumbnail","6":"product_brand-gizeh","7":"product_cat-uncategorized","8":"product_cat-accessoires","9":"product_cat-feuilles-a-rouler","10":"product_tag-feuilles","12":"first","13":"instock","14":"taxable","15":"shipping-taxable","16":"purchasable","17":"product-type-simple"},"jetpack_sharing_enabled":true,"_links":{"self":[{"href":"https:\/\/mariswiss.com\/de\/wp-json\/wp\/v2\/product\/9752","targetHints":{"allow":["GET"]}}],"collection":[{"href":"https:\/\/mariswiss.com\/de\/wp-json\/wp\/v2\/product"}],"about":[{"href":"https:\/\/mariswiss.com\/de\/wp-json\/wp\/v2\/types\/product"}],"replies":[{"embeddable":true,"href":"https:\/\/mariswiss.com\/de\/wp-json\/wp\/v2\/comments?post=9752"}],"wp:featuredmedia":[{"embeddable":true,"href":"https:\/\/mariswiss.com\/de\/wp-json\/wp\/v2\/media\/9771"}],"wp:attachment":[{"href":"https:\/\/mariswiss.com\/de\/wp-json\/wp\/v2\/media?parent=9752"}],"wp:term":[{"taxonomy":"product_cat","embeddable":true,"href":"https:\/\/mariswiss.com\/de\/wp-json\/wp\/v2\/product_cat?post=9752"},{"taxonomy":"product_tag","embeddable":true,"href":"https:\/\/mariswiss.com\/de\/wp-json\/wp\/v2\/product_tag?post=9752"}],"curies":[{"name":"wp","href":"https:\/\/api.w.org\/{rel}","templated":true}]}}