{"id":19726,"date":"2024-11-23T08:38:05","date_gmt":"2024-11-23T08:38:05","guid":{"rendered":"https:\/\/mariswiss.com\/?page_id=19726"},"modified":"2024-12-05T15:11:47","modified_gmt":"2024-12-05T15:11:47","slug":"mention-legal","status":"publish","type":"page","link":"https:\/\/mariswiss.com\/en\/mention-legal\/","title":{"rendered":"Legal information"},"content":{"rendered":"<p>In accordance with the provisions of Articles 6-III and 19 of Law No. 2004-575 of 21 June 2004 on Confidence in the Digital Economy, known as the L.C.E.N., we hereby inform users and visitors to the https:\/\/www.mariswiss.com website of the following information:<\/p>\n<p><strong>Legal information :<br \/>\n<\/strong><br \/>\nCompany name: Eco Brothers S\u00e0rl<br \/>\nAddress:13 Route d'annemasse, 74160 SAINT-JULIEN-EN-GENEVOIS, France.<br \/>\nTel: +33 (0)679 82 40 78<br \/>\nCapital of : EUR 10,000<br \/>\nSIRET : 901 440 503 R.C.S. : Thonon-les-Bains<br \/>\nIntracommunity VAT number: FR30901440503<br \/>\nE-mail address: contact@mariswiss.com<\/p>\n<p>The creator of the site is: Mari Swiss<br \/>\nThe person responsible for the publication is its Chairman and Chief Executive Officer<br \/>\nContact the publication manager: contact@mariswiss.com<\/p>\n<p>Contact the Webmaster: you can use the contact form on the site.<\/p>\n<p>The website host is: 1&amp;1 IONOS Inc, 701 Lee Road, Suite 300, Chesterbrook, PA 19087, USA<\/p>","protected":false},"excerpt":{"rendered":"<p>Conform\u00e9ment aux dispositions des articles 6-III et 19 de la Loi n\u00b0 2004-575 du 21 juin 2004 pour la Confiance dans l\u2019\u00e9conomie num\u00e9rique, dite L.C.E.N., nous portons \u00e0 la connaissance des utilisateurs et visiteurs du site : https:\/\/www.mariswiss.com les informations suivantes : Informations l\u00e9gales : Nom de la Soci\u00e9t\u00e9 : Eco Brothers S\u00e0rl Adresse :13 [&#8230;]","protected":false},"author":81,"featured_media":0,"parent":0,"menu_order":0,"comment_status":"closed","ping_status":"closed","template":"","meta":{"inline_featured_image":false,"footnotes":""},"class_list":["post-19726","page","type-page","status-publish","hentry"],"jetpack_sharing_enabled":true,"_links":{"self":[{"href":"https:\/\/mariswiss.com\/en\/wp-json\/wp\/v2\/pages\/19726","targetHints":{"allow":["GET"]}}],"collection":[{"href":"https:\/\/mariswiss.com\/en\/wp-json\/wp\/v2\/pages"}],"about":[{"href":"https:\/\/mariswiss.com\/en\/wp-json\/wp\/v2\/types\/page"}],"author":[{"embeddable":true,"href":"https:\/\/mariswiss.com\/en\/wp-json\/wp\/v2\/users\/81"}],"replies":[{"embeddable":true,"href":"https:\/\/mariswiss.com\/en\/wp-json\/wp\/v2\/comments?post=19726"}],"version-history":[{"count":3,"href":"https:\/\/mariswiss.com\/en\/wp-json\/wp\/v2\/pages\/19726\/revisions"}],"predecessor-version":[{"id":19792,"href":"https:\/\/mariswiss.com\/en\/wp-json\/wp\/v2\/pages\/19726\/revisions\/19792"}],"wp:attachment":[{"href":"https:\/\/mariswiss.com\/en\/wp-json\/wp\/v2\/media?parent=19726"}],"curies":[{"name":"wp","href":"https:\/\/api.w.org\/{rel}","templated":true}]}}