{"id":21127,"date":"2026-04-21T14:27:52","date_gmt":"2026-04-21T14:27:52","guid":{"rendered":"https:\/\/mariswiss.com\/?post_type=product&#038;p=21127"},"modified":"2026-04-24T11:14:00","modified_gmt":"2026-04-24T11:14:00","slug":"nepal-cream-thv","status":"publish","type":"product","link":"https:\/\/mariswiss.com\/en\/product\/nepal-cream-thv\/","title":{"rendered":"Nepal Cream THV"},"content":{"rendered":"","protected":false},"excerpt":{"rendered":"<p><strong>NEPAL CREAM THV<\/strong><\/p>\n<ul>\n<li>Origine: Ce hash Nepal Cream THV est fait \u00e0 partir de fleurs indoors. Le pollen est tamis\u00e9 \u00e0 90 microns, ce qui assure une tr\u00e8s bonne qualit\u00e9 de pollen. Il est ensuite travaill\u00e9 par des sp\u00e9cialistes en r\u00e9sines CBD, qui y ajoute le distillat de CBD et de THV, totalement l\u00e9gal.<\/li>\n<li>Aspect: Une r\u00e9sine marron clair, huileuse et l\u00e9g\u00e8rement collante, mais tr\u00e8s facile d&#8217;utilisation.<\/li>\n<li>Odeur \/ Go\u00fbt: Ce hash est connu pour avoir des notes plut\u00f4t naturelles et une touche de fruit\u00e9, qui rappellent les r\u00e9sines d&#8217;antan<\/li>\n<li>Taux de CBD \/ Effets : Contenant 45% de CBD et 10% de la nouvelle mol\u00e9cule l\u00e9gale le THV, c&#8217;est une r\u00e9sine puissante et qui donne des effets forts. Conseill\u00e9 d&#8217;utiliser en fin de journ\u00e9e.<\/li>\n<\/ul>\n<ul>\n<li style=\"list-style-type: none;\"><\/li>\n<\/ul>","protected":false},"featured_media":21140,"comment_status":"open","ping_status":"closed","template":"","meta":{"inline_featured_image":false},"product_cat":[357,360,362],"product_tag":[244,76,494],"class_list":{"0":"post-21127","1":"product","2":"type-product","3":"status-publish","4":"has-post-thumbnail","6":"product_brand-mari-swiss","7":"product_cat-resines-de-cbd","8":"product_cat-thcp","9":"product_cat-resines-de-thcp","10":"product_tag-hash","11":"product_tag-indoor","12":"product_tag-thv","14":"first","15":"instock","16":"sale","17":"taxable","18":"shipping-taxable","19":"purchasable","20":"product-type-variable","21":"has-default-attributes"},"jetpack_sharing_enabled":true,"_links":{"self":[{"href":"https:\/\/mariswiss.com\/en\/wp-json\/wp\/v2\/product\/21127","targetHints":{"allow":["GET"]}}],"collection":[{"href":"https:\/\/mariswiss.com\/en\/wp-json\/wp\/v2\/product"}],"about":[{"href":"https:\/\/mariswiss.com\/en\/wp-json\/wp\/v2\/types\/product"}],"replies":[{"embeddable":true,"href":"https:\/\/mariswiss.com\/en\/wp-json\/wp\/v2\/comments?post=21127"}],"wp:featuredmedia":[{"embeddable":true,"href":"https:\/\/mariswiss.com\/en\/wp-json\/wp\/v2\/media\/21140"}],"wp:attachment":[{"href":"https:\/\/mariswiss.com\/en\/wp-json\/wp\/v2\/media?parent=21127"}],"wp:term":[{"taxonomy":"product_cat","embeddable":true,"href":"https:\/\/mariswiss.com\/en\/wp-json\/wp\/v2\/product_cat?post=21127"},{"taxonomy":"product_tag","embeddable":true,"href":"https:\/\/mariswiss.com\/en\/wp-json\/wp\/v2\/product_tag?post=21127"}],"curies":[{"name":"wp","href":"https:\/\/api.w.org\/{rel}","templated":true}]}}