{"id":10,"date":"2023-10-03T11:47:05","date_gmt":"2023-10-03T11:47:05","guid":{"rendered":"https:\/\/mariswiss.com\/?page_id=10"},"modified":"2024-03-18T11:27:24","modified_gmt":"2024-03-18T11:27:24","slug":"livraison-retour","status":"publish","type":"page","link":"https:\/\/mariswiss.com\/es\/livraison-retour\/","title":{"rendered":"Entrega + Devoluciones"},"content":{"rendered":"<div class=\"row\"  id=\"row-2116537730\">\n\n\t<div id=\"col-2039666112\" class=\"col medium-8 small-12 large-8\"  >\n\t\t\t\t<div class=\"col-inner\"  >\n\t\t\t\n\t\t\t\n<div class=\"container section-title-container\" ><h1 class=\"section-title section-title-bold-center\"><b><\/b><span class=\"section-title-main\" >Preparaci\u00f3n de la parcela<\/span><b><\/b><\/h1><\/div>\n<p>Los paquetes se env\u00edan generalmente dentro de 2 (dos) d\u00edas despu\u00e9s de la recepci\u00f3n del pago y se env\u00edan a trav\u00e9s de Colissimo con seguimiento y entrega sin firma.<br \/>\n- Los paquetes se env\u00edan a trav\u00e9s de Colissimo con seguimiento y entrega sin firma. Los paquetes tambi\u00e9n pueden enviarse a trav\u00e9s de Colissimo con seguimiento y entrega sin firma.<br \/>\n- Sea cual sea el m\u00e9todo de entrega que elija, le enviaremos un enlace para realizar el seguimiento de su paquete.<\/p>\n<div class=\"container section-title-container\" ><h1 class=\"section-title section-title-bold-center\"><b><\/b><span class=\"section-title-main\" >Entrega<\/span><b><\/b><\/h1><\/div>\n<p>A continuaci\u00f3n encontrar\u00e1 las tarifas de entrega, las condiciones de entrega gratuita y los plazos de entrega previstos:<\/p>\n\t<div id=\"text-2449584339\" class=\"text\">\n\t\t\n<table class=\"shipping-table\" style=\"height: 252px;\" width=\"292\">\n<tbody>\n<tr>\n<th style=\"text-align: center;\">pa\u00eds<\/th>\n<th style=\"text-align: center;\">Gastos de env\u00edo<\/th>\n<th style=\"text-align: center;\">Libre de<\/th>\n<th style=\"text-align: center;\">Plazos<\/th>\n<\/tr>\n<tr>\n<td style=\"text-align: center;\"><strong>Francia metropolitana<\/strong><\/td>\n<td class=\"price\" style=\"text-align: center;\"><strong>4.95 \u20ac<\/strong><\/td>\n<td class=\"price\" style=\"text-align: center;\"><strong>50 \u20ac<\/strong><\/td>\n<td class=\"time\" style=\"text-align: center;\"><strong>48 a 72 horas<\/strong><\/td>\n<\/tr>\n<tr>\n<td style=\"text-align: center;\"><strong>En el extranjero<\/strong><\/td>\n<td class=\"price\" style=\"text-align: center;\"><strong>13.10 \u20ac<\/strong><\/td>\n<td class=\"price\" style=\"text-align: center;\"><strong>95 \u20ac<\/strong><\/td>\n<td class=\"time\" style=\"text-align: center;\"><strong>De 5 a 10 d\u00edas<\/strong><\/td>\n<\/tr>\n<tr>\n<td style=\"text-align: center;\"><strong>Europa<\/strong><\/td>\n<td class=\"price\" style=\"text-align: center;\"><strong>10 \u20ac<\/strong><\/td>\n<td class=\"price\" style=\"text-align: center;\"><strong>70 \u20ac<\/strong><\/td>\n<td class=\"time\" style=\"text-align: center;\"><strong>De 4 a 7 d\u00edas<\/strong><\/td>\n<\/tr>\n<tr>\n<td style=\"text-align: center;\"><strong>REINO UNIDO<\/strong><\/td>\n<td class=\"price\" style=\"text-align: center;\"><strong>10\u20ac<\/strong><\/td>\n<td class=\"price\" style=\"text-align: center;\"><strong>70\u20ac<\/strong><\/td>\n<td class=\"time\" style=\"text-align: center;\"><strong>De 4 a 8 d\u00edas<\/strong><\/td>\n<\/tr>\n<tr>\n<td style=\"text-align: center;\"><strong>Suiza<\/strong><\/td>\n<td class=\"price\" style=\"text-align: center;\"><strong>5 \u20ac<\/strong><\/td>\n<td class=\"price\" style=\"text-align: center;\"><strong>50 \u20ac<\/strong><\/td>\n<td class=\"time\" style=\"text-align: center;\"><strong>48 a 72 horas<\/strong><\/td>\n<\/tr>\n<\/tbody>\n<\/table>\n\t\t\n<style>\n#text-2449584339 {\n  font-size: 0.8rem;\n}\n<\/style>\n\t<\/div>\n\t\n\t\t<\/div>\n\t\t\t\t\t<\/div>\n\n\t\n\n\t<div id=\"col-1735631777\" class=\"col medium-4 small-12 large-4\"  >\n\t\t\t\t<div class=\"col-inner\"  >\n\t\t\t\n\t\t\t\n\t<div class=\"img has-hover x md-x lg-x y md-y lg-y\" id=\"image_466692262\">\n\t\t\t\t\t\t\t\t<div class=\"img-inner dark\" >\n\t\t\t<img decoding=\"async\" width=\"800\" height=\"800\" src=\"https:\/\/i0.wp.com\/mariswiss.com\/wp-content\/uploads\/2023\/10\/Untitled-design-13-min.jpg?resize=800%2C800&#038;ssl=1\" class=\"attachment-original size-original\" alt=\"Entrega de CBD\" srcset=\"https:\/\/i0.wp.com\/mariswiss.com\/wp-content\/uploads\/2023\/10\/Untitled-design-13-min.jpg?w=800&amp;ssl=1 800w, https:\/\/i0.wp.com\/mariswiss.com\/wp-content\/uploads\/2023\/10\/Untitled-design-13-min.jpg?resize=400%2C400&amp;ssl=1 400w, https:\/\/i0.wp.com\/mariswiss.com\/wp-content\/uploads\/2023\/10\/Untitled-design-13-min.jpg?resize=280%2C280&amp;ssl=1 280w, https:\/\/i0.wp.com\/mariswiss.com\/wp-content\/uploads\/2023\/10\/Untitled-design-13-min.jpg?resize=768%2C768&amp;ssl=1 768w, https:\/\/i0.wp.com\/mariswiss.com\/wp-content\/uploads\/2023\/10\/Untitled-design-13-min.jpg?resize=510%2C510&amp;ssl=1 510w, https:\/\/i0.wp.com\/mariswiss.com\/wp-content\/uploads\/2023\/10\/Untitled-design-13-min.jpg?resize=100%2C100&amp;ssl=1 100w\" sizes=\"(max-width: 800px) 100vw, 800px\" title=\"\" data-recalc-dims=\"1\">\t\t\t\t\t\t\n\t\t\t\t\t<\/div>\n\t\t\t\t\t\t\t\t\n<style>\n#image_466692262 {\n  width: 100%;\n}\n<\/style>\n\t<\/div>\n\t\n\t\t<\/div>\n\t\t\t\t\t<\/div>\n\n\t\n<\/div>\n<div class=\"container section-title-container\" ><h1 class=\"section-title section-title-bold-center\"><b><\/b><span class=\"section-title-main\" >PAGO<\/span><b><\/b><\/h1><\/div>\n<div class=\"row\"  id=\"row-2058324239\">\n\n\t<div id=\"col-3095230\" class=\"col medium-4 small-12 large-4\"  >\n\t\t\t\t<div class=\"col-inner\"  >\n\t\t\t\n\t\t\t\n\t<div class=\"img has-hover x md-x lg-x y md-y lg-y\" id=\"image_2071239182\">\n\t\t\t\t\t\t\t\t<div class=\"img-inner dark\" >\n\t\t\t<img decoding=\"async\" width=\"768\" height=\"768\" src=\"https:\/\/i0.wp.com\/mariswiss.com\/wp-content\/uploads\/2023\/10\/Untitled-design-14.jpg?fit=768%2C768&amp;ssl=1\" class=\"attachment-medium_large size-medium_large\" alt=\"PAGO SEGURO CBD\" srcset=\"https:\/\/i0.wp.com\/mariswiss.com\/wp-content\/uploads\/2023\/10\/Untitled-design-14.jpg?w=800&amp;ssl=1 800w, https:\/\/i0.wp.com\/mariswiss.com\/wp-content\/uploads\/2023\/10\/Untitled-design-14.jpg?resize=400%2C400&amp;ssl=1 400w, https:\/\/i0.wp.com\/mariswiss.com\/wp-content\/uploads\/2023\/10\/Untitled-design-14.jpg?resize=280%2C280&amp;ssl=1 280w, https:\/\/i0.wp.com\/mariswiss.com\/wp-content\/uploads\/2023\/10\/Untitled-design-14.jpg?resize=768%2C768&amp;ssl=1 768w, https:\/\/i0.wp.com\/mariswiss.com\/wp-content\/uploads\/2023\/10\/Untitled-design-14.jpg?resize=510%2C510&amp;ssl=1 510w, https:\/\/i0.wp.com\/mariswiss.com\/wp-content\/uploads\/2023\/10\/Untitled-design-14.jpg?resize=100%2C100&amp;ssl=1 100w\" sizes=\"(max-width: 768px) 100vw, 768px\" title=\"\">\t\t\t\t\t\t\n\t\t\t\t\t<\/div>\n\t\t\t\t\t\t\t\t\n<style>\n#image_2071239182 {\n  width: 73%;\n}\n<\/style>\n\t<\/div>\n\t\n\t\t<\/div>\n\t\t\t\t\t<\/div>\n\n\t\n\n\t<div id=\"col-155196054\" class=\"col medium-8 small-12 large-8\"  >\n\t\t\t\t<div class=\"col-inner\"  >\n\t\t\t\n\t\t\t\n<p>Ofrecemos los siguientes m\u00e9todos de pago:<\/p>\n<p>- Tarjetas de cr\u00e9dito ( Visa, MasterCard, American Express )<br \/>\n- Transferencia bancaria<\/p>\n<p><em>*Su n\u00famero de tarjeta de cr\u00e9dito se dirige a los servidores de pago. Su pago se realiza directamente en un entorno seguro sin pasar por nuestro servidor, lo que garantiza que los n\u00fameros de su tarjeta de cr\u00e9dito s\u00f3lo son conocidos por nuestro socio bancario.<\/em><\/p>\n\t\t<\/div>\n\t\t\t\t\t<\/div>\n\n\t\n<\/div>\n<div class=\"container section-title-container\" ><h1 class=\"section-title section-title-bold-center\"><b><\/b><span class=\"section-title-main\" >DEVOLUCIONES Y REEMBOLSOS<\/span><b><\/b><\/h1><\/div>\n<div class=\"row row-collapse row-full-width align-middle\"  id=\"row-483557651\">\n\n\t<div id=\"col-1007901066\" class=\"col medium-6 small-12 large-6\"  >\n\t\t\t\t<div class=\"col-inner\"  >\n\t\t\t\n\t\t\t\n<p>En el improbable caso de que no quede satisfecho con la calidad de nuestros productos, le ofrecemos un servicio de reembolso:<\/p>\n<ul>\n<li>Debe ponerse en contacto con nosotros en un plazo de 7 d\u00edas a partir de la recepci\u00f3n enviando un correo electr\u00f3nico a <a href=\"mailto:hello@mariswiss.com\">hello@mariswiss.com<\/a>. Facilit\u00e1ndonos su n\u00famero de pedido y describiendo los motivos por los que desea el reembolso.<\/li>\n<li>Devuelva el producto en su embalaje original, sin abrir. Si un art\u00edculo ha sido usado\/abierto, no podemos aceptar devoluciones.<\/li>\n<li>Los art\u00edculos devueltos ser\u00e1n inspeccionados en busca de defectos y sustituidos o reembolsados si se detecta un defecto.<\/li>\n<li>El reembolso ser\u00e1 por el coste del producto y excluye todos los gastos de env\u00edo y embalaje.<\/li>\n<li>Los reembolsos se abonar\u00e1n utilizando el mismo m\u00e9todo de pago de la compra.<\/li>\n<li><strong>No aceptamos devoluciones de productos si no le gusta el sabor o el olor.<\/strong><\/li>\n<\/ul>\n<h3 id=\"h-5-remboursement\" class=\"wp-block-heading\"><strong>Reembolso<\/strong><\/h3>\n<ul>\n<li>Si necesita un reembolso por cualquier motivo, p\u00f3ngase en contacto con nosotros en la siguiente direcci\u00f3n de correo electr\u00f3nico: <a href=\"mailto:hello@mariswiss.com\">hello@mariswiss.com<\/a> y responderemos a su solicitud. Los reembolsos se realizar\u00e1n caso por caso y con pruebas irrefutables.<\/li>\n<\/ul>\n\t\t<\/div>\n\t\t\t\t\n<style>\n#col-1007901066 > .col-inner {\n  padding: 5% 5% 5% 5%;\n  max-width: 520px;\n}\n<\/style>\n\t<\/div>\n\n\t\n\n\t<div id=\"col-766395340\" class=\"col medium-6 small-12 large-6\"  >\n\t\t\t\t<div class=\"col-inner\"  >\n\t\t\t\n\t\t\t\n\t<div class=\"img has-hover x md-x lg-x y md-y lg-y\" id=\"image_392578121\">\n\t\t\t\t\t\t\t\t<div class=\"img-inner dark\" >\n\t\t\t<img decoding=\"async\" width=\"800\" height=\"800\" src=\"https:\/\/i0.wp.com\/mariswiss.com\/wp-content\/uploads\/2023\/10\/efund-1.jpg?fit=800%2C800&amp;ssl=1\" class=\"attachment-large size-large\" alt=\"\" srcset=\"https:\/\/i0.wp.com\/mariswiss.com\/wp-content\/uploads\/2023\/10\/efund-1.jpg?w=800&amp;ssl=1 800w, https:\/\/i0.wp.com\/mariswiss.com\/wp-content\/uploads\/2023\/10\/efund-1.jpg?resize=400%2C400&amp;ssl=1 400w, https:\/\/i0.wp.com\/mariswiss.com\/wp-content\/uploads\/2023\/10\/efund-1.jpg?resize=280%2C280&amp;ssl=1 280w, https:\/\/i0.wp.com\/mariswiss.com\/wp-content\/uploads\/2023\/10\/efund-1.jpg?resize=768%2C768&amp;ssl=1 768w, https:\/\/i0.wp.com\/mariswiss.com\/wp-content\/uploads\/2023\/10\/efund-1.jpg?resize=510%2C510&amp;ssl=1 510w, https:\/\/i0.wp.com\/mariswiss.com\/wp-content\/uploads\/2023\/10\/efund-1.jpg?resize=100%2C100&amp;ssl=1 100w\" sizes=\"(max-width: 800px) 100vw, 800px\" title=\"\">\t\t\t\t\t\t\n\t\t\t\t\t<\/div>\n\t\t\t\t\t\t\t\t\n<style>\n#image_392578121 {\n  width: 100%;\n}\n<\/style>\n\t<\/div>\n\t\n\t\t<\/div>\n\t\t\t\t\t<\/div>\n\n\t\n<\/div>","protected":false},"excerpt":{"rendered":"","protected":false},"author":2,"featured_media":0,"parent":0,"menu_order":0,"comment_status":"closed","ping_status":"closed","template":"","meta":{"inline_featured_image":false,"footnotes":""},"class_list":["post-10","page","type-page","status-publish","hentry"],"jetpack_sharing_enabled":true,"_links":{"self":[{"href":"https:\/\/mariswiss.com\/es\/wp-json\/wp\/v2\/pages\/10","targetHints":{"allow":["GET"]}}],"collection":[{"href":"https:\/\/mariswiss.com\/es\/wp-json\/wp\/v2\/pages"}],"about":[{"href":"https:\/\/mariswiss.com\/es\/wp-json\/wp\/v2\/types\/page"}],"author":[{"embeddable":true,"href":"https:\/\/mariswiss.com\/es\/wp-json\/wp\/v2\/users\/2"}],"replies":[{"embeddable":true,"href":"https:\/\/mariswiss.com\/es\/wp-json\/wp\/v2\/comments?post=10"}],"version-history":[{"count":15,"href":"https:\/\/mariswiss.com\/es\/wp-json\/wp\/v2\/pages\/10\/revisions"}],"predecessor-version":[{"id":17591,"href":"https:\/\/mariswiss.com\/es\/wp-json\/wp\/v2\/pages\/10\/revisions\/17591"}],"wp:attachment":[{"href":"https:\/\/mariswiss.com\/es\/wp-json\/wp\/v2\/media?parent=10"}],"curies":[{"name":"wp","href":"https:\/\/api.w.org\/{rel}","templated":true}]}}