{"id":16180,"date":"2023-10-02T06:59:01","date_gmt":"2023-10-02T06:59:01","guid":{"rendered":"https:\/\/mariswiss.com\/?page_id=16180"},"modified":"2024-12-05T15:25:42","modified_gmt":"2024-12-05T15:25:42","slug":"qui-sommes-nous","status":"publish","type":"page","link":"https:\/\/mariswiss.com\/es\/qui-sommes-nous\/","title":{"rendered":"\u00bfQui\u00e9nes somos?"},"content":{"rendered":"<h1>Acerca de MariSwiss : Su fuente de confianza para el cannabis legal de calidad suiza y mundial<\/h1>\n<p>Bienvenido a MariSwiss, una empresa europea dedicada a ofrecer productos legales de cannabis de calidad desde 2022. Estamos orgullosos de nuestro compromiso con la excelencia, la sostenibilidad y la satisfacci\u00f3n del cliente. En esta p\u00e1gina, le invitamos a conocer mejor nuestra historia, nuestro compromiso con la calidad suiza, nuestra gama de productos, nuestro servicio de env\u00edo europeo, nuestro apasionado equipo y c\u00f3mo ponerse en contacto con nosotros para cualquier pregunta o solicitud.<\/p>\n<div class=\"ux-logo has-hover align-middle ux_logo inline-block\" style=\"max-width: 100%!important; width: 230px!important\"><a class=\"ux-logo-link block image-\" title=\"\" href=\"https:\/\/mariswiss.com\/es\/\" style=\"padding: 15px;\"><img decoding=\"async\" src=\"https:\/\/i0.wp.com\/mariswiss.com\/wp-content\/uploads\/2023\/10\/MariSwiss-B-scaled.jpg?w=1020&#038;ssl=1\" title=\"\" alt=\"\" class=\"ux-logo-image block\" style=\"height:200px;\" data-recalc-dims=\"1\"><\/a><\/div>\n<h2>La historia de MariSwiss<\/h2>\n<p>La historia de MariSwiss comenz\u00f3 en 2022 con una visi\u00f3n clara: convertirse en l\u00edder del sector del cannabis legal. Fundada por entusiastas del cannabis apasionados por la calidad suiza, nuestra empresa evolucion\u00f3 r\u00e1pidamente para satisfacer la creciente necesidad del mercado de productos de cannabis legal de alta calidad.<\/p>\n<h2>Nuestro compromiso con la calidad<\/h2>\n<p>En MariSwiss, la calidad es nuestra consigna. Creemos en la pureza de la naturaleza en Suiza y en otros lugares, por lo que algunos de nuestros productos de cannabis legal proceden de cultivos ecol\u00f3gicos suizos. Otros proceden de otras partes del mundo (Uruguay, Francia, Italia), con un rigor de producci\u00f3n que seleccionamos a mano. Estamos decididos a mantener los m\u00e1s altos niveles de control de calidad en todos los productos que ofrecemos. Colaboramos estrechamente con cultivadores locales que comparten nuestra pasi\u00f3n por el cultivo sostenible y respetuoso con el medio ambiente.<\/p>\n<h2>Nuestra gama de productos<\/h2>\n<p>Estamos orgullosos de ofrecerle una amplia gama de productos legales de cannabis, dise\u00f1ados para satisfacer sus necesidades individuales. Tanto si buscas flores de cannabis de primera calidad, potentes extractos, aceites refinados o deliciosos comestibles, MariSwiss tiene lo que necesitas. Cada uno de nuestros productos es cuidadosamente seleccionado por su calidad y potencial para ofrecer una experiencia de consumo excepcional.<\/p>\n<h2>Env\u00edos a Europa<\/h2>\n<p>En MariSwiss, nuestra misi\u00f3n es hacer que nuestros productos de cannabis legal sean accesibles a un p\u00fablico m\u00e1s amplio en Europa. Nos complace anunciar que ofrecemos un servicio de env\u00edo fiable y seguro a muchos pa\u00edses europeos. Con nuestra experiencia en log\u00edstica, nos comprometemos a garantizar que sus pedidos lleguen sanos y salvos a la puerta de su casa.<\/p>\n<h2>Nuestro equipo<\/h2>\n<p>Nuestro equipo est\u00e1 formado por profesionales apasionados y dedicados que comparten la misma visi\u00f3n de calidad e innovaci\u00f3n. Desde el cultivo hasta la distribuci\u00f3n, cada miembro de nuestro equipo aporta una valiosa experiencia para garantizar que MariSwiss siga siendo un referente en el sector del cannabis legal.<\/p>\n<h2>Compromiso con la sostenibilidad<\/h2>\n<p>En MariSwiss somos conscientes de la importancia de la sostenibilidad en la industria del cannabis. Por eso nos comprometemos a reducir al m\u00e1ximo nuestra huella medioambiental. Nuestros cultivadores utilizan pr\u00e1cticas agr\u00edcolas respetuosas con el medio ambiente y utilizamos envases reciclables para reducir los residuos pl\u00e1sticos. Nos comprometemos a contribuir a un futuro m\u00e1s ecol\u00f3gico a la vez que te proporcionamos los mejores productos legales de cannabis.<\/p>\n<h2>Innovaci\u00f3n e investigaci\u00f3n<\/h2>\n<p>Creemos en la innovaci\u00f3n continua para mejorar nuestros productos y satisfacer las necesidades cambiantes de nuestros clientes. Nuestro equipo de investigaci\u00f3n y desarrollo trabaja incansablemente para desarrollar nuevas variedades de cannabis, m\u00e9todos avanzados de extracci\u00f3n y productos innovadores. Seguimos a la vanguardia del sector del cannabis legal.<\/p>\n<h2>Comunidad y responsabilidad social<\/h2>\n<p>MariSwiss se enorgullece de ser parte integrante de la comunidad. Nos comprometemos a apoyar las iniciativas locales y a contribuir positivamente a nuestra sociedad. Adem\u00e1s, defendemos el uso responsable del cannabis legal y promovemos informaci\u00f3n educativa para ayudar a nuestros clientes a tomar decisiones informadas.<\/p>\n<h2>P\u00f3ngase en contacto con nosotros<\/h2>\n<p>Siempre estamos encantados de escuchar a nuestros clientes y responder a sus preguntas. No dude en ponerse en contacto con nosotros para cualquier consulta sobre informaci\u00f3n, asistencia o productos. Puede ponerse en contacto con nosotros por correo electr\u00f3nico en [direcci\u00f3n de correo electr\u00f3nico] o por tel\u00e9fono en [n\u00famero de tel\u00e9fono]. Tambi\u00e9n estamos presentes en las redes sociales, donde puede seguirnos para conocer las \u00faltimas noticias y actualizaciones.<\/p>\n<p>Gracias por elegir MariSwiss para sus necesidades de productos legales de cannabis de calidad suiza. Esperamos poder servirle y ofrecerle una experiencia excepcional en cada paso del camino.<\/p>","protected":false},"excerpt":{"rendered":"<p>\u00c0 propos de MariSwiss : Votre Source de Confiance pour le Cannabis L\u00e9gal de Qualit\u00e9 Suisse et Monde Bienvenue chez MariSwiss, une soci\u00e9t\u00e9 europ\u00e9enne d\u00e9di\u00e9e \u00e0 l&#8217;offre de produits de cannabis l\u00e9gal de qualit\u00e9 depuis 2022. Nous sommes fiers de notre engagement envers l&#8217;excellence, la durabilit\u00e9 et la satisfaction de nos clients. Dans cette page, [&#8230;]","protected":false},"author":2,"featured_media":16175,"parent":0,"menu_order":0,"comment_status":"closed","ping_status":"closed","template":"","meta":{"inline_featured_image":false,"footnotes":""},"class_list":["post-16180","page","type-page","status-publish","has-post-thumbnail","hentry"],"jetpack_sharing_enabled":true,"_links":{"self":[{"href":"https:\/\/mariswiss.com\/es\/wp-json\/wp\/v2\/pages\/16180","targetHints":{"allow":["GET"]}}],"collection":[{"href":"https:\/\/mariswiss.com\/es\/wp-json\/wp\/v2\/pages"}],"about":[{"href":"https:\/\/mariswiss.com\/es\/wp-json\/wp\/v2\/types\/page"}],"author":[{"embeddable":true,"href":"https:\/\/mariswiss.com\/es\/wp-json\/wp\/v2\/users\/2"}],"replies":[{"embeddable":true,"href":"https:\/\/mariswiss.com\/es\/wp-json\/wp\/v2\/comments?post=16180"}],"version-history":[{"count":13,"href":"https:\/\/mariswiss.com\/es\/wp-json\/wp\/v2\/pages\/16180\/revisions"}],"predecessor-version":[{"id":19797,"href":"https:\/\/mariswiss.com\/es\/wp-json\/wp\/v2\/pages\/16180\/revisions\/19797"}],"wp:featuredmedia":[{"embeddable":true,"href":"https:\/\/mariswiss.com\/es\/wp-json\/wp\/v2\/media\/16175"}],"wp:attachment":[{"href":"https:\/\/mariswiss.com\/es\/wp-json\/wp\/v2\/media?parent=16180"}],"curies":[{"name":"wp","href":"https:\/\/api.w.org\/{rel}","templated":true}]}}