{"id":16212,"date":"2023-10-03T12:59:53","date_gmt":"2023-10-03T12:59:53","guid":{"rendered":"https:\/\/mariswiss.com\/?page_id=16212"},"modified":"2024-12-05T15:16:10","modified_gmt":"2024-12-05T15:16:10","slug":"conditions-generales","status":"publish","type":"page","link":"https:\/\/mariswiss.com\/es\/conditions-generales\/","title":{"rendered":"Condiciones Generales de Contrataci\u00f3n (CGC)"},"content":{"rendered":"<h1>Condiciones Generales de Contrataci\u00f3n (CGC)<\/h1>\n<p>Al utilizar nuestro sitio web y comprar productos o servicios en \u00e9l, usted acepta autom\u00e1ticamente nuestras condiciones y confirma que tiene al menos 18 a\u00f1os.<\/p>\n<p><strong>1. Inscripci\u00f3n<\/strong><br \/>\nUsted es el \u00fanico responsable de la exactitud e integridad de los datos que facilite al registrarse en el sitio.<br \/>\nEn caso necesario, nos informar\u00e1 de cualquier cambio en los datos facilitados actualizando el perfil lo antes posible.<br \/>\nAl registrarse, debe elegir una contrase\u00f1a que le permita utilizar nuestro sitio. Esta contrase\u00f1a es estrictamente confidencial. No debe revelarse a terceros.<br \/>\nUsted es el \u00fanico responsable del uso, almacenamiento y seguridad de su contrase\u00f1a.<br \/>\nSi sabe o sospecha que un tercero tiene acceso a su contrase\u00f1a, inf\u00f3rmenos inmediatamente.<\/p>\n<p><strong>2. Premios<\/strong><br \/>\nLos precios indicados en nuestro sitio se expresan en euros (EUR), francos suizos (CHF) y libras esterlinas (\u00a3).<br \/>\nEl precio indicado en las fichas de producto no incluye el transporte.<br \/>\n<em>Los precios pueden variar sin previo aviso.<\/em><\/p>\n<p><strong>3. Entrega<\/strong><br \/>\nSu pedido se enviar\u00e1 en un plazo de 24 a 48 horas tras la recepci\u00f3n del pago. Una vez enviado el pedido, recibir\u00e1s un correo electr\u00f3nico con el n\u00famero de seguimiento.<br \/>\nTambi\u00e9n puede encontrar su n\u00famero de seguimiento en su secci\u00f3n personal de nuestro sitio, en \"pedidos\".<br \/>\nSu pedido se entregar\u00e1 en la direcci\u00f3n indicada en el mismo.<br \/>\nEnviamos su pedido por correo prioritario con n\u00famero de seguimiento.<br \/>\nSu pedido puede enviarse en varios paquetes.<br \/>\nEl plazo de env\u00edo es de 3 (tres) a 5 (cinco) d\u00edas laborables, o m\u00e1s seg\u00fan las circunstancias.<\/p>\n<p><strong>4. 4. Pol\u00edtica de devoluciones<\/strong><br \/>\nEn el improbable caso de que no quede satisfecho con la calidad de nuestros productos, le ofrecemos un servicio de reembolso:<\/p>\n<p>Debe ponerse en contacto con nosotros en un plazo de 7 d\u00edas a partir de la recepci\u00f3n enviando un correo electr\u00f3nico a <a href=\"mailto:hello@mariswiss.com\">hello@mariswiss.com<\/a> . Facilit\u00e1ndonos la referencia de su pedido y describiendo los motivos por los que desea el reembolso. No nos haremos responsables de ninguna p\u00e9rdida o da\u00f1o si no lo hace.<br \/>\nDevuelva el producto en su embalaje original, sin abrir. Si un art\u00edculo ha sido usado\/abierto, no podemos aceptar devoluciones.<br \/>\nLos art\u00edculos devueltos ser\u00e1n inspeccionados en busca de defectos y sustituidos o reembolsados si se detecta un defecto.<br \/>\nEl reembolso ser\u00e1 por el coste del producto y excluye todos los gastos de env\u00edo y embalaje.<br \/>\nPor lo general, los reembolsos se abonar\u00e1n utilizando el mismo m\u00e9todo de pago de la compra.<br \/>\nNo aceptamos devoluciones de productos si no le gusta el sabor o el olor.<\/p>\n<p><strong>5. Reembolso<\/strong><\/p>\n<p>Si necesita un reembolso por cualquier motivo, p\u00f3ngase en contacto con nosotros en la siguiente direcci\u00f3n de correo electr\u00f3nico: <a href=\"mailto:hello@mariswiss.com\">hello@mariswiss.com<\/a> y responderemos a su solicitud. Los reembolsos se realizar\u00e1n caso por caso y con pruebas irrefutables.<\/p>\n<p><strong>6. Error de env\u00edo<\/strong><br \/>\n- Debe comprobar inmediatamente el pedido entregado.<\/p>\n<p>- Si el art\u00edculo no se corresponde con el pedido, puede deberse a un error de env\u00edo. En ese caso, dispondr\u00e1 de tres (3) d\u00edas laborables para notificarnos el error.<\/p>\n<p>- En caso de error de env\u00edo del que seamos responsables, propondremos una soluci\u00f3n de compensaci\u00f3n en funci\u00f3n de cada caso.<\/p>\n<p><strong>7. 7. Formas de pago<\/strong><br \/>\nSugerimos la siguiente forma de pago:<\/p>\n<p>Tarjetas de cr\u00e9dito (Visa, MasterCard, American Express)<br \/>\nTransferencia bancaria: IBAN : FR76 3000 4006 8300 0102 5141 293. BIC : BNPAFRPPXXX<br \/>\n* Su n\u00famero de tarjeta de cr\u00e9dito se dirige a los servidores de pago. Su pago se realiza directamente en un entorno seguro sin pasar por el servidor www.mariswiss.com, lo que garantiza que los n\u00fameros de su tarjeta de cr\u00e9dito s\u00f3lo son conocidos por nuestro socio bancario.<\/p>\n<p><strong>8. Responsabilidad del cliente<\/strong><br \/>\nTenga en cuenta que no estamos autorizados a proporcionar consejos o diagn\u00f3sticos m\u00e9dicos. Le aconsejamos que consulte a su m\u00e9dico antes de empezar a consumir productos que contengan CBD. Tambi\u00e9n le recordamos que cuando se compromete a realizar una compra, se compromete a respetar las normas, a ser mayor de edad y a conocer la legislaci\u00f3n vigente en su pa\u00eds en materia de CBD.<\/p>\n<p>El cliente acepta la responsabilidad de:<\/p>\n<p>Da\u00f1os personales,<br \/>\nDa\u00f1os e intereses,<br \/>\nMedidas punitivas,<br \/>\nP\u00e9rdida de beneficios o ingresos,<br \/>\nP\u00e9rdida de uso de un producto o equipo,<br \/>\nP\u00e9rdida de bienes resultante de la compra, uso o mal uso de un producto.<br \/>\nMariswiss.com, sus propietarios, agentes y empleados no se hacen responsables de las acciones de sus clientes.<\/p>\n<p><strong>9. Pol\u00edtica de datos<\/strong><br \/>\nLea atentamente nuestra p\u00e1gina de Pol\u00edtica de privacidad.<\/p>\n<p><strong>10. Modificaci\u00f3n de nuestras condiciones generales<\/strong><br \/>\nPodemos cambiar (actualizar) nuestros t\u00e9rminos y condiciones de vez en cuando. Le notificaremos cualquier cambio publicando la nueva pol\u00edtica de privacidad en esta p\u00e1gina.<br \/>\nConsulte a menudo esta p\u00e1gina cuando utilice nuestro servicio.<br \/>\nLe aconsejamos que consulte peri\u00f3dicamente esta pol\u00edtica de confidencialidad para tomar nota de cualquier cambio. Las modificaciones de esta pol\u00edtica de confidencialidad entran en vigor en cuanto se publican en esta p\u00e1gina.<\/p>\n<p><strong>11. Contacto y atenci\u00f3n al cliente<\/strong><br \/>\nSi desea m\u00e1s informaci\u00f3n, p\u00f3ngase en contacto con nosotros por correo electr\u00f3nico en la direcci\u00f3n <a href=\"mailto:contact@mariswiss.com\">contatc@mariswiss.com<\/a> o en nuestro <a href=\"https:\/\/ticket.mariswiss.com\/\">P\u00f3ngase en contacto con nosotros para obtener m\u00e1s informaci\u00f3n.<\/a><\/p>","protected":false},"excerpt":{"rendered":"<p>Conditions g\u00e9n\u00e9rales (CVG) L\u2019utilisation de notre site web et l\u2019achat de produits ou services sur celui-ci, confirme automatiquement que vous acceptez nos conditions g\u00e9n\u00e9rales et que vous confirmez que vous avez au moins 18 ans. 1. Inscription Vous \u00eates seul responsable de l\u2019exactitude et de l\u2019exhaustivit\u00e9 des donn\u00e9es que vous fournissez lors de votre inscription [&#8230;]","protected":false},"author":2,"featured_media":0,"parent":0,"menu_order":0,"comment_status":"closed","ping_status":"closed","template":"","meta":{"inline_featured_image":false,"footnotes":""},"class_list":["post-16212","page","type-page","status-publish","hentry"],"jetpack_sharing_enabled":true,"_links":{"self":[{"href":"https:\/\/mariswiss.com\/es\/wp-json\/wp\/v2\/pages\/16212","targetHints":{"allow":["GET"]}}],"collection":[{"href":"https:\/\/mariswiss.com\/es\/wp-json\/wp\/v2\/pages"}],"about":[{"href":"https:\/\/mariswiss.com\/es\/wp-json\/wp\/v2\/types\/page"}],"author":[{"embeddable":true,"href":"https:\/\/mariswiss.com\/es\/wp-json\/wp\/v2\/users\/2"}],"replies":[{"embeddable":true,"href":"https:\/\/mariswiss.com\/es\/wp-json\/wp\/v2\/comments?post=16212"}],"version-history":[{"count":7,"href":"https:\/\/mariswiss.com\/es\/wp-json\/wp\/v2\/pages\/16212\/revisions"}],"predecessor-version":[{"id":19794,"href":"https:\/\/mariswiss.com\/es\/wp-json\/wp\/v2\/pages\/16212\/revisions\/19794"}],"wp:attachment":[{"href":"https:\/\/mariswiss.com\/es\/wp-json\/wp\/v2\/media?parent=16212"}],"curies":[{"name":"wp","href":"https:\/\/api.w.org\/{rel}","templated":true}]}}