{"id":16396,"date":"2023-10-18T11:57:06","date_gmt":"2023-10-18T11:57:06","guid":{"rendered":"https:\/\/mariswiss.com\/?page_id=16396"},"modified":"2024-04-02T12:43:15","modified_gmt":"2024-04-02T12:43:15","slug":"programme-de-fidelite","status":"publish","type":"page","link":"https:\/\/mariswiss.com\/es\/programme-de-fidelite\/","title":{"rendered":"Programa de fidelizaci\u00f3n"},"content":{"rendered":"<ol>\n<li>\u00bfC\u00f3mo funciona el sistema?\n<ul>\n<li>Cada euro que gastes en nuestra web te dar\u00e1 1 punto.<\/li>\n<\/ul>\n<\/li>\n<li>Deja una rese\u00f1a de nuestra tienda para ganar 20 puntos.<\/li>\n<li>Reg\u00edstrese como cliente en nuestra tienda y reciba 100 puntos.<\/li>\n<li>Luego, con estos puntos, podr\u00e1s hacer compras con descuento en nuestra web, o incluso hacer un pedido gratis si tienes suficientes puntos.\n<ul>\n<li>1 gastado = 1 punto<\/li>\n<li>1 opini\u00f3n publicada = 20 puntos<\/li>\n<li>Registrar una cuenta de cliente = 100 puntos<\/li>\n<\/ul>\n<\/li>\n<li>Despu\u00e9s de recibir su paquete, si est\u00e1 satisfecho con los productos y el servicio, puede dejar una opini\u00f3n de 5 estrellas en la siguiente p\u00e1gina: [enlace de Trustpilot]. Cuando lo hagas, te daremos 100 puntos de fidelidad, equivalentes a 5 \u20ac de descuento en tu pr\u00f3ximo pedido.\n<ul>\n<li>100 puntos = 5 euros de descuento en tu pr\u00f3ximo pedido<\/li>\n<\/ul>\n<\/li>\n<li>\u00bfQuieres acumular m\u00e1s puntos? Publica rese\u00f1as de los productos que has comprado y cada rese\u00f1a te har\u00e1 ganar 20 puntos.<\/li>\n<li>Para consultar su saldo de puntos, s\u00f3lo tiene que acceder a su cuenta y seleccionar \"Puntos\" en el men\u00fa principal.<\/li>\n<li>Para saber c\u00f3mo utilizar sus puntos, visite nuestra p\u00e1gina dedicada.<\/li>\n<\/ol>","protected":false},"excerpt":{"rendered":"<p>Comment fonctionne ce syst\u00e8me ? Chaque euro que vous d\u00e9pensez sur notre site vous rapporte 1 point. Laissez un avis sur notre boutique pour accumuler 20 points. Enregistrez-vous en tant que client sur notre boutique et recevez 100 points. Ensuite, avec ces points, vous pouvez effectuer des achats \u00e0 prix r\u00e9duit sur notre site web, [&#8230;]","protected":false},"author":2,"featured_media":0,"parent":0,"menu_order":0,"comment_status":"closed","ping_status":"closed","template":"","meta":{"inline_featured_image":false,"footnotes":""},"class_list":["post-16396","page","type-page","status-publish","hentry"],"jetpack_sharing_enabled":true,"_links":{"self":[{"href":"https:\/\/mariswiss.com\/es\/wp-json\/wp\/v2\/pages\/16396","targetHints":{"allow":["GET"]}}],"collection":[{"href":"https:\/\/mariswiss.com\/es\/wp-json\/wp\/v2\/pages"}],"about":[{"href":"https:\/\/mariswiss.com\/es\/wp-json\/wp\/v2\/types\/page"}],"author":[{"embeddable":true,"href":"https:\/\/mariswiss.com\/es\/wp-json\/wp\/v2\/users\/2"}],"replies":[{"embeddable":true,"href":"https:\/\/mariswiss.com\/es\/wp-json\/wp\/v2\/comments?post=16396"}],"version-history":[{"count":4,"href":"https:\/\/mariswiss.com\/es\/wp-json\/wp\/v2\/pages\/16396\/revisions"}],"predecessor-version":[{"id":16403,"href":"https:\/\/mariswiss.com\/es\/wp-json\/wp\/v2\/pages\/16396\/revisions\/16403"}],"wp:attachment":[{"href":"https:\/\/mariswiss.com\/es\/wp-json\/wp\/v2\/media?parent=16396"}],"curies":[{"name":"wp","href":"https:\/\/api.w.org\/{rel}","templated":true}]}}