{"id":16462,"date":"2023-10-31T08:42:00","date_gmt":"2023-10-31T08:42:00","guid":{"rendered":"https:\/\/mariswiss.com\/?post_type=product&#038;p=16462"},"modified":"2025-07-17T10:24:31","modified_gmt":"2025-07-17T10:24:31","slug":"nlx-baby-buds-cbd-indoor","status":"publish","type":"product","link":"https:\/\/mariswiss.com\/es\/product\/nlx-baby-buds-cbd-indoor\/","title":{"rendered":"NLX baby buds CBD Interior"},"content":{"rendered":"<p><span style=\"text-decoration: underline;\"><strong>NLX BABY BUDS CBD INDOOR<\/strong><\/span><\/p>\n<ul>\n<li>Origen: Cultivada en Suiza y en interior. Condiciones \u00f3ptimas (humedad, calor, luz).<\/li>\n<li>Aspecto: Flores peque\u00f1as, del tama\u00f1o de palomitas de ma\u00edz, compactas y claras, rodeadas de polen. Flores ligeramente h\u00famedas.<\/li>\n<li>Olor \/ sabor: Olor a madera cuando se abre la bolsa. Cuando se quema, un olor a pimienta y un sabor fuerte.<\/li>\n<li>Contenido en CBD \/ efectos: 14% de CBD para esta flor. No demasiado potente, ideal tanto para el consumo diurno como nocturno.<\/li>\n<\/ul>","protected":false},"excerpt":{"rendered":"<p><span style=\"text-decoration: underline;\"><strong>NLX BABY BUDS CBD INDOOR<\/strong><\/span><\/p>\n<ul>\n<li>Origen: Cultivado en interior en Suiza en condiciones \u00f3ptimas (humedad, calor, luz, temperatura).<\/li>\n<li>Aspecto: Surtido de peque\u00f1as flores parecidas a palomitas de ma\u00edz. Flores de color verde claro, bastante h\u00famedas y compactas.<\/li>\n<li>Olor \/ sabor: Olor amaderado muy presente al abrir la bolsita, t\u00edpico de la variedad NLX, similar a una V1. Cuando se quema, el olor es m\u00e1s bien a pimienta y el sabor est\u00e1 muy presente.<\/li>\n<li>Contenido\/efectos CBD: 14% de CBD para esta flor, una potencia relativamente medida que asegurar\u00e1 una ligera relajaci\u00f3n. Se puede tomar a cualquier hora del d\u00eda.<\/li>\n<\/ul>","protected":false},"featured_media":16467,"comment_status":"open","ping_status":"closed","template":"","meta":{"inline_featured_image":false},"product_cat":[353,354,407],"product_tag":[220,76],"class_list":{"0":"post-16462","1":"product","2":"type-product","3":"status-publish","4":"has-post-thumbnail","6":"product_brand-mari-swiss","7":"product_cat-fleurs-de-cbd","8":"product_cat-indoor","9":"product_cat-mini-buds","10":"product_tag-fleurs-cbd","11":"product_tag-indoor","13":"first","14":"instock","15":"sale","16":"taxable","17":"shipping-taxable","18":"purchasable","19":"product-type-variable"},"jetpack_sharing_enabled":true,"_links":{"self":[{"href":"https:\/\/mariswiss.com\/es\/wp-json\/wp\/v2\/product\/16462","targetHints":{"allow":["GET"]}}],"collection":[{"href":"https:\/\/mariswiss.com\/es\/wp-json\/wp\/v2\/product"}],"about":[{"href":"https:\/\/mariswiss.com\/es\/wp-json\/wp\/v2\/types\/product"}],"replies":[{"embeddable":true,"href":"https:\/\/mariswiss.com\/es\/wp-json\/wp\/v2\/comments?post=16462"}],"wp:featuredmedia":[{"embeddable":true,"href":"https:\/\/mariswiss.com\/es\/wp-json\/wp\/v2\/media\/16467"}],"wp:attachment":[{"href":"https:\/\/mariswiss.com\/es\/wp-json\/wp\/v2\/media?parent=16462"}],"wp:term":[{"taxonomy":"product_cat","embeddable":true,"href":"https:\/\/mariswiss.com\/es\/wp-json\/wp\/v2\/product_cat?post=16462"},{"taxonomy":"product_tag","embeddable":true,"href":"https:\/\/mariswiss.com\/es\/wp-json\/wp\/v2\/product_tag?post=16462"}],"curies":[{"name":"wp","href":"https:\/\/api.w.org\/{rel}","templated":true}]}}