{"id":16475,"date":"2023-10-31T09:02:01","date_gmt":"2023-10-31T09:02:01","guid":{"rendered":"https:\/\/mariswiss.com\/?post_type=product&#038;p=16475"},"modified":"2025-07-17T10:20:04","modified_gmt":"2025-07-17T10:20:04","slug":"blueberry-muffin-cbd-indoor","status":"publish","type":"product","link":"https:\/\/mariswiss.com\/es\/product\/blueberry-muffin-cbd-indoor\/","title":{"rendered":"Blueberry Muffin CBD Interior"},"content":{"rendered":"<p><span style=\"text-decoration: underline;\"><strong>BLUEBERRY MUFFIN CBD INDOOR<\/strong><\/span><\/p>\n<ul>\n<li>Origen: Cultivado en interior en Suiza. Por tanto, las condiciones de cultivo son perfectas (humedad, calor, luz, etc.).<\/li>\n<li>Aspecto: Grandes cogollos de color verde claro. Las flores son compactas y est\u00e1n llenas de tricomas anaranjados, t\u00edpicos de la gen\u00e9tica Blueberry.<\/li>\n<li>Olor \/ sabor: Flor muy perfumada, afrutada y amaderada. Al consumirla, se percibe un sabor dulce en la boca.<\/li>\n<li>Contenido de CBD \/ efectos: 18% de CBD para esta flor, por lo que es una flor bastante fuerte que seguramente te ayudar\u00e1 a relajarte.<\/li>\n<\/ul>","protected":false},"excerpt":{"rendered":"<p><span style=\"text-decoration: underline;\"><strong>BLUEBERRY MUFFIN CBD INDOOR<\/strong><\/span><\/p>\n<ul>\n<li>Origen: Cultivado en interior en Suiza. Por tanto, las condiciones de cultivo son perfectas (humedad, calor, luz, etc.).<\/li>\n<li>Aspecto: Grandes cogollos de color verde claro. Las flores son compactas y est\u00e1n llenas de tricomas anaranjados, t\u00edpicos de la gen\u00e9tica Blueberry.<\/li>\n<li>Olor \/ sabor: Flor muy perfumada, afrutada y amaderada. Al consumirla, se percibe un sabor dulce en la boca.<\/li>\n<li>Contenido de CBD \/ efectos: 18% de CBD para esta flor, por lo que es una flor bastante fuerte que seguramente te ayudar\u00e1 a relajarte.<\/li>\n<\/ul>","protected":false},"featured_media":16480,"comment_status":"open","ping_status":"closed","template":"","meta":{"inline_featured_image":false},"product_cat":[353,354],"product_tag":[220,76],"class_list":{"0":"post-16475","1":"product","2":"type-product","3":"status-publish","4":"has-post-thumbnail","6":"product_brand-mari-swiss","7":"product_cat-fleurs-de-cbd","8":"product_cat-indoor","9":"product_tag-fleurs-cbd","10":"product_tag-indoor","12":"first","13":"instock","14":"sale","15":"taxable","16":"shipping-taxable","17":"purchasable","18":"product-type-variable"},"jetpack_sharing_enabled":true,"_links":{"self":[{"href":"https:\/\/mariswiss.com\/es\/wp-json\/wp\/v2\/product\/16475","targetHints":{"allow":["GET"]}}],"collection":[{"href":"https:\/\/mariswiss.com\/es\/wp-json\/wp\/v2\/product"}],"about":[{"href":"https:\/\/mariswiss.com\/es\/wp-json\/wp\/v2\/types\/product"}],"replies":[{"embeddable":true,"href":"https:\/\/mariswiss.com\/es\/wp-json\/wp\/v2\/comments?post=16475"}],"wp:featuredmedia":[{"embeddable":true,"href":"https:\/\/mariswiss.com\/es\/wp-json\/wp\/v2\/media\/16480"}],"wp:attachment":[{"href":"https:\/\/mariswiss.com\/es\/wp-json\/wp\/v2\/media?parent=16475"}],"wp:term":[{"taxonomy":"product_cat","embeddable":true,"href":"https:\/\/mariswiss.com\/es\/wp-json\/wp\/v2\/product_cat?post=16475"},{"taxonomy":"product_tag","embeddable":true,"href":"https:\/\/mariswiss.com\/es\/wp-json\/wp\/v2\/product_tag?post=16475"}],"curies":[{"name":"wp","href":"https:\/\/api.w.org\/{rel}","templated":true}]}}