{"id":16535,"date":"2023-11-03T15:15:13","date_gmt":"2023-11-03T15:15:13","guid":{"rendered":"https:\/\/mariswiss.com\/?post_type=product&#038;p=16535"},"modified":"2026-01-29T11:02:10","modified_gmt":"2026-01-29T11:02:10","slug":"red-lebanese-hash","status":"publish","type":"product","link":"https:\/\/mariswiss.com\/es\/product\/red-lebanese-hash\/","title":{"rendered":"Hach\u00eds liban\u00e9s rojo CBN"},"content":{"rendered":"<p><span style=\"text-decoration: underline;\"><strong>HACH\u00cdS ROJO LIBAN\u00c9S<\/strong><\/span><\/p>\n<ul>\n<li class=\"lead\">Origen: Elaborado en Suiza en nuestro laboratorio de cultivo, a partir de flores cultivadas en interior.<\/li>\n<li class=\"lead\">Aspecto: Resina de color marr\u00f3n claro con notas ocres rojizas. De dureza media, es f\u00e1cil de usar. Adici\u00f3n de CBNolat.<\/li>\n<li class=\"lead\">Olor \/ sabor: Olor fuerte y amaderado. Cuando se quema, se encuentra el olor de verdaderas mierdas viejas.<\/li>\n<li class=\"lead\">Efectos CBD: 25% de CBD. Este es un potente hach\u00eds que te relajar\u00e1 justo como lo necesitas.<\/li>\n<\/ul>","protected":false},"excerpt":{"rendered":"<p><span style=\"text-decoration: underline;\"><strong>RED LEBANESE HASH CBN<\/strong><\/span><\/p>\n<ul>\n<li class=\"lead\">Origen: Elaborado en Suiza en nuestro laboratorio de cultivo, a partir de flores cultivadas en interior.<\/li>\n<li class=\"lead\">Aspecto: Resina de color marr\u00f3n claro con notas ocres rojizas. De dureza media, es f\u00e1cil de usar. Adici\u00f3n de CBNolat.<\/li>\n<li class=\"lead\">Olor \/ sabor: Olor fuerte y amaderado. Cuando se quema, se encuentra el olor de verdaderas mierdas viejas.<\/li>\n<li class=\"lead\">Efectos CBD: 25% de CBD. Este es un potente hach\u00eds que te relajar\u00e1 justo como lo necesitas.<\/li>\n<li style=\"list-style-type: none;\"><\/li>\n<\/ul>","protected":false},"featured_media":19305,"comment_status":"open","ping_status":"closed","template":"","meta":{"inline_featured_image":false},"product_cat":[357,360,362],"product_tag":[244,482,76],"class_list":{"0":"post-16535","1":"product","2":"type-product","3":"status-publish","4":"has-post-thumbnail","6":"product_brand-mari-swiss","7":"product_cat-resines-de-cbd","8":"product_cat-thcp","9":"product_cat-resines-de-thcp","10":"product_tag-hash","11":"product_tag-hsd","12":"product_tag-indoor","14":"first","15":"instock","16":"sale","17":"taxable","18":"shipping-taxable","19":"purchasable","20":"product-type-variable"},"jetpack_sharing_enabled":true,"_links":{"self":[{"href":"https:\/\/mariswiss.com\/es\/wp-json\/wp\/v2\/product\/16535","targetHints":{"allow":["GET"]}}],"collection":[{"href":"https:\/\/mariswiss.com\/es\/wp-json\/wp\/v2\/product"}],"about":[{"href":"https:\/\/mariswiss.com\/es\/wp-json\/wp\/v2\/types\/product"}],"replies":[{"embeddable":true,"href":"https:\/\/mariswiss.com\/es\/wp-json\/wp\/v2\/comments?post=16535"}],"wp:featuredmedia":[{"embeddable":true,"href":"https:\/\/mariswiss.com\/es\/wp-json\/wp\/v2\/media\/19305"}],"wp:attachment":[{"href":"https:\/\/mariswiss.com\/es\/wp-json\/wp\/v2\/media?parent=16535"}],"wp:term":[{"taxonomy":"product_cat","embeddable":true,"href":"https:\/\/mariswiss.com\/es\/wp-json\/wp\/v2\/product_cat?post=16535"},{"taxonomy":"product_tag","embeddable":true,"href":"https:\/\/mariswiss.com\/es\/wp-json\/wp\/v2\/product_tag?post=16535"}],"curies":[{"name":"wp","href":"https:\/\/api.w.org\/{rel}","templated":true}]}}