{"id":16813,"date":"2023-11-23T15:37:30","date_gmt":"2023-11-23T15:37:30","guid":{"rendered":"https:\/\/mariswiss.com\/?post_type=product&#038;p=16813"},"modified":"2025-07-11T08:17:06","modified_gmt":"2025-07-11T08:17:06","slug":"nepali-hhcpo","status":"publish","type":"product","link":"https:\/\/mariswiss.com\/es\/product\/nepali-hhcpo\/","title":{"rendered":"Nepal\u00ed - INTERIOR"},"content":{"rendered":"","protected":false},"excerpt":{"rendered":"<ul>\n<li style=\"list-style-type: none;\"><span style=\"text-decoration: underline;\"><strong>NEPALI<\/strong><\/span>\n<ul>\n<li>Origen: Elaborado con esmero en el cant\u00f3n de Valais, Suiza, a partir de flores cultivadas en interiores.<\/li>\n<li>Aspecto: esta resina tiene un color negro intenso y una textura suave y generosa, lo que facilita su uso.<\/li>\n<li>Fragancia \/ Sabor: Este famoso hach\u00eds tiene una fragancia \u00fanica, picante y deliciosa. Cuando se quema, esta huella olfativa ligeramente picante aparece, a\u00f1adiendo una nota distintiva a la experiencia del sabor.<\/li>\n<li>Efectos: Una concentraci\u00f3n significativa de 26% CBD+ da a esta resina una potencia notable.<\/li>\n<\/ul>\n<\/li>\n<\/ul>","protected":false},"featured_media":16820,"comment_status":"open","ping_status":"closed","template":"","meta":{"inline_featured_image":false},"product_cat":[362,360],"product_tag":[244,76],"class_list":{"0":"post-16813","1":"product","2":"type-product","3":"status-publish","4":"has-post-thumbnail","6":"product_brand-mari-swiss","7":"product_cat-resines-de-thcp","8":"product_cat-thcp","9":"product_tag-hash","10":"product_tag-indoor","12":"first","13":"outofstock","14":"sale","15":"taxable","16":"shipping-taxable","17":"purchasable","18":"product-type-variable","19":"has-default-attributes"},"jetpack_sharing_enabled":true,"_links":{"self":[{"href":"https:\/\/mariswiss.com\/es\/wp-json\/wp\/v2\/product\/16813","targetHints":{"allow":["GET"]}}],"collection":[{"href":"https:\/\/mariswiss.com\/es\/wp-json\/wp\/v2\/product"}],"about":[{"href":"https:\/\/mariswiss.com\/es\/wp-json\/wp\/v2\/types\/product"}],"replies":[{"embeddable":true,"href":"https:\/\/mariswiss.com\/es\/wp-json\/wp\/v2\/comments?post=16813"}],"wp:featuredmedia":[{"embeddable":true,"href":"https:\/\/mariswiss.com\/es\/wp-json\/wp\/v2\/media\/16820"}],"wp:attachment":[{"href":"https:\/\/mariswiss.com\/es\/wp-json\/wp\/v2\/media?parent=16813"}],"wp:term":[{"taxonomy":"product_cat","embeddable":true,"href":"https:\/\/mariswiss.com\/es\/wp-json\/wp\/v2\/product_cat?post=16813"},{"taxonomy":"product_tag","embeddable":true,"href":"https:\/\/mariswiss.com\/es\/wp-json\/wp\/v2\/product_tag?post=16813"}],"curies":[{"name":"wp","href":"https:\/\/api.w.org\/{rel}","templated":true}]}}