{"id":17380,"date":"2024-02-01T16:15:57","date_gmt":"2024-02-01T16:15:57","guid":{"rendered":"https:\/\/mariswiss.com\/?post_type=product&#038;p=17380"},"modified":"2026-03-30T18:50:38","modified_gmt":"2026-03-30T18:50:38","slug":"frosty-cake-cbd","status":"publish","type":"product","link":"https:\/\/mariswiss.com\/es\/product\/frosty-cake-cbd\/","title":{"rendered":"Tarta helada de CBD"},"content":{"rendered":"<p><span style=\"text-decoration: underline;\"><strong>FROSTY CAKE CBD<\/strong><\/span><\/p>\n<p>Frosty Cake CBD es la \u00faltima incorporaci\u00f3n a nuestro cat\u00e1logo de CBD. Es una flor de tipo crio, por lo que es muy clara y acampanada, y viene en forma de cogollos de hierba muy grandes.<\/p>\n<p>Seguro que le gustar\u00e1, ya que le recordar\u00e1 a una flor natural y amaderada.<\/p>\n<p>Imprescindible para los entendidos en buenos productos de CBD<\/p>","protected":false},"excerpt":{"rendered":"<p><span style=\"text-decoration: underline;\"><strong>FROSTY CAKE CBD<\/strong><\/span><\/p>\n<ul>\n<li>Origen: La Frosty Cake CBD es una magn\u00edfica flor cultivada en invernaderos de la Suiza francesa. Es de color verde muy claro, debido a su cultivo semihidrop\u00f3nico.<\/li>\n<li>Aspecto: Cogollos muy grandes y esponjosos, f\u00e1ciles de desmenuzar.<\/li>\n<li>Perfume \/ Sabor: Una flor con un perfume muy natural y amaderado. Gustar\u00e1 enormemente a los amantes de las flores muy florales y terrosas.<\/li>\n<li>Contenido de CBD: 13% de CBD para esta flor de invernadero de muy alta calidad<\/li>\n<\/ul>","protected":false},"featured_media":20086,"comment_status":"open","ping_status":"closed","template":"","meta":{"inline_featured_image":false},"product_cat":[352,353,355],"product_tag":[220,227],"class_list":{"0":"post-17380","1":"product","2":"type-product","3":"status-publish","4":"has-post-thumbnail","6":"product_brand-mari-swiss","7":"product_cat-cbd","8":"product_cat-fleurs-de-cbd","9":"product_cat-greenhouse","10":"product_tag-fleurs-cbd","11":"product_tag-greenhouse","13":"first","14":"instock","15":"sale","16":"taxable","17":"shipping-taxable","18":"purchasable","19":"product-type-variable","20":"has-default-attributes"},"jetpack_sharing_enabled":true,"_links":{"self":[{"href":"https:\/\/mariswiss.com\/es\/wp-json\/wp\/v2\/product\/17380","targetHints":{"allow":["GET"]}}],"collection":[{"href":"https:\/\/mariswiss.com\/es\/wp-json\/wp\/v2\/product"}],"about":[{"href":"https:\/\/mariswiss.com\/es\/wp-json\/wp\/v2\/types\/product"}],"replies":[{"embeddable":true,"href":"https:\/\/mariswiss.com\/es\/wp-json\/wp\/v2\/comments?post=17380"}],"wp:featuredmedia":[{"embeddable":true,"href":"https:\/\/mariswiss.com\/es\/wp-json\/wp\/v2\/media\/20086"}],"wp:attachment":[{"href":"https:\/\/mariswiss.com\/es\/wp-json\/wp\/v2\/media?parent=17380"}],"wp:term":[{"taxonomy":"product_cat","embeddable":true,"href":"https:\/\/mariswiss.com\/es\/wp-json\/wp\/v2\/product_cat?post=17380"},{"taxonomy":"product_tag","embeddable":true,"href":"https:\/\/mariswiss.com\/es\/wp-json\/wp\/v2\/product_tag?post=17380"}],"curies":[{"name":"wp","href":"https:\/\/api.w.org\/{rel}","templated":true}]}}