{"id":17535,"date":"2024-03-15T08:16:58","date_gmt":"2024-03-15T08:16:58","guid":{"rendered":"https:\/\/mariswiss.com\/?post_type=product&#038;p=17535"},"modified":"2025-07-11T08:17:01","modified_gmt":"2025-07-11T08:17:01","slug":"kushberry-thcp","status":"publish","type":"product","link":"https:\/\/mariswiss.com\/es\/product\/kushberry-thcp\/","title":{"rendered":"Kushberry - Invernadero"},"content":{"rendered":"","protected":false},"excerpt":{"rendered":"<p><strong>Kushberry THCP - Invernadero<\/strong><\/p>\n<p>Descubra KushBerry Greenhouse, la \u00faltima incorporaci\u00f3n a nuestra colecci\u00f3n THCP, donde cada majestuosa flor mide entre 1 y 3 cm.<\/p>\n<ul>\n<li>Origen: Cultivado en Suiza, en la regi\u00f3n de Vaud.<\/li>\n<li>Aspecto: Esta variedad destaca por su frescura y ligereza, con una estructura a\u00e9rea que realza sus caracter\u00edsticos tonos anaranjados.<\/li>\n<li>Olor \/ sabor: Al quemarse, desprende aromas dulces y afrutados, fieles a la reputaci\u00f3n de la variedad, para una experiencia sensorial encantadora.<\/li>\n<li>Contenido en CBD \/ Efectos: Enriquecida con 18% de CBD+, KushBerry Greenhouse demuestra ser una opci\u00f3n robusta. Su potencia viene acompa\u00f1ada de una profunda relajaci\u00f3n y una exquisita paleta de sabores, prometiendo un placer impecable con cada uso.<\/li>\n<\/ul>","protected":false},"featured_media":17541,"comment_status":"open","ping_status":"closed","template":"","meta":{"inline_featured_image":false},"product_cat":[361],"product_tag":[227],"class_list":{"0":"post-17535","1":"product","2":"type-product","3":"status-publish","4":"has-post-thumbnail","6":"product_brand-mari-swiss","7":"product_cat-fleurs-de-thcp","8":"product_tag-greenhouse","10":"first","11":"outofstock","12":"sale","13":"taxable","14":"shipping-taxable","15":"purchasable","16":"product-type-variable"},"jetpack_sharing_enabled":true,"_links":{"self":[{"href":"https:\/\/mariswiss.com\/es\/wp-json\/wp\/v2\/product\/17535","targetHints":{"allow":["GET"]}}],"collection":[{"href":"https:\/\/mariswiss.com\/es\/wp-json\/wp\/v2\/product"}],"about":[{"href":"https:\/\/mariswiss.com\/es\/wp-json\/wp\/v2\/types\/product"}],"replies":[{"embeddable":true,"href":"https:\/\/mariswiss.com\/es\/wp-json\/wp\/v2\/comments?post=17535"}],"wp:featuredmedia":[{"embeddable":true,"href":"https:\/\/mariswiss.com\/es\/wp-json\/wp\/v2\/media\/17541"}],"wp:attachment":[{"href":"https:\/\/mariswiss.com\/es\/wp-json\/wp\/v2\/media?parent=17535"}],"wp:term":[{"taxonomy":"product_cat","embeddable":true,"href":"https:\/\/mariswiss.com\/es\/wp-json\/wp\/v2\/product_cat?post=17535"},{"taxonomy":"product_tag","embeddable":true,"href":"https:\/\/mariswiss.com\/es\/wp-json\/wp\/v2\/product_tag?post=17535"}],"curies":[{"name":"wp","href":"https:\/\/api.w.org\/{rel}","templated":true}]}}