{"id":18082,"date":"2024-05-03T09:48:37","date_gmt":"2024-05-03T09:48:37","guid":{"rendered":"https:\/\/mariswiss.com\/?post_type=product&#038;p=18082"},"modified":"2025-07-15T15:51:09","modified_gmt":"2025-07-15T15:51:09","slug":"swiss-premium-black-hash-bio-cbd","status":"publish","type":"product","link":"https:\/\/mariswiss.com\/es\/product\/swiss-premium-black-hash-bio-cbd\/","title":{"rendered":"Swiss Premium Hach\u00eds Negro BIO CBD"},"content":{"rendered":"","protected":false},"excerpt":{"rendered":"<div style=\"text-align: left;\">\n<p><strong>Swiss Premium Hach\u00eds Negro BIO<\/strong><\/p>\n<ul>\n<li>Origen: El Swiss Premium Black Hash BIO se produce en el cant\u00f3n de Berna (Suiza), donde se cultivan flores de alta calidad en interior siguiendo los principios de la agricultura ecol\u00f3gica.<\/li>\n<li>Aspecto: Esta resina es compacta y ligeramente aceitosa, por lo que es muy f\u00e1cil de manipular para un uso \u00f3ptimo.<\/li>\n<li>Olor \/ Sabor: Con su pronunciado sabor, este hach\u00eds ofrece una intensa experiencia arom\u00e1tica que har\u00e1 las delicias de los aficionados a las aut\u00e9nticas resinas con un marcado car\u00e1cter.<\/li>\n<li>Contenido en CBD \/ Efectos: Contiene 30% de CBD. Principalmente relajante, este hach\u00eds es ideal para aquellos que buscan una relajaci\u00f3n profunda, gracias a sus propiedades derivadas de flores org\u00e1nicas de primera calidad. Imprescindible para los entendidos que buscan una experiencia excepcional.<\/li>\n<\/ul>\n<\/div>","protected":false},"featured_media":18055,"comment_status":"open","ping_status":"closed","template":"","meta":{"inline_featured_image":false},"product_cat":[352,357],"product_tag":[],"class_list":{"0":"post-18082","1":"product","2":"type-product","3":"status-publish","4":"has-post-thumbnail","6":"product_brand-mari-swiss","7":"product_cat-cbd","8":"product_cat-resines-de-cbd","10":"first","11":"instock","12":"sale","13":"taxable","14":"shipping-taxable","15":"purchasable","16":"product-type-variable"},"jetpack_sharing_enabled":true,"_links":{"self":[{"href":"https:\/\/mariswiss.com\/es\/wp-json\/wp\/v2\/product\/18082","targetHints":{"allow":["GET"]}}],"collection":[{"href":"https:\/\/mariswiss.com\/es\/wp-json\/wp\/v2\/product"}],"about":[{"href":"https:\/\/mariswiss.com\/es\/wp-json\/wp\/v2\/types\/product"}],"replies":[{"embeddable":true,"href":"https:\/\/mariswiss.com\/es\/wp-json\/wp\/v2\/comments?post=18082"}],"wp:featuredmedia":[{"embeddable":true,"href":"https:\/\/mariswiss.com\/es\/wp-json\/wp\/v2\/media\/18055"}],"wp:attachment":[{"href":"https:\/\/mariswiss.com\/es\/wp-json\/wp\/v2\/media?parent=18082"}],"wp:term":[{"taxonomy":"product_cat","embeddable":true,"href":"https:\/\/mariswiss.com\/es\/wp-json\/wp\/v2\/product_cat?post=18082"},{"taxonomy":"product_tag","embeddable":true,"href":"https:\/\/mariswiss.com\/es\/wp-json\/wp\/v2\/product_tag?post=18082"}],"curies":[{"name":"wp","href":"https:\/\/api.w.org\/{rel}","templated":true}]}}