{"id":18088,"date":"2024-05-03T09:49:49","date_gmt":"2024-05-03T09:49:49","guid":{"rendered":"https:\/\/mariswiss.com\/?post_type=product&#038;p=18088"},"modified":"2025-07-15T15:50:47","modified_gmt":"2025-07-15T15:50:47","slug":"swiss-premium-brown-hash-bio-cbd","status":"publish","type":"product","link":"https:\/\/mariswiss.com\/es\/product\/swiss-premium-brown-hash-bio-cbd\/","title":{"rendered":"Swiss Premium Brown Hash BIO CBD"},"content":{"rendered":"","protected":false},"excerpt":{"rendered":"<div style=\"text-align: left;\">\n<p><strong>Swiss Premium Hach\u00eds Negro BIO<\/strong><\/p>\n<ul>\n<li>Origen: El Swiss Premium Brown Hash BIO se produce en el cant\u00f3n de Berna (Suiza), donde se cultivan flores de gran calidad siguiendo los principios de la agricultura ecol\u00f3gica.<\/li>\n<li>Aspecto: De color marr\u00f3n ligeramente oscuro, esta resina es semiblanda y muy pr\u00e1ctica de usar. No da\u00f1a los dedos, por lo que es ideal para un uso f\u00e1cil y limpio.<\/li>\n<li>Olor \/ Sabor: Tiene un sabor agradable. <span style=\"font-size: 14.4px;\">dulce.<\/span><\/li>\n<li>Contenido en CBD \/ Efectos: Contiene 29% de CBD. Con un contenido de CBD de 27%, Swiss Premium Brown Hash BIO garantiza una relajaci\u00f3n profunda. Es una resina perfectamente adecuada para aquellos que buscan relajarse mientras disfrutan de un producto con un sabor distintivo.<\/li>\n<\/ul>\n<\/div>","protected":false},"featured_media":18054,"comment_status":"open","ping_status":"closed","template":"","meta":{"inline_featured_image":false},"product_cat":[352,357],"product_tag":[],"class_list":{"0":"post-18088","1":"product","2":"type-product","3":"status-publish","4":"has-post-thumbnail","6":"product_brand-mari-swiss","7":"product_cat-cbd","8":"product_cat-resines-de-cbd","10":"first","11":"instock","12":"sale","13":"taxable","14":"shipping-taxable","15":"purchasable","16":"product-type-variable"},"jetpack_sharing_enabled":true,"_links":{"self":[{"href":"https:\/\/mariswiss.com\/es\/wp-json\/wp\/v2\/product\/18088","targetHints":{"allow":["GET"]}}],"collection":[{"href":"https:\/\/mariswiss.com\/es\/wp-json\/wp\/v2\/product"}],"about":[{"href":"https:\/\/mariswiss.com\/es\/wp-json\/wp\/v2\/types\/product"}],"replies":[{"embeddable":true,"href":"https:\/\/mariswiss.com\/es\/wp-json\/wp\/v2\/comments?post=18088"}],"wp:featuredmedia":[{"embeddable":true,"href":"https:\/\/mariswiss.com\/es\/wp-json\/wp\/v2\/media\/18054"}],"wp:attachment":[{"href":"https:\/\/mariswiss.com\/es\/wp-json\/wp\/v2\/media?parent=18088"}],"wp:term":[{"taxonomy":"product_cat","embeddable":true,"href":"https:\/\/mariswiss.com\/es\/wp-json\/wp\/v2\/product_cat?post=18088"},{"taxonomy":"product_tag","embeddable":true,"href":"https:\/\/mariswiss.com\/es\/wp-json\/wp\/v2\/product_tag?post=18088"}],"curies":[{"name":"wp","href":"https:\/\/api.w.org\/{rel}","templated":true}]}}