{"id":18296,"date":"2024-05-27T14:17:18","date_gmt":"2024-05-27T14:17:18","guid":{"rendered":"https:\/\/mariswiss.com\/?post_type=product&#038;p=18296"},"modified":"2025-07-11T08:16:26","modified_gmt":"2025-07-11T08:16:26","slug":"ocb-bamboo-king-size-slim-papers-100-bamboo","status":"publish","type":"product","link":"https:\/\/mariswiss.com\/es\/product\/ocb-bamboo-king-size-slim-papers-100-bamboo\/","title":{"rendered":"OCB BAMB\u00da KING SIZE PAPELES SLIM - 100% BAMB\u00da"},"content":{"rendered":"","protected":false},"excerpt":{"rendered":"<h2>OCB BAMBOO KING SIZE SLIM PAPERS<\/h2>\n<p>\u00a1Aqu\u00ed OCB presenta hojas de cigarrillo fabricadas con 100 % de bamb\u00fa!<\/p>\n<p>El bamb\u00fa es una materia prima que se renueva r\u00e1pidamente, y el papel fabricado con \u00e9l se caracteriza tambi\u00e9n por su flexibilidad y resistencia al desgarro. Cada cuadernillo contiene 32 hojas de bamb\u00fa sin blanquear, ultrafino y de combusti\u00f3n uniforme. Este producto es vegano y est\u00e1 fabricado en Francia.<\/p>\n<p>En pocas palabras:<\/p>\n<ul>\n<li>Tama\u00f1o de la hoja: 44 x 109 mm<\/li>\n<li>Sin blanquear y sin colorantes<\/li>\n<li>32 hojas por cuadernillo<\/li>\n<li>50 folletos por caja<\/li>\n<\/ul>","protected":false},"featured_media":18297,"comment_status":"open","ping_status":"closed","template":"","meta":{"inline_featured_image":false},"product_cat":[366,369],"product_tag":[217],"class_list":{"0":"post-18296","1":"product","2":"type-product","3":"status-publish","4":"has-post-thumbnail","6":"product_brand-ocb","7":"product_cat-accessoires","8":"product_cat-feuilles-a-rouler","9":"product_tag-feuilles","11":"first","12":"instock","13":"taxable","14":"shipping-taxable","15":"purchasable","16":"product-type-simple"},"jetpack_sharing_enabled":true,"_links":{"self":[{"href":"https:\/\/mariswiss.com\/es\/wp-json\/wp\/v2\/product\/18296","targetHints":{"allow":["GET"]}}],"collection":[{"href":"https:\/\/mariswiss.com\/es\/wp-json\/wp\/v2\/product"}],"about":[{"href":"https:\/\/mariswiss.com\/es\/wp-json\/wp\/v2\/types\/product"}],"replies":[{"embeddable":true,"href":"https:\/\/mariswiss.com\/es\/wp-json\/wp\/v2\/comments?post=18296"}],"wp:featuredmedia":[{"embeddable":true,"href":"https:\/\/mariswiss.com\/es\/wp-json\/wp\/v2\/media\/18297"}],"wp:attachment":[{"href":"https:\/\/mariswiss.com\/es\/wp-json\/wp\/v2\/media?parent=18296"}],"wp:term":[{"taxonomy":"product_cat","embeddable":true,"href":"https:\/\/mariswiss.com\/es\/wp-json\/wp\/v2\/product_cat?post=18296"},{"taxonomy":"product_tag","embeddable":true,"href":"https:\/\/mariswiss.com\/es\/wp-json\/wp\/v2\/product_tag?post=18296"}],"curies":[{"name":"wp","href":"https:\/\/api.w.org\/{rel}","templated":true}]}}