{"id":18881,"date":"2024-07-23T17:53:01","date_gmt":"2024-07-23T17:53:01","guid":{"rendered":"https:\/\/mariswiss.com\/?post_type=product&#038;p=18881"},"modified":"2026-04-17T09:03:58","modified_gmt":"2026-04-17T09:03:58","slug":"tangie-dream-cbd-indoor","status":"publish","type":"product","link":"https:\/\/mariswiss.com\/es\/product\/tangie-dream-cbd-indoor\/","title":{"rendered":"Tangie Dream CBD de interior"},"content":{"rendered":"","protected":false},"excerpt":{"rendered":"<p><strong>Tangie CBD Interior<\/strong><\/p>\n<p><strong>Origen<\/strong> Cultivada en interior en el cant\u00f3n suizo de Vaud, esta variedad destaca por su belleza y su excepcional calidad.<\/p>\n<p><strong>Aspecto<\/strong> Una magn\u00edfica flor compacta de color verde oscuro salpicada de bonitos pistilos anaranjados.<\/p>\n<p><strong>Olor \/ Sabor<\/strong> Toda la potencia de esta flor se siente al beberla. Una aut\u00e9ntica flor de car\u00e1cter, con notas \u00e1cidas y un regusto a frutas ex\u00f3ticas.<\/p>\n<p><strong>Nivel de CBD \/ Efectos<\/strong> Esta flor tiene un contenido de CBD de 23%, ofreciendo efectos potentes y relajantes.<\/p>","protected":false},"featured_media":18886,"comment_status":"open","ping_status":"closed","template":"","meta":{"inline_featured_image":false},"product_cat":[353,352,354],"product_tag":[76],"class_list":{"0":"post-18881","1":"product","2":"type-product","3":"status-publish","4":"has-post-thumbnail","6":"product_brand-mari-swiss","7":"product_cat-fleurs-de-cbd","8":"product_cat-cbd","9":"product_cat-indoor","10":"product_tag-indoor","12":"first","13":"instock","14":"sale","15":"taxable","16":"shipping-taxable","17":"purchasable","18":"product-type-variable"},"jetpack_sharing_enabled":true,"_links":{"self":[{"href":"https:\/\/mariswiss.com\/es\/wp-json\/wp\/v2\/product\/18881","targetHints":{"allow":["GET"]}}],"collection":[{"href":"https:\/\/mariswiss.com\/es\/wp-json\/wp\/v2\/product"}],"about":[{"href":"https:\/\/mariswiss.com\/es\/wp-json\/wp\/v2\/types\/product"}],"replies":[{"embeddable":true,"href":"https:\/\/mariswiss.com\/es\/wp-json\/wp\/v2\/comments?post=18881"}],"wp:featuredmedia":[{"embeddable":true,"href":"https:\/\/mariswiss.com\/es\/wp-json\/wp\/v2\/media\/18886"}],"wp:attachment":[{"href":"https:\/\/mariswiss.com\/es\/wp-json\/wp\/v2\/media?parent=18881"}],"wp:term":[{"taxonomy":"product_cat","embeddable":true,"href":"https:\/\/mariswiss.com\/es\/wp-json\/wp\/v2\/product_cat?post=18881"},{"taxonomy":"product_tag","embeddable":true,"href":"https:\/\/mariswiss.com\/es\/wp-json\/wp\/v2\/product_tag?post=18881"}],"curies":[{"name":"wp","href":"https:\/\/api.w.org\/{rel}","templated":true}]}}