{"id":19297,"date":"2024-09-10T13:30:43","date_gmt":"2024-09-10T13:30:43","guid":{"rendered":"https:\/\/mariswiss.com\/?post_type=product&#038;p=19297"},"modified":"2026-04-17T09:03:56","modified_gmt":"2026-04-17T09:03:56","slug":"tropical-greenhouse-cbn","status":"publish","type":"product","link":"https:\/\/mariswiss.com\/es\/product\/tropical-greenhouse-cbn\/","title":{"rendered":"Tropical Greenhouse CBN"},"content":{"rendered":"","protected":false},"excerpt":{"rendered":"<p><strong>Tropical Greenhouse CBN<\/strong><\/p>\n<p><strong>Origen<\/strong> Esta variedad se cultiva en invernaderos suizos, por lo que la temperatura es un poco m\u00e1s fresca al estar un poco m\u00e1s arriba. La producen cultivadores apasionados en las regiones monta\u00f1osas de Suiza.<\/p>\n<p><strong>Aspecto<\/strong> Cogollos ligeros, grandes y en forma de pomp\u00f3n. Un poco m\u00e1s frondosa y aireada que una de interior, que es lo que le da su encanto.<\/p>\n<p><strong style=\"font-size: 14.4px;\">Olor \/ Sabor<\/strong><span style=\"font-size: 14.4px;\"> De una variedad estrechamente emparentada con Hawaiian Haze, es muy afrutada (notas de mango y frutas ex\u00f3ticas) y floralmente potente. El HSD (aislado de CBN, CBC y potente polen legal natural) alegra esta fuerte flor.<\/span><\/p>\n<p><strong>Niveles y efectos del CBD<\/strong> : Cette fleur affiche un taux de CBD de 16%, et 10% de CBN.<\/p>","protected":false},"featured_media":19303,"comment_status":"open","ping_status":"closed","template":"","meta":{"inline_featured_image":false},"product_cat":[360,361],"product_tag":[227,482],"class_list":{"0":"post-19297","1":"product","2":"type-product","3":"status-publish","4":"has-post-thumbnail","6":"product_cat-thcp","7":"product_cat-fleurs-de-thcp","8":"product_tag-greenhouse","9":"product_tag-hsd","11":"first","12":"outofstock","13":"sale","14":"taxable","15":"shipping-taxable","16":"purchasable","17":"product-type-variable"},"jetpack_sharing_enabled":true,"_links":{"self":[{"href":"https:\/\/mariswiss.com\/es\/wp-json\/wp\/v2\/product\/19297","targetHints":{"allow":["GET"]}}],"collection":[{"href":"https:\/\/mariswiss.com\/es\/wp-json\/wp\/v2\/product"}],"about":[{"href":"https:\/\/mariswiss.com\/es\/wp-json\/wp\/v2\/types\/product"}],"replies":[{"embeddable":true,"href":"https:\/\/mariswiss.com\/es\/wp-json\/wp\/v2\/comments?post=19297"}],"wp:featuredmedia":[{"embeddable":true,"href":"https:\/\/mariswiss.com\/es\/wp-json\/wp\/v2\/media\/19303"}],"wp:attachment":[{"href":"https:\/\/mariswiss.com\/es\/wp-json\/wp\/v2\/media?parent=19297"}],"wp:term":[{"taxonomy":"product_cat","embeddable":true,"href":"https:\/\/mariswiss.com\/es\/wp-json\/wp\/v2\/product_cat?post=19297"},{"taxonomy":"product_tag","embeddable":true,"href":"https:\/\/mariswiss.com\/es\/wp-json\/wp\/v2\/product_tag?post=19297"}],"curies":[{"name":"wp","href":"https:\/\/api.w.org\/{rel}","templated":true}]}}