{"id":19651,"date":"2024-11-05T14:25:55","date_gmt":"2024-11-05T14:25:55","guid":{"rendered":"https:\/\/mariswiss.com\/?post_type=product&#038;p=19651"},"modified":"2026-01-28T23:21:19","modified_gmt":"2026-01-28T23:21:19","slug":"king-hassan-hsd","status":"publish","type":"product","link":"https:\/\/mariswiss.com\/es\/product\/king-hassan-hsd\/","title":{"rendered":"Rey Hassan"},"content":{"rendered":"<p>Una nueva incorporaci\u00f3n a nuestra gama de resinas y productos HSD.<\/p>\n<p>King Hassan es un hach\u00eds potente y muy arom\u00e1tico, con fuertes notas especiadas. Tambi\u00e9n lo tenemos en nuestra gama CBD, sin infusionar.<\/p>\n<p>Si te gustan las resinas fuertes, oscuras y h\u00famedas, este hach\u00eds te encantar\u00e1 siempre.<\/p>","protected":false},"excerpt":{"rendered":"<p><strong>HSD Rey Hassan<\/strong><\/p>\n<ul>\n<li>Origen: Este producto se elabora en el laboratorio de nuestros productores en la Suiza alemana, utilizando polen de flores de interior. Mol\u00e9cula HSD a\u00f1adida durante la preparaci\u00f3n.<\/li>\n<li>Aspecto: Este hach\u00eds es oscuro, suave y ligeramente aceitoso.<\/li>\n<li>Olor \/ Sabor: King Hassan es un hach\u00eds conocido en todo el mundo por su olor distintivo, potente y picante. Cuando lo quemes, oler\u00e1s ese fuerte aroma picante, y cuando lo consumas, experimentar\u00e1s toda la potencia de sus terpenos.<\/li>\n<li>Contenido en CBD\/Efectos: Con 28% de CBD y 10% de HSD, este hach\u00eds te proporcionar\u00e1 un subid\u00f3n agradable y relajado que es bastante suave pero no insignificante.<\/li>\n<\/ul>\n<ul>\n<li style=\"list-style-type: none;\"><\/li>\n<\/ul>","protected":false},"featured_media":19685,"comment_status":"open","ping_status":"closed","template":"","meta":{"inline_featured_image":false},"product_cat":[352,357,360],"product_tag":[244,76],"class_list":{"0":"post-19651","1":"product","2":"type-product","3":"status-publish","4":"has-post-thumbnail","6":"product_brand-mari-swiss","7":"product_cat-cbd","8":"product_cat-resines-de-cbd","9":"product_cat-thcp","10":"product_tag-hash","11":"product_tag-indoor","13":"first","14":"instock","15":"sale","16":"taxable","17":"shipping-taxable","18":"purchasable","19":"product-type-variable","20":"has-default-attributes"},"jetpack_sharing_enabled":true,"_links":{"self":[{"href":"https:\/\/mariswiss.com\/es\/wp-json\/wp\/v2\/product\/19651","targetHints":{"allow":["GET"]}}],"collection":[{"href":"https:\/\/mariswiss.com\/es\/wp-json\/wp\/v2\/product"}],"about":[{"href":"https:\/\/mariswiss.com\/es\/wp-json\/wp\/v2\/types\/product"}],"replies":[{"embeddable":true,"href":"https:\/\/mariswiss.com\/es\/wp-json\/wp\/v2\/comments?post=19651"}],"wp:featuredmedia":[{"embeddable":true,"href":"https:\/\/mariswiss.com\/es\/wp-json\/wp\/v2\/media\/19685"}],"wp:attachment":[{"href":"https:\/\/mariswiss.com\/es\/wp-json\/wp\/v2\/media?parent=19651"}],"wp:term":[{"taxonomy":"product_cat","embeddable":true,"href":"https:\/\/mariswiss.com\/es\/wp-json\/wp\/v2\/product_cat?post=19651"},{"taxonomy":"product_tag","embeddable":true,"href":"https:\/\/mariswiss.com\/es\/wp-json\/wp\/v2\/product_tag?post=19651"}],"curies":[{"name":"wp","href":"https:\/\/api.w.org\/{rel}","templated":true}]}}