{"id":19657,"date":"2024-11-05T16:23:55","date_gmt":"2024-11-05T16:23:55","guid":{"rendered":"https:\/\/mariswiss.com\/?post_type=product&#038;p=19657"},"modified":"2026-04-17T09:03:53","modified_gmt":"2026-04-17T09:03:53","slug":"hash-bekaa-rouge","status":"publish","type":"product","link":"https:\/\/mariswiss.com\/es\/product\/hash-bekaa-rouge\/","title":{"rendered":"Hash Rojo Bekaa"},"content":{"rendered":"","protected":false},"excerpt":{"rendered":"<p><strong>Hash Rojo Bekaa<\/strong><\/p>\n<ul>\n<li>Origen: Este producto se elabora en Suiza a partir de flores p\u00farpuras congeladas criog\u00e9nicamente, lo que le confiere su magn\u00edfico y caracter\u00edstico color p\u00farpura. Se prensa en fr\u00edo, lo que realza sus vivos colores.<\/li>\n<li>Aspecto: Resina blanda, masticable y muy f\u00e1cil de desmenuzar. Casi no necesita calor ni fuego.<\/li>\n<li>Olor \/ Sabor: Notas dulces que destacan, para una resina con sabor, tanto cuando se prepara como cuando se consume.<\/li>\n<li>Contenido en CBD \/ Efectos: Con 25% de CBD, este es un hach\u00eds relajante.<\/li>\n<\/ul>\n<ul>\n<li style=\"list-style-type: none;\"><\/li>\n<\/ul>","protected":false},"featured_media":19686,"comment_status":"open","ping_status":"closed","template":"","meta":{"inline_featured_image":false},"product_cat":[352,357],"product_tag":[244,76],"class_list":{"0":"post-19657","1":"product","2":"type-product","3":"status-publish","4":"has-post-thumbnail","6":"product_brand-mari-swiss","7":"product_cat-cbd","8":"product_cat-resines-de-cbd","9":"product_tag-hash","10":"product_tag-indoor","12":"first","13":"instock","14":"sale","15":"taxable","16":"shipping-taxable","17":"purchasable","18":"product-type-variable","19":"has-default-attributes"},"jetpack_sharing_enabled":true,"_links":{"self":[{"href":"https:\/\/mariswiss.com\/es\/wp-json\/wp\/v2\/product\/19657","targetHints":{"allow":["GET"]}}],"collection":[{"href":"https:\/\/mariswiss.com\/es\/wp-json\/wp\/v2\/product"}],"about":[{"href":"https:\/\/mariswiss.com\/es\/wp-json\/wp\/v2\/types\/product"}],"replies":[{"embeddable":true,"href":"https:\/\/mariswiss.com\/es\/wp-json\/wp\/v2\/comments?post=19657"}],"wp:featuredmedia":[{"embeddable":true,"href":"https:\/\/mariswiss.com\/es\/wp-json\/wp\/v2\/media\/19686"}],"wp:attachment":[{"href":"https:\/\/mariswiss.com\/es\/wp-json\/wp\/v2\/media?parent=19657"}],"wp:term":[{"taxonomy":"product_cat","embeddable":true,"href":"https:\/\/mariswiss.com\/es\/wp-json\/wp\/v2\/product_cat?post=19657"},{"taxonomy":"product_tag","embeddable":true,"href":"https:\/\/mariswiss.com\/es\/wp-json\/wp\/v2\/product_tag?post=19657"}],"curies":[{"name":"wp","href":"https:\/\/api.w.org\/{rel}","templated":true}]}}