{"id":20270,"date":"2025-05-20T10:07:58","date_gmt":"2025-05-20T10:07:58","guid":{"rendered":"https:\/\/mariswiss.com\/?post_type=product&#038;p=20270"},"modified":"2026-04-02T21:04:40","modified_gmt":"2026-04-02T21:04:40","slug":"og-brown-thv","status":"publish","type":"product","link":"https:\/\/mariswiss.com\/es\/product\/og-brown-thv\/","title":{"rendered":"OG BROWN THV"},"content":{"rendered":"","protected":false},"excerpt":{"rendered":"<p><strong>OG BROWN THV<\/strong><\/p>\n<ul>\n<li>Origine: Ce hash OG Brown THV est fait \u00e0 partir de fleurs indoors. Le pollen est tamis\u00e9 \u00e0 120 microns, et donc cela assure une excellente qualit\u00e9 de pollen. Il est ensuite travaill\u00e9 par des sp\u00e9cialistes en r\u00e9sines CBD, qui y ajoute le distillat de THV, totalement l\u00e9gal.<\/li>\n<li>Aspect: Une r\u00e9sine fonc\u00e9 et plut\u00f4t compacte et l\u00e9g\u00e8rement huileuse. Tr\u00e8s facile d&#8217;utilisation<\/li>\n<li>Odeur \/ Go\u00fbt: Ce hash est connu pour avoir des notes plut\u00f4t naturelles et une touche de fruit\u00e9, qui rappellent les r\u00e9sines d&#8217;antan<\/li>\n<li>Taux de CBD \/ Effets : Contenant 24% de CBD et 10% de la nouvelle mol\u00e9cule l\u00e9gale le THV, c&#8217;est une r\u00e9sine puissante et qui donne des effets forts.<\/li>\n<\/ul>\n<ul>\n<li style=\"list-style-type: none;\"><\/li>\n<\/ul>","protected":false},"featured_media":20276,"comment_status":"open","ping_status":"closed","template":"","meta":{"inline_featured_image":false},"product_cat":[357,360,362],"product_tag":[244,76,494],"class_list":{"0":"post-20270","1":"product","2":"type-product","3":"status-publish","4":"has-post-thumbnail","6":"product_brand-mari-swiss","7":"product_cat-resines-de-cbd","8":"product_cat-thcp","9":"product_cat-resines-de-thcp","10":"product_tag-hash","11":"product_tag-indoor","12":"product_tag-thv","14":"first","15":"instock","16":"sale","17":"taxable","18":"shipping-taxable","19":"purchasable","20":"product-type-variable","21":"has-default-attributes"},"jetpack_sharing_enabled":true,"_links":{"self":[{"href":"https:\/\/mariswiss.com\/es\/wp-json\/wp\/v2\/product\/20270","targetHints":{"allow":["GET"]}}],"collection":[{"href":"https:\/\/mariswiss.com\/es\/wp-json\/wp\/v2\/product"}],"about":[{"href":"https:\/\/mariswiss.com\/es\/wp-json\/wp\/v2\/types\/product"}],"replies":[{"embeddable":true,"href":"https:\/\/mariswiss.com\/es\/wp-json\/wp\/v2\/comments?post=20270"}],"wp:featuredmedia":[{"embeddable":true,"href":"https:\/\/mariswiss.com\/es\/wp-json\/wp\/v2\/media\/20276"}],"wp:attachment":[{"href":"https:\/\/mariswiss.com\/es\/wp-json\/wp\/v2\/media?parent=20270"}],"wp:term":[{"taxonomy":"product_cat","embeddable":true,"href":"https:\/\/mariswiss.com\/es\/wp-json\/wp\/v2\/product_cat?post=20270"},{"taxonomy":"product_tag","embeddable":true,"href":"https:\/\/mariswiss.com\/es\/wp-json\/wp\/v2\/product_tag?post=20270"}],"curies":[{"name":"wp","href":"https:\/\/api.w.org\/{rel}","templated":true}]}}