{"id":8371,"date":"2023-10-13T12:27:19","date_gmt":"2023-10-13T12:27:19","guid":{"rendered":"https:\/\/mariswiss.com\/?post_type=product&#038;p=8371"},"modified":"2025-07-11T08:19:22","modified_gmt":"2025-07-11T08:19:22","slug":"raw-connoisseur-king-size-slim-filtres","status":"publish","type":"product","link":"https:\/\/mariswiss.com\/es\/product\/raw-connoisseur-king-size-slim-filtres\/","title":{"rendered":"Raw Connoisseur King Size Slim + Filtros"},"content":{"rendered":"<p>RAW King Size Slim + Filtros. 2 elementos esenciales combinados en un solo paquete para facilitar su consumo. Las hojas contienen una mezcla h\u00edbrida de fibras sin blanquear (no blanqueadas con cloro). El papel es de un color marr\u00f3n claro transl\u00facido natural. Es tan fino que se puede ver a trav\u00e9s de \u00e9l. Cada papel lleva la marca de agua patentada CrissCross.<\/p>\n<p>Para garantizarle la mejor experiencia de degustaci\u00f3n posible, s\u00f3lo vendemos productos de la m\u00e1xima calidad, reconocidos en todo el mundo por su fina estructura y, sobre todo, elaborados con materiales y materias primas de primera calidad.<\/p>\n<p>Los precios tambi\u00e9n son muy atractivos para este tipo de productos, \u00a1as\u00ed que no dude en a\u00f1adirlos a su pedido!<\/p>","protected":false},"excerpt":{"rendered":"<p><strong>32 hojas y 32 filtros por paquete<\/strong><\/p>\n<p>Raw Connoisseur King Size Slim hojas y filtros en un solo paquete. El RAW Connoisseur combina dos elementos esenciales para su consumo en un solo dise\u00f1o.<br \/>\nLos papeles RAW contienen una mezcla h\u00edbrida de fibras sin blanquear (no blanqueadas con cloro), el papel es de un color marr\u00f3n claro transl\u00facido natural. RAW es tan fino que se puede ver a trav\u00e9s de \u00e9l. Todos los papeles llevan la marca de agua patentada CrissCross. Esta marca de agua especial evita el sangrado y preserva las caracter\u00edsticas de quemado uniforme que nos han hecho famosos.<br \/>\nLos filtros RAW est\u00e1n fabricados con papel 100% sin cloro.<\/p>","protected":false},"featured_media":8372,"comment_status":"open","ping_status":"closed","template":"","meta":{"inline_featured_image":false},"product_cat":[15,366,369],"product_tag":[217,218],"class_list":{"0":"post-8371","1":"product","2":"type-product","3":"status-publish","4":"has-post-thumbnail","6":"product_brand-raw","7":"product_cat-uncategorized","8":"product_cat-accessoires","9":"product_cat-feuilles-a-rouler","10":"product_tag-feuilles","11":"product_tag-filtres","13":"first","14":"outofstock","15":"taxable","16":"shipping-taxable","17":"purchasable","18":"product-type-simple"},"jetpack_sharing_enabled":true,"_links":{"self":[{"href":"https:\/\/mariswiss.com\/es\/wp-json\/wp\/v2\/product\/8371","targetHints":{"allow":["GET"]}}],"collection":[{"href":"https:\/\/mariswiss.com\/es\/wp-json\/wp\/v2\/product"}],"about":[{"href":"https:\/\/mariswiss.com\/es\/wp-json\/wp\/v2\/types\/product"}],"replies":[{"embeddable":true,"href":"https:\/\/mariswiss.com\/es\/wp-json\/wp\/v2\/comments?post=8371"}],"wp:featuredmedia":[{"embeddable":true,"href":"https:\/\/mariswiss.com\/es\/wp-json\/wp\/v2\/media\/8372"}],"wp:attachment":[{"href":"https:\/\/mariswiss.com\/es\/wp-json\/wp\/v2\/media?parent=8371"}],"wp:term":[{"taxonomy":"product_cat","embeddable":true,"href":"https:\/\/mariswiss.com\/es\/wp-json\/wp\/v2\/product_cat?post=8371"},{"taxonomy":"product_tag","embeddable":true,"href":"https:\/\/mariswiss.com\/es\/wp-json\/wp\/v2\/product_tag?post=8371"}],"curies":[{"name":"wp","href":"https:\/\/api.w.org\/{rel}","templated":true}]}}