{"id":8380,"date":"2023-10-13T12:27:19","date_gmt":"2023-10-13T12:27:19","guid":{"rendered":"https:\/\/mariswiss.com\/?post_type=product&#038;p=8380"},"modified":"2025-09-06T04:19:27","modified_gmt":"2025-09-06T04:19:27","slug":"raw-organic-king-size-slim-filtres","status":"publish","type":"product","link":"https:\/\/mariswiss.com\/es\/product\/raw-organic-king-size-slim-filtres\/","title":{"rendered":"Raw Organic King Size Slim + Filtros"},"content":{"rendered":"<p>RAW presenta el primer papel de liar completamente org\u00e1nico y vegano. Fabricados con m\u00e9todos sostenibles y ecol\u00f3gicos.<\/p>\n<p>Un papel que quema suavemente, para garantizar una degustaci\u00f3n de calidad y una excelente relajaci\u00f3n.<\/p>\n<p>Para garantizarle la mejor experiencia de degustaci\u00f3n posible, s\u00f3lo vendemos productos de primera calidad. Reconocidos en todo el mundo por su fina estructura y, sobre todo, elaborados con materiales y materias primas de primera calidad.<\/p>\n<p>Los precios tambi\u00e9n son muy atractivos para este tipo de productos, \u00a1as\u00ed que no dude en a\u00f1adirlos a su pedido!<\/p>","protected":false},"excerpt":{"rendered":"<p>RAW presenta el primer papel de liar completamente org\u00e1nico y vegano. Fabricado con m\u00e9todos sostenibles y ecol\u00f3gicos. Un papel que se quema suavemente, para garantizar una degustaci\u00f3n de calidad y una relajaci\u00f3n excelente.<\/p>","protected":false},"featured_media":8382,"comment_status":"open","ping_status":"closed","template":"","meta":{"inline_featured_image":false},"product_cat":[15,366,369],"product_tag":[217,218],"class_list":{"0":"post-8380","1":"product","2":"type-product","3":"status-publish","4":"has-post-thumbnail","6":"product_brand-raw","7":"product_cat-uncategorized","8":"product_cat-accessoires","9":"product_cat-feuilles-a-rouler","10":"product_tag-feuilles","11":"product_tag-filtres","13":"first","14":"instock","15":"taxable","16":"shipping-taxable","17":"purchasable","18":"product-type-simple"},"jetpack_sharing_enabled":true,"_links":{"self":[{"href":"https:\/\/mariswiss.com\/es\/wp-json\/wp\/v2\/product\/8380","targetHints":{"allow":["GET"]}}],"collection":[{"href":"https:\/\/mariswiss.com\/es\/wp-json\/wp\/v2\/product"}],"about":[{"href":"https:\/\/mariswiss.com\/es\/wp-json\/wp\/v2\/types\/product"}],"replies":[{"embeddable":true,"href":"https:\/\/mariswiss.com\/es\/wp-json\/wp\/v2\/comments?post=8380"}],"wp:featuredmedia":[{"embeddable":true,"href":"https:\/\/mariswiss.com\/es\/wp-json\/wp\/v2\/media\/8382"}],"wp:attachment":[{"href":"https:\/\/mariswiss.com\/es\/wp-json\/wp\/v2\/media?parent=8380"}],"wp:term":[{"taxonomy":"product_cat","embeddable":true,"href":"https:\/\/mariswiss.com\/es\/wp-json\/wp\/v2\/product_cat?post=8380"},{"taxonomy":"product_tag","embeddable":true,"href":"https:\/\/mariswiss.com\/es\/wp-json\/wp\/v2\/product_tag?post=8380"}],"curies":[{"name":"wp","href":"https:\/\/api.w.org\/{rel}","templated":true}]}}