{"id":8460,"date":"2023-10-13T12:27:46","date_gmt":"2023-10-13T12:27:46","guid":{"rendered":"https:\/\/mariswiss.com\/?post_type=product&#038;p=8460"},"modified":"2025-07-11T08:19:22","modified_gmt":"2025-07-11T08:19:22","slug":"filtres-raw-wide-hemp-cotton-25mm","status":"publish","type":"product","link":"https:\/\/mariswiss.com\/es\/product\/filtres-raw-wide-hemp-cotton-25mm\/","title":{"rendered":"Filtros anchos de algod\u00f3n de c\u00e1\u00f1amo crudo de 25 mm"},"content":{"rendered":"<p>Raw siempre ha fabricado papeles excelentes sin productos qu\u00edmicos ni blanqueantes. Ahora han a\u00f1adido perforaciones a esta maravillosa capacidad.<br \/>\nLas puntas perforadas en crudo significan que ya no tiene excusa para liar un cigarrillo de mala calidad. Las perforaciones se pueden doblar para crear una forma de \"z\" en la cafetera. Esto aumenta el enfriamiento de su humo.<br \/>\nLas puntas son m\u00e1s anchas de lo habitual, lo que aumenta a\u00fan m\u00e1s la refrigeraci\u00f3n y las hace ideales para cigarrillos muy grandes.<br \/>\nFabricado con fibras naturales de c\u00e1\u00f1amo y algod\u00f3n.<\/p>\n<p>Para garantizarle la mejor experiencia de degustaci\u00f3n posible, s\u00f3lo vendemos productos de primera calidad. Son mundialmente conocidos por su estructura y, sobre todo, est\u00e1n elaborados con materiales y materias primas de primera calidad.<\/p>\n<p>Los precios tambi\u00e9n son muy atractivos para este tipo de productos, \u00a1as\u00ed que no dude en a\u00f1adirlos a su pedido!<\/p>","protected":false},"excerpt":{"rendered":"<p>Nibs crudos extra grandes<br \/>\nPerforado para rodar f\u00e1cilmente<br \/>\nTama\u00f1o: 55x25mm<br \/>\n50 plumillas por cuadernillo<\/p>\n<p>Pliegue en Z para filtrar mejor el humo<\/p>","protected":false},"featured_media":8461,"comment_status":"open","ping_status":"closed","template":"","meta":{"inline_featured_image":false},"product_cat":[15,366,368],"product_tag":[217,218],"class_list":{"0":"post-8460","1":"product","2":"type-product","3":"status-publish","4":"has-post-thumbnail","6":"product_brand-raw","7":"product_cat-uncategorized","8":"product_cat-accessoires","9":"product_cat-filtres","10":"product_tag-feuilles","11":"product_tag-filtres","13":"first","14":"instock","15":"taxable","16":"shipping-taxable","17":"purchasable","18":"product-type-simple"},"jetpack_sharing_enabled":true,"_links":{"self":[{"href":"https:\/\/mariswiss.com\/es\/wp-json\/wp\/v2\/product\/8460","targetHints":{"allow":["GET"]}}],"collection":[{"href":"https:\/\/mariswiss.com\/es\/wp-json\/wp\/v2\/product"}],"about":[{"href":"https:\/\/mariswiss.com\/es\/wp-json\/wp\/v2\/types\/product"}],"replies":[{"embeddable":true,"href":"https:\/\/mariswiss.com\/es\/wp-json\/wp\/v2\/comments?post=8460"}],"wp:featuredmedia":[{"embeddable":true,"href":"https:\/\/mariswiss.com\/es\/wp-json\/wp\/v2\/media\/8461"}],"wp:attachment":[{"href":"https:\/\/mariswiss.com\/es\/wp-json\/wp\/v2\/media?parent=8460"}],"wp:term":[{"taxonomy":"product_cat","embeddable":true,"href":"https:\/\/mariswiss.com\/es\/wp-json\/wp\/v2\/product_cat?post=8460"},{"taxonomy":"product_tag","embeddable":true,"href":"https:\/\/mariswiss.com\/es\/wp-json\/wp\/v2\/product_tag?post=8460"}],"curies":[{"name":"wp","href":"https:\/\/api.w.org\/{rel}","templated":true}]}}