{"id":8805,"date":"2023-10-13T12:28:19","date_gmt":"2023-10-13T12:28:19","guid":{"rendered":"https:\/\/mariswiss.com\/?post_type=product&#038;p=8805"},"modified":"2025-07-11T08:18:37","modified_gmt":"2025-07-11T08:18:37","slug":"blunt-wrap-double-platinum-jade-watermelon","status":"publish","type":"product","link":"https:\/\/mariswiss.com\/es\/product\/blunt-wrap-double-platinum-jade-watermelon\/","title":{"rendered":"Blunt Wrap Doble Platino Jade | Sand\u00eda"},"content":{"rendered":"<p>Blunt es un\u00a0<b>tipo de papel de fumar<\/b>\u00a0y un t\u00e9rmino utilizado para describir<i>\u00a0grandes articulaciones.\u00a0<\/i>Una hoja roma es una\u00a0<b><a href=\"https:\/\/mariswiss.com\/es\/product\/blunt-wrap-double-platinum-purple\/\">hoja de tabaco natural<\/a>,\u00a0<\/b>que pueden aromatizarse para dar m\u00e1s sabor a nuestra comida. <a href=\"https:\/\/mariswiss.com\/es\/7808-2\/\">cannabis<\/a>.<\/p>\n<p>Los raperos y cantantes de hip-hop estadounidenses fueron los primeros en utilizar este t\u00e9rmino.<b>\u00a0papel de liar para hacer las juntas.<\/b>\u00a0Era una buena manera de pasar desapercibido, porque<i>\u00a0se parec\u00edan m\u00e1s a los puros Cohiba producidos en Cuba<\/i>.<\/p>","protected":false},"excerpt":{"rendered":"<p><strong>Doble envoltura roma de jade platino.<\/strong><\/p>\n<p><strong>2 por paquete.<\/strong><br \/>\n<strong>Sabor sand\u00eda.<\/strong><br \/>\nDisfrute de nuestros otros sabores de <a href=\"https:\/\/mariswiss.com\/es\/product\/blunt-wrap-double-platinum-green-apple-martini\/\">Envoltura roma<\/a>.<br \/>\nAfrutado, <a href=\"https:\/\/mariswiss.com\/es\/product\/blunt-wrap-double-platinum-blue-blueberry-burst\/\">ex\u00f3tico<\/a>dulce - \u00a1hay para todos los gustos!<br \/>\nUn aut\u00e9ntico placer caribe\u00f1o para fumar, elaborado en la Rep\u00fablica Dominicana.<\/p>","protected":false},"featured_media":8790,"comment_status":"open","ping_status":"closed","template":"","meta":{"inline_featured_image":false},"product_cat":[15,366,367],"product_tag":[217,218],"class_list":{"0":"post-8805","1":"product","2":"type-product","3":"status-publish","4":"has-post-thumbnail","6":"product_brand-blunt-wrap-double-platinum","7":"product_cat-uncategorized","8":"product_cat-accessoires","9":"product_cat-blunt","10":"product_tag-feuilles","11":"product_tag-filtres","13":"first","14":"outofstock","15":"taxable","16":"shipping-taxable","17":"purchasable","18":"product-type-variable"},"jetpack_sharing_enabled":true,"_links":{"self":[{"href":"https:\/\/mariswiss.com\/es\/wp-json\/wp\/v2\/product\/8805","targetHints":{"allow":["GET"]}}],"collection":[{"href":"https:\/\/mariswiss.com\/es\/wp-json\/wp\/v2\/product"}],"about":[{"href":"https:\/\/mariswiss.com\/es\/wp-json\/wp\/v2\/types\/product"}],"replies":[{"embeddable":true,"href":"https:\/\/mariswiss.com\/es\/wp-json\/wp\/v2\/comments?post=8805"}],"wp:featuredmedia":[{"embeddable":true,"href":"https:\/\/mariswiss.com\/es\/wp-json\/wp\/v2\/media\/8790"}],"wp:attachment":[{"href":"https:\/\/mariswiss.com\/es\/wp-json\/wp\/v2\/media?parent=8805"}],"wp:term":[{"taxonomy":"product_cat","embeddable":true,"href":"https:\/\/mariswiss.com\/es\/wp-json\/wp\/v2\/product_cat?post=8805"},{"taxonomy":"product_tag","embeddable":true,"href":"https:\/\/mariswiss.com\/es\/wp-json\/wp\/v2\/product_tag?post=8805"}],"curies":[{"name":"wp","href":"https:\/\/api.w.org\/{rel}","templated":true}]}}