{"id":8826,"date":"2023-10-13T12:28:58","date_gmt":"2023-10-13T12:28:58","guid":{"rendered":"https:\/\/mariswiss.com\/?post_type=product&#038;p=8826"},"modified":"2026-01-10T15:06:29","modified_gmt":"2026-01-10T15:06:29","slug":"filtres-the-bulldog-natural-brown-slim","status":"publish","type":"product","link":"https:\/\/mariswiss.com\/es\/product\/filtres-the-bulldog-natural-brown-slim\/","title":{"rendered":"Filtros The Bulldog Natural Brown Slim"},"content":{"rendered":"<p>Para garantizarle la mejor experiencia de degustaci\u00f3n posible, s\u00f3lo vendemos productos de primera calidad. Son mundialmente conocidos por su estructura y, sobre todo, est\u00e1n elaborados con materiales y materias primas de primera calidad.<\/p>\n<p>Los precios tambi\u00e9n son muy atractivos para este tipo de productos, \u00a1as\u00ed que no dude en a\u00f1adirlos a su pedido!<\/p>","protected":false},"excerpt":{"rendered":"<p><strong>Los filtros Bulldog Natural Brown Slim.<\/strong><\/p>\n<p>Estos filtros de la coffeshop holandesa de culto \"The Bulldog\" no est\u00e1n blanqueados, lo que les confiere un color marr\u00f3n natural. Tambi\u00e9n est\u00e1n perforados, por lo que son muy f\u00e1ciles de enrollar. Para un placer de fumar respetuoso con el medio ambiente.<\/p>\n<p><strong>Dimensiones: 59x20mm<\/strong><\/p>\n<p><strong>33 filtros \/ cuaderno<\/strong><\/p>","protected":false},"featured_media":9094,"comment_status":"open","ping_status":"closed","template":"","meta":{"inline_featured_image":false},"product_cat":[15,366,368],"product_tag":[217,218],"class_list":{"0":"post-8826","1":"product","2":"type-product","3":"status-publish","4":"has-post-thumbnail","6":"product_brand-bulldog","7":"product_cat-uncategorized","8":"product_cat-accessoires","9":"product_cat-filtres","10":"product_tag-feuilles","11":"product_tag-filtres","13":"first","14":"instock","15":"taxable","16":"shipping-taxable","17":"purchasable","18":"product-type-simple"},"jetpack_sharing_enabled":true,"_links":{"self":[{"href":"https:\/\/mariswiss.com\/es\/wp-json\/wp\/v2\/product\/8826","targetHints":{"allow":["GET"]}}],"collection":[{"href":"https:\/\/mariswiss.com\/es\/wp-json\/wp\/v2\/product"}],"about":[{"href":"https:\/\/mariswiss.com\/es\/wp-json\/wp\/v2\/types\/product"}],"replies":[{"embeddable":true,"href":"https:\/\/mariswiss.com\/es\/wp-json\/wp\/v2\/comments?post=8826"}],"wp:featuredmedia":[{"embeddable":true,"href":"https:\/\/mariswiss.com\/es\/wp-json\/wp\/v2\/media\/9094"}],"wp:attachment":[{"href":"https:\/\/mariswiss.com\/es\/wp-json\/wp\/v2\/media?parent=8826"}],"wp:term":[{"taxonomy":"product_cat","embeddable":true,"href":"https:\/\/mariswiss.com\/es\/wp-json\/wp\/v2\/product_cat?post=8826"},{"taxonomy":"product_tag","embeddable":true,"href":"https:\/\/mariswiss.com\/es\/wp-json\/wp\/v2\/product_tag?post=8826"}],"curies":[{"name":"wp","href":"https:\/\/api.w.org\/{rel}","templated":true}]}}