{"id":8844,"date":"2023-10-13T12:28:58","date_gmt":"2023-10-13T12:28:58","guid":{"rendered":"https:\/\/mariswiss.com\/?post_type=product&#038;p=8844"},"modified":"2025-07-11T08:18:31","modified_gmt":"2025-07-11T08:18:31","slug":"filtres-a-charbon-active-actitube-slim-compact-travel-size","status":"publish","type":"product","link":"https:\/\/mariswiss.com\/es\/product\/filtres-a-charbon-active-actitube-slim-compact-travel-size\/","title":{"rendered":"Filtros de carb\u00f3n activo Actitube | Slim Compact Travel Size"},"content":{"rendered":"<p>Filtros de carb\u00f3n Actitube<\/p>\n<p>- Dimensiones del filtro: 7 x 27 mm<br \/>\n- Tapas de cer\u00e1mica en ambos lados<br \/>\n- Dimensiones del embalaje: aprox. 19 x 36 x 36 mm<br \/>\n- 10 filtros por paquete<\/p>","protected":false},"excerpt":{"rendered":"<p>Este nuevo producto de actiTube cabe en cualquier bolsillo, por peque\u00f1o que sea.<\/p>\n<p>Aqu\u00ed est\u00e1n los filtros de carb\u00f3n activado de actiTube (antes TUNE) en un nuevo formato de envase, que le permite hacer paquetes que ahorran espacio.<br \/>\nLos paquetes extrapeque\u00f1os contienen 10 filtros actiTube slim cada uno y caben f\u00e1cilmente en cualquier mochila, bolsillo o bolsa de tabaco.<\/p>\n<p>\u00bfEstos filtros prometen?<br \/>\n- reducir la absorci\u00f3n de alquitr\u00e1n en las v\u00edas respiratorias.<br \/>\n- que cada calada tiene un agradable sabor fresco, dulce y seco.<br \/>\n- que no se obstruyan ni dejen escapar la condensaci\u00f3n.<\/p>","protected":false},"featured_media":9973,"comment_status":"open","ping_status":"closed","template":"","meta":{"inline_featured_image":false},"product_cat":[15,366,368],"product_tag":[217,218],"class_list":{"0":"post-8844","1":"product","2":"type-product","3":"status-publish","4":"has-post-thumbnail","6":"product_brand-actitube","7":"product_cat-uncategorized","8":"product_cat-accessoires","9":"product_cat-filtres","10":"product_tag-feuilles","11":"product_tag-filtres","13":"first","14":"instock","15":"taxable","16":"shipping-taxable","17":"purchasable","18":"product-type-simple"},"jetpack_sharing_enabled":true,"_links":{"self":[{"href":"https:\/\/mariswiss.com\/es\/wp-json\/wp\/v2\/product\/8844","targetHints":{"allow":["GET"]}}],"collection":[{"href":"https:\/\/mariswiss.com\/es\/wp-json\/wp\/v2\/product"}],"about":[{"href":"https:\/\/mariswiss.com\/es\/wp-json\/wp\/v2\/types\/product"}],"replies":[{"embeddable":true,"href":"https:\/\/mariswiss.com\/es\/wp-json\/wp\/v2\/comments?post=8844"}],"wp:featuredmedia":[{"embeddable":true,"href":"https:\/\/mariswiss.com\/es\/wp-json\/wp\/v2\/media\/9973"}],"wp:attachment":[{"href":"https:\/\/mariswiss.com\/es\/wp-json\/wp\/v2\/media?parent=8844"}],"wp:term":[{"taxonomy":"product_cat","embeddable":true,"href":"https:\/\/mariswiss.com\/es\/wp-json\/wp\/v2\/product_cat?post=8844"},{"taxonomy":"product_tag","embeddable":true,"href":"https:\/\/mariswiss.com\/es\/wp-json\/wp\/v2\/product_tag?post=8844"}],"curies":[{"name":"wp","href":"https:\/\/api.w.org\/{rel}","templated":true}]}}