{"id":8847,"date":"2023-10-13T12:28:58","date_gmt":"2023-10-13T12:28:58","guid":{"rendered":"https:\/\/mariswiss.com\/?post_type=product&#038;p=8847"},"modified":"2025-07-11T08:18:32","modified_gmt":"2025-07-11T08:18:32","slug":"filtres-a-charbon-active-actitube-extra-slim-6mm","status":"publish","type":"product","link":"https:\/\/mariswiss.com\/es\/product\/filtres-a-charbon-active-actitube-extra-slim-6mm\/","title":{"rendered":"Actitube| Filtros de carb\u00f3n activo Extra Slim de 6 mm"},"content":{"rendered":"<p>- Dimensiones del filtro: 6 x 27 mm<br \/>\n- Tapas de cer\u00e1mica en ambos lados<br \/>\n- 50 filtros por paquete<\/p>\n<p><strong>Consejos de invierno :<\/strong><\/p>\n<p>A temperaturas inferiores a 5\u00b0C, el filtro puede obstruirse. Esto se debe a la condensaci\u00f3n de humo en el interior del filtro.<\/p>\n<p>Por eso es aconsejable fumar en interiores durante la estaci\u00f3n fr\u00eda, o mantener el humo fuera de casa.\u00a0<a href=\"https:\/\/mariswiss.com\/es\/product-category\/accessoires\/filtres\/\">filtro<\/a>\u00a0hasta que lo enciendas.<\/p>\n<p>Para garantizarle la mejor experiencia de degustaci\u00f3n posible, s\u00f3lo vendemos productos de la m\u00e1xima calidad. Para fabricarlos se utilizan materiales de primera calidad, reconocidos en todo el mundo.<\/p>\n<p>Los precios tambi\u00e9n son muy atractivos para este tipo de productos, \u00a1as\u00ed que no dude en a\u00f1adirlos a su pedido!<\/p>","protected":false},"excerpt":{"rendered":"<p>Filtros de carb\u00f3n <a href=\"https:\/\/mariswiss.com\/es\/product\/filtres-a-charbon-active-actitube-slim-compact-travel-size\/\"><strong>ActiTube<\/strong><\/a> <strong>Extra<\/strong> <strong>Slim<\/strong>\u00a0se han dise\u00f1ado para filtrar una gran proporci\u00f3n de sustancias nocivas mediante carb\u00f3n activado.<\/p>\n<p>Para estos filtros, actiTube ha reducido el grado de relleno. Como resultado, se reduce la protecci\u00f3n de las v\u00edas respiratorias, pero sigues obteniendo TODO EL SABOR de fumar tus roll-ups.<\/p>\n<p>Tiene la particularidad de retener ciertos elementos como la nicotina y el alquitr\u00e1n, que se forman al quemar los cigarrillos, as\u00ed como otras sustancias nocivas.<\/p>\n<p>Cuando el humo pasa a trav\u00e9s de un filtro de carb\u00f3n activado, gran parte del alquitr\u00e1n nocivo del humo se adhiere al carb\u00f3n activado.<\/p>\n<p>El humo es menos nocivo, enfriado por una punta de cer\u00e1mica que lo hace m\u00e1s suave, el sabor del tabaco se aten\u00faa pero no el de la hierba, y el efecto \"golpe\" no se altera.<\/p>","protected":false},"featured_media":9974,"comment_status":"open","ping_status":"closed","template":"","meta":{"inline_featured_image":false},"product_cat":[15,366,368],"product_tag":[217,218],"class_list":{"0":"post-8847","1":"product","2":"type-product","3":"status-publish","4":"has-post-thumbnail","6":"product_brand-actitube","7":"product_cat-uncategorized","8":"product_cat-accessoires","9":"product_cat-filtres","10":"product_tag-feuilles","11":"product_tag-filtres","13":"first","14":"instock","15":"sale","16":"taxable","17":"shipping-taxable","18":"purchasable","19":"product-type-simple"},"jetpack_sharing_enabled":true,"_links":{"self":[{"href":"https:\/\/mariswiss.com\/es\/wp-json\/wp\/v2\/product\/8847","targetHints":{"allow":["GET"]}}],"collection":[{"href":"https:\/\/mariswiss.com\/es\/wp-json\/wp\/v2\/product"}],"about":[{"href":"https:\/\/mariswiss.com\/es\/wp-json\/wp\/v2\/types\/product"}],"replies":[{"embeddable":true,"href":"https:\/\/mariswiss.com\/es\/wp-json\/wp\/v2\/comments?post=8847"}],"wp:featuredmedia":[{"embeddable":true,"href":"https:\/\/mariswiss.com\/es\/wp-json\/wp\/v2\/media\/9974"}],"wp:attachment":[{"href":"https:\/\/mariswiss.com\/es\/wp-json\/wp\/v2\/media?parent=8847"}],"wp:term":[{"taxonomy":"product_cat","embeddable":true,"href":"https:\/\/mariswiss.com\/es\/wp-json\/wp\/v2\/product_cat?post=8847"},{"taxonomy":"product_tag","embeddable":true,"href":"https:\/\/mariswiss.com\/es\/wp-json\/wp\/v2\/product_tag?post=8847"}],"curies":[{"name":"wp","href":"https:\/\/api.w.org\/{rel}","templated":true}]}}