{"id":8850,"date":"2023-10-13T12:28:57","date_gmt":"2023-10-13T12:28:57","guid":{"rendered":"https:\/\/mariswiss.com\/?post_type=product&#038;p=8850"},"modified":"2025-07-11T08:18:33","modified_gmt":"2025-07-11T08:18:33","slug":"filtres-gizeh-slim","status":"publish","type":"product","link":"https:\/\/mariswiss.com\/es\/product\/filtres-gizeh-slim\/","title":{"rendered":"Filtros GIZEH Slim"},"content":{"rendered":"<p>Gizeh es una marca alemana especializada en todo lo relacionado con los fumadores. Su presencia en el mercado desde hace d\u00e9cadas les ha permitido adquirir una experiencia inigualable en este campo.<\/p>\n<p>Para garantizarle la mejor experiencia de degustaci\u00f3n posible, s\u00f3lo vendemos productos de primera calidad. Son mundialmente conocidos por su estructura y, sobre todo, est\u00e1n elaborados con materiales y materias primas de primera calidad.<\/p>\n<p>Los precios tambi\u00e9n son muy atractivos para este tipo de productos, \u00a1as\u00ed que no dude en a\u00f1adirlos a su pedido!<\/p>","protected":false},"excerpt":{"rendered":"<p>- Dimensiones: 20 x 60 mm<br \/>\n- Perforado<br \/>\n- Sin cloro ni productos qu\u00edmicos<br \/>\n- 35 filtros \/ paquete<\/p>","protected":false},"featured_media":9092,"comment_status":"open","ping_status":"closed","template":"","meta":{"inline_featured_image":false},"product_cat":[15,366,368],"product_tag":[217,218],"class_list":{"0":"post-8850","1":"product","2":"type-product","3":"status-publish","4":"has-post-thumbnail","6":"product_brand-gizeh","7":"product_cat-uncategorized","8":"product_cat-accessoires","9":"product_cat-filtres","10":"product_tag-feuilles","11":"product_tag-filtres","13":"first","14":"instock","15":"taxable","16":"shipping-taxable","17":"purchasable","18":"product-type-simple"},"jetpack_sharing_enabled":true,"_links":{"self":[{"href":"https:\/\/mariswiss.com\/es\/wp-json\/wp\/v2\/product\/8850","targetHints":{"allow":["GET"]}}],"collection":[{"href":"https:\/\/mariswiss.com\/es\/wp-json\/wp\/v2\/product"}],"about":[{"href":"https:\/\/mariswiss.com\/es\/wp-json\/wp\/v2\/types\/product"}],"replies":[{"embeddable":true,"href":"https:\/\/mariswiss.com\/es\/wp-json\/wp\/v2\/comments?post=8850"}],"wp:featuredmedia":[{"embeddable":true,"href":"https:\/\/mariswiss.com\/es\/wp-json\/wp\/v2\/media\/9092"}],"wp:attachment":[{"href":"https:\/\/mariswiss.com\/es\/wp-json\/wp\/v2\/media?parent=8850"}],"wp:term":[{"taxonomy":"product_cat","embeddable":true,"href":"https:\/\/mariswiss.com\/es\/wp-json\/wp\/v2\/product_cat?post=8850"},{"taxonomy":"product_tag","embeddable":true,"href":"https:\/\/mariswiss.com\/es\/wp-json\/wp\/v2\/product_tag?post=8850"}],"curies":[{"name":"wp","href":"https:\/\/api.w.org\/{rel}","templated":true}]}}