{"id":9605,"date":"2023-10-12T13:52:56","date_gmt":"2023-10-12T13:52:56","guid":{"rendered":"https:\/\/mariswiss.com\/?post_type=product&#038;p=9605"},"modified":"2025-07-11T08:19:26","modified_gmt":"2025-07-11T08:19:26","slug":"boite-de-25-paquets-de-feuilles-a-rouler-dark-horse-black-king-size-slim","status":"publish","type":"product","link":"https:\/\/mariswiss.com\/es\/product\/boite-de-25-paquets-de-feuilles-a-rouler-dark-horse-black-king-size-slim\/","title":{"rendered":"Caja de 25 paquetes de hojas de liar - Negro Dark Horse - King Size Slim"},"content":{"rendered":"","protected":false},"excerpt":{"rendered":"<p>Caja de 25 Paquetes de Hojas Enrollables - Negro Dark Horse - King Size Slim.<\/p>\n<p>No s\u00f3lo para los amantes de los caballos, \u00a1sino para cualquiera a quien le guste fumar papeles King Size!<\/p>\n<p>Estos papeles largos y finos proceden de la Black-Edition de Dark Horse y ofrecen una combusti\u00f3n lenta y uniforme. La l\u00ednea de goma est\u00e1 hecha de goma ar\u00e1biga natural 100%.<\/p>\n<ul>\n<li>Dimensiones: aprox. 44 x 109 mm.<\/li>\n<li>Peso: 14 gramos por m\u00b2.<\/li>\n<li>34 hojas por paquete.<\/li>\n<li>25 paquetes por caja.<\/li>\n<\/ul>","protected":false},"featured_media":9606,"comment_status":"open","ping_status":"closed","template":"","meta":{"inline_featured_image":false},"product_cat":[15,366,369],"product_tag":[217,218,222],"class_list":{"0":"post-9605","1":"product","2":"type-product","3":"status-publish","4":"has-post-thumbnail","6":"product_brand-dark-horse","7":"product_cat-uncategorized","8":"product_cat-accessoires","9":"product_cat-feuilles-a-rouler","10":"product_tag-feuilles","11":"product_tag-filtres","12":"product_tag-king-size-slim","14":"first","15":"instock","16":"taxable","17":"shipping-taxable","18":"purchasable","19":"product-type-simple"},"jetpack_sharing_enabled":true,"_links":{"self":[{"href":"https:\/\/mariswiss.com\/es\/wp-json\/wp\/v2\/product\/9605","targetHints":{"allow":["GET"]}}],"collection":[{"href":"https:\/\/mariswiss.com\/es\/wp-json\/wp\/v2\/product"}],"about":[{"href":"https:\/\/mariswiss.com\/es\/wp-json\/wp\/v2\/types\/product"}],"replies":[{"embeddable":true,"href":"https:\/\/mariswiss.com\/es\/wp-json\/wp\/v2\/comments?post=9605"}],"wp:featuredmedia":[{"embeddable":true,"href":"https:\/\/mariswiss.com\/es\/wp-json\/wp\/v2\/media\/9606"}],"wp:attachment":[{"href":"https:\/\/mariswiss.com\/es\/wp-json\/wp\/v2\/media?parent=9605"}],"wp:term":[{"taxonomy":"product_cat","embeddable":true,"href":"https:\/\/mariswiss.com\/es\/wp-json\/wp\/v2\/product_cat?post=9605"},{"taxonomy":"product_tag","embeddable":true,"href":"https:\/\/mariswiss.com\/es\/wp-json\/wp\/v2\/product_tag?post=9605"}],"curies":[{"name":"wp","href":"https:\/\/api.w.org\/{rel}","templated":true}]}}